{"id":72989,"date":"2021-02-21T19:24:52","date_gmt":"2021-02-21T19:24:52","guid":{"rendered":"https:\/\/www.autonvaraosahaku.fi\/?product=meyle-614-065-0004-oljynsuodatin"},"modified":"2021-02-21T19:24:54","modified_gmt":"2021-02-21T19:24:54","slug":"meyle-614-065-0004-oljynsuodatin","status":"publish","type":"product","link":"https:\/\/www.autonvaraosahaku.fi\/?product=meyle-614-065-0004-oljynsuodatin","title":{"rendered":"MEYLE 614 065 0004 \u00d6ljynsuodatin"},"content":{"rendered":"<p>L\u00e4pimitta [mm]: 77; Suodatintyyppi: Ruuvattava suodatin; Kierremitta: M18x1,5; Korkeus (mm): 79,5; lis\u00e4tieto: ORIGINAL Quality; Moottorinumerosta: 13-1486847; CHEVROLET: CAPTIVA C100, C140,NUBIRA Kombi,CRUZE J300,KALOS,LACETTI J200,AVEO Stufenheck T250, T255,REZZO,KALOS Stufenheck,EVANDA,NUBIRA Stufenheck; DAEWOO: KALOS KLAS,REZZO KLAU,LANOS KLAT,EVANDA KLAL,LACETTI Schr\u00e4gheck KLAN,NUBIRA Stufenheck KLAN,KALOS Stufenheck KLAS,NUBIRA Wagon KLAN,NUBIRA Wagon KLAJ,LANOS Stufenheck KLAT,LEGANZA KLAV,NEXIA KLETN,NUBIRA Stufenheck KLAJ,ESPERO KLEJ,NUBIRA KLAJ,NEXIA Stufenheck KLETN; SAAB: 9000 Schr\u00e4gheck,900 II Cabriolet,900 II,9000,900 II Coupe; OPEL: ZAFIRA A F75_,ASTRA G CC F48_, F08_,OMEGA A 16_, 17_, 19_,ASTRA G Caravan F35_,CORSA B 73_, 78_, 79_,VECTRA C Caravan,VECTRA C,VECTRA B 36_,ASTRA F CC 53_, 54_, 58_, 59_,OMEGA B Caravan 21_, 22_, 23_,OMEGA B 25_, 26_, 27_,VECTRA C GTS,ANTARA,VECTRA B Caravan 31_,ASTRA F Caravan 51_, 52_,FRONTERA B 6B_,ASTRA G Coupe F07_,ASTRA G Stufenheck F69_,CALIBRA A 85_,VECTRA B CC 38_,VECTRA A 86_, 87_,ASTRA F Cabriolet 53_B,ASTRA F 56_, 57_,KADETT E CC 33_, 34_, 43_, 44_,SINTRA,FRONTERA A Sport 5_SUD2,TIGRA 95_,CORSA A CC 93_, 94_, 98_, 99_,FRONTERA A 5_MWL4,MANTA B 58_, 59_,VECTRA A CC 88_, 89_,COMBO 71_,KADETT E Cabriolet 43B_,ASCONA C 81_, 86_, 87_, 88_,REKORD E 17_-19_, 11_, 14_, 16_,OMEGA A Caravan 66_, 67_,ASTRA F CLASSIC CC,CORSA A TR 91_, 92_, 96_, 97_,KADETT D 31_-34_, 41_-44_,ASTRA F CLASSIC Stufenheck,ASTRA F CLASSIC Caravan,KADETT E 39_, 49_,CORSA B Kasten 73_,ASCONA C CC 84_, 89_,ASTRA G Kasten F70,KADETT E Caravan 35_, 36_, 45_, 46_,CORSA B Kombi F35,MANTA B C; VAUXHALL: CALIBRA,ZAFIRA Mk I A F75,CORSA Mk II C W5L, F08,ASTRA Mk IV G CC,ANTARA J26, H26,ASTRA Mk III F CC,FRONTERA Mk II B,CORSA Mk I B,CORSAVAN Mk II C,ASTRA Mk IV G Sedan,OMEGA B,ASTRA Mk II CC,VECTRA B CC,FRONTERA Mk I A,CAVALIER Mk III 87,VECTRA B Estate,VECTRA B,FRONTERA Mk I A Sport,ASTRA Mk III F Estate,ASTRAVAN Mk IV G,CARLTON Mk II Estate,ASTRA Mk IV G Coupe F67,CAVALIER Mk III CC,COMBO Mk I B,TIGRA Mk I F07,OMEGA B Estate,ASTRAVAN Mk III F,ASTRA Mk IV G Estate,CAVALIER Mk II CC,NOVA,NOVA CC,CARLTON Mk III; 93745067, 94797406, 96458873, EC94797406, 93745067, 94797406, 96458873, EC94797406, 96458873, 0650104, 0650381, 0650389, 0650401, 650104, 650381, 650389, 650401, 4502696, 0650389, 0650401, 650389, 650401<\/p>\n","protected":false},"excerpt":{"rendered":"<p>MEYLE \u00d6ljynsuodatin 614 065 0004  CHEVROLET,DAEWOO,SAAB,CAPTIVA C100, C140,NUBIRA Kombi,CRUZE J300,KALOS,LACETTI J200,AVEO Stufenheck T250, T255,REZZO<\/p>\n","protected":false},"featured_media":0,"template":"","meta":{"site-sidebar-layout":"default","site-content-layout":"default","ast-global-header-display":"","ast-main-header-display":"","ast-hfb-above-header-display":"","ast-hfb-below-header-display":"","ast-hfb-mobile-header-display":"","site-post-title":"","ast-breadcrumbs-content":"","ast-featured-img":"","footer-sml-layout":"","theme-transparent-header-meta":"","adv-header-id-meta":"","stick-header-meta":"","header-above-stick-meta":"","header-main-stick-meta":"","header-below-stick-meta":""},"pwb-brand":[84],"product_cat":[30],"product_tag":[],"class_list":{"0":"post-72989","1":"product","2":"type-product","3":"status-publish","5":"pwb-brand-meyle","6":"product_cat-oljynsuodatin","7":"desktop-align-left","8":"tablet-align-left","9":"mobile-align-left","11":"first","12":"instock","13":"product-type-external"},"brands":[{"id":84,"name":"MEYLE","slug":"meyle"}],"_links":{"self":[{"href":"https:\/\/www.autonvaraosahaku.fi\/index.php?rest_route=\/wp\/v2\/product\/72989","targetHints":{"allow":["GET"]}}],"collection":[{"href":"https:\/\/www.autonvaraosahaku.fi\/index.php?rest_route=\/wp\/v2\/product"}],"about":[{"href":"https:\/\/www.autonvaraosahaku.fi\/index.php?rest_route=\/wp\/v2\/types\/product"}],"wp:attachment":[{"href":"https:\/\/www.autonvaraosahaku.fi\/index.php?rest_route=%2Fwp%2Fv2%2Fmedia&parent=72989"}],"wp:term":[{"taxonomy":"pwb-brand","embeddable":true,"href":"https:\/\/www.autonvaraosahaku.fi\/index.php?rest_route=%2Fwp%2Fv2%2Fpwb-brand&post=72989"},{"taxonomy":"product_cat","embeddable":true,"href":"https:\/\/www.autonvaraosahaku.fi\/index.php?rest_route=%2Fwp%2Fv2%2Fproduct_cat&post=72989"},{"taxonomy":"product_tag","embeddable":true,"href":"https:\/\/www.autonvaraosahaku.fi\/index.php?rest_route=%2Fwp%2Fv2%2Fproduct_tag&post=72989"}],"curies":[{"name":"wp","href":"https:\/\/api.w.org\/{rel}","templated":true}]}}