{"id":72990,"date":"2021-02-21T19:24:52","date_gmt":"2021-02-21T19:24:52","guid":{"rendered":"https:\/\/www.autonvaraosahaku.fi\/?product=meyle-359-202-0010-letku"},"modified":"2021-02-21T19:24:55","modified_gmt":"2021-02-21T19:24:55","slug":"meyle-359-202-0010-letku","status":"publish","type":"product","link":"https:\/\/www.autonvaraosahaku.fi\/?product=meyle-359-202-0010-letku","title":{"rendered":"MEYLE 359 202 0010 Letku"},"content":{"rendered":"<p>Asennuspuoli: Tasauss\u00e4ili\u00f6st\u00e4 hydrauliikkapumppuun; lis\u00e4tieto: ORIGINAL Quality; BMW: 3 E36,3 Coupe E36,Z3 E36,3 Cabriolet E36,3 Touring E36; 32411138419; Hydrauliikkaletku, Ohjaus<\/p>\n","protected":false},"excerpt":{"rendered":"<p>MEYLE Ohjaustehostimen Letku 359 202 0010 Hydrauliikkaletku, Ohjaus BMW,3 E36,3 Coupe E36,Z3 E36,3 Cabriolet E36,3 Touring E36<\/p>\n","protected":false},"featured_media":0,"template":"","meta":{"site-sidebar-layout":"default","site-content-layout":"default","ast-global-header-display":"","ast-main-header-display":"","ast-hfb-above-header-display":"","ast-hfb-below-header-display":"","ast-hfb-mobile-header-display":"","site-post-title":"","ast-breadcrumbs-content":"","ast-featured-img":"","footer-sml-layout":"","theme-transparent-header-meta":"","adv-header-id-meta":"","stick-header-meta":"","header-above-stick-meta":"","header-main-stick-meta":"","header-below-stick-meta":""},"pwb-brand":[84],"product_cat":[112],"product_tag":[],"class_list":{"0":"post-72990","1":"product","2":"type-product","3":"status-publish","5":"pwb-brand-meyle","6":"product_cat-letku","7":"desktop-align-left","8":"tablet-align-left","9":"mobile-align-left","11":"first","12":"instock","13":"product-type-external"},"brands":[{"id":84,"name":"MEYLE","slug":"meyle"}],"_links":{"self":[{"href":"https:\/\/www.autonvaraosahaku.fi\/index.php?rest_route=\/wp\/v2\/product\/72990","targetHints":{"allow":["GET"]}}],"collection":[{"href":"https:\/\/www.autonvaraosahaku.fi\/index.php?rest_route=\/wp\/v2\/product"}],"about":[{"href":"https:\/\/www.autonvaraosahaku.fi\/index.php?rest_route=\/wp\/v2\/types\/product"}],"wp:attachment":[{"href":"https:\/\/www.autonvaraosahaku.fi\/index.php?rest_route=%2Fwp%2Fv2%2Fmedia&parent=72990"}],"wp:term":[{"taxonomy":"pwb-brand","embeddable":true,"href":"https:\/\/www.autonvaraosahaku.fi\/index.php?rest_route=%2Fwp%2Fv2%2Fpwb-brand&post=72990"},{"taxonomy":"product_cat","embeddable":true,"href":"https:\/\/www.autonvaraosahaku.fi\/index.php?rest_route=%2Fwp%2Fv2%2Fproduct_cat&post=72990"},{"taxonomy":"product_tag","embeddable":true,"href":"https:\/\/www.autonvaraosahaku.fi\/index.php?rest_route=%2Fwp%2Fv2%2Fproduct_tag&post=72990"}],"curies":[{"name":"wp","href":"https:\/\/api.w.org\/{rel}","templated":true}]}}