{"id":73001,"date":"2021-02-21T19:24:59","date_gmt":"2021-02-21T19:24:59","guid":{"rendered":"https:\/\/www.autonvaraosahaku.fi\/?product=japanparts-pa-205af-jarrupalat"},"modified":"2021-02-21T19:24:59","modified_gmt":"2021-02-21T19:24:59","slug":"japanparts-pa-205af-jarrupalat","status":"publish","type":"product","link":"https:\/\/www.autonvaraosahaku.fi\/?product=japanparts-pa-205af-jarrupalat","title":{"rendered":"JAPANPARTS PA-205AF Jarrupalat"},"content":{"rendered":"<p>Asennuspuoli: Etuakseli; Pituus (mm): 134,6; Korkeus (mm): 77,1; Paksuus [mm]: 17; WVA-numero: 24024; Tarkistuskilpi: ECE R90 APPROVED; M\u00e4\u00e4r\u00e4yksikk\u00f6: Akselisarja; Varustelumahdollisuudet: V88W; TOYOTA: LAND CRUISER KDJ12_, GRJ12_,HILUX III Pick-up TGN1_, GGN2_, GGN1_, KUN2_, KUN1_,LAND CRUISER 150 KDJ15_, GRJ15_; MITSUBISHI: PAJERO IV V8_W, V9_W; 0446535290, 0446560210, 0446560270, 0446560320, 04465YZZDB, V9118A092, 04465YZZDB, 4605A472, 4605A481, 4605B993, 0446504070, 044650K030, 044650K090, 044650K280, 044650K360, 0446533250, 0446533290, 0446535250, 0446535290, 0446560210, 0446560270, 0446560320, 0446560330, 04465YZZDB, 04465YZZDG, 4605A481; Jarrupalasarja,Jarrupala, Levyjarru<\/p>\n","protected":false},"excerpt":{"rendered":"<p>JAPANPARTS Jarrupalat PA-205AF Jarrupalasarja,Jarrupala, Levyjarru TOYOTA,MITSUBISHI,LAND CRUISER KDJ12_, GRJ12_<\/p>\n","protected":false},"featured_media":0,"template":"","meta":{"site-sidebar-layout":"default","site-content-layout":"default","ast-global-header-display":"","ast-main-header-display":"","ast-hfb-above-header-display":"","ast-hfb-below-header-display":"","ast-hfb-mobile-header-display":"","site-post-title":"","ast-breadcrumbs-content":"","ast-featured-img":"","footer-sml-layout":"","theme-transparent-header-meta":"","adv-header-id-meta":"","stick-header-meta":"","header-above-stick-meta":"","header-main-stick-meta":"","header-below-stick-meta":""},"pwb-brand":[334],"product_cat":[100],"product_tag":[],"class_list":{"0":"post-73001","1":"product","2":"type-product","3":"status-publish","5":"pwb-brand-japanparts","6":"product_cat-jarrupalat","7":"desktop-align-left","8":"tablet-align-left","9":"mobile-align-left","11":"first","12":"instock","13":"product-type-external"},"brands":[{"id":334,"name":"JAPANPARTS","slug":"japanparts"}],"_links":{"self":[{"href":"https:\/\/www.autonvaraosahaku.fi\/index.php?rest_route=\/wp\/v2\/product\/73001","targetHints":{"allow":["GET"]}}],"collection":[{"href":"https:\/\/www.autonvaraosahaku.fi\/index.php?rest_route=\/wp\/v2\/product"}],"about":[{"href":"https:\/\/www.autonvaraosahaku.fi\/index.php?rest_route=\/wp\/v2\/types\/product"}],"wp:attachment":[{"href":"https:\/\/www.autonvaraosahaku.fi\/index.php?rest_route=%2Fwp%2Fv2%2Fmedia&parent=73001"}],"wp:term":[{"taxonomy":"pwb-brand","embeddable":true,"href":"https:\/\/www.autonvaraosahaku.fi\/index.php?rest_route=%2Fwp%2Fv2%2Fpwb-brand&post=73001"},{"taxonomy":"product_cat","embeddable":true,"href":"https:\/\/www.autonvaraosahaku.fi\/index.php?rest_route=%2Fwp%2Fv2%2Fproduct_cat&post=73001"},{"taxonomy":"product_tag","embeddable":true,"href":"https:\/\/www.autonvaraosahaku.fi\/index.php?rest_route=%2Fwp%2Fv2%2Fproduct_tag&post=73001"}],"curies":[{"name":"wp","href":"https:\/\/api.w.org\/{rel}","templated":true}]}}