{"id":73023,"date":"2021-02-21T19:25:05","date_gmt":"2021-02-21T19:25:05","guid":{"rendered":"https:\/\/www.autonvaraosahaku.fi\/?product=hengst-filter-h10w15-oljynsuodatin"},"modified":"2021-02-21T19:25:07","modified_gmt":"2021-02-21T19:25:07","slug":"hengst-filter-h10w15-oljynsuodatin","status":"publish","type":"product","link":"https:\/\/www.autonvaraosahaku.fi\/?product=hengst-filter-h10w15-oljynsuodatin","title":{"rendered":"HENGST FILTER H10W15 \u00d6ljynsuodatin"},"content":{"rendered":"<p>Suodatintyyppi: Ruuvattava suodatin; Ulkol\u00e4pimitta [mm]: 93,0; Tiivisteen l\u00e4pimitta [mm]: 72,0; Kierremitta: 3\/4-16 UNF; Korkeus (mm): 96,5; Valmistusvuosi alkaen: 01\/1991; JEEP: GRAND CHEROKEE III WH, WK,GRAND CHEROKEE II WJ, WG,GRAND CHEROKEE I ZJ,CHEROKEE XJ,COMMANDER XK,WRANGLER II TJ,WRANGLER I YJ, SJ_; CHRYSLER: VOYAGER IV RG, RS,300 C Touring LX,VOYAGER III GS,300 C LX,SEBRING Cabriolet JR,300 M LR,STRATUS Cabriolet JX,SEBRING JR,VOYAGER II ES,SEBRING JS,SEBRING Cabriolet JS,LE BARON Cabriolet,STRATUS JA,VISION,SEBRING Coupe FJ,LE BARON Coupe,NEW YORKER,VIPER Convertible,LE BARON Stufenheck,VIPER; DODGE: NITRO,JOURNEY,AVENGER,CARAVAN RG_; PIAGGIO: APE TM Kasten; 05013780AA, 05281090, 05281090AB, 05281090BA, 3549957, 5013780AA, 5281090, 5281090AB, 5281090BA, 53020311, MD308302, MD353795, K05281090AB, 6937011, 838M6714AA, 938M6714A1A, F3CZ6A666A, F5RZ6731A, F5RZ6731B, MD353795, MO5281090, 222721, 830424, 26110500, 35129000, 3577847, 75046821, 1566286<\/p>\n","protected":false},"excerpt":{"rendered":"<p>HENGST FILTER \u00d6ljynsuodatin H10W15  JEEP,CHRYSLER,DODGE,GRAND CHEROKEE III WH, WK,GRAND CHEROKEE II WJ, WG,GRAND CHEROKEE I ZJ,CHEROKEE XJ<\/p>\n","protected":false},"featured_media":0,"template":"","meta":{"site-sidebar-layout":"default","site-content-layout":"default","ast-global-header-display":"","ast-main-header-display":"","ast-hfb-above-header-display":"","ast-hfb-below-header-display":"","ast-hfb-mobile-header-display":"","site-post-title":"","ast-breadcrumbs-content":"","ast-featured-img":"","footer-sml-layout":"","theme-transparent-header-meta":"","adv-header-id-meta":"","stick-header-meta":"","header-above-stick-meta":"","header-main-stick-meta":"","header-below-stick-meta":""},"pwb-brand":[336],"product_cat":[30],"product_tag":[],"class_list":{"0":"post-73023","1":"product","2":"type-product","3":"status-publish","5":"pwb-brand-hengst-filter","6":"product_cat-oljynsuodatin","7":"desktop-align-left","8":"tablet-align-left","9":"mobile-align-left","11":"first","12":"instock","13":"product-type-external"},"brands":[{"id":336,"name":"HENGST FILTER","slug":"hengst-filter"}],"_links":{"self":[{"href":"https:\/\/www.autonvaraosahaku.fi\/index.php?rest_route=\/wp\/v2\/product\/73023","targetHints":{"allow":["GET"]}}],"collection":[{"href":"https:\/\/www.autonvaraosahaku.fi\/index.php?rest_route=\/wp\/v2\/product"}],"about":[{"href":"https:\/\/www.autonvaraosahaku.fi\/index.php?rest_route=\/wp\/v2\/types\/product"}],"wp:attachment":[{"href":"https:\/\/www.autonvaraosahaku.fi\/index.php?rest_route=%2Fwp%2Fv2%2Fmedia&parent=73023"}],"wp:term":[{"taxonomy":"pwb-brand","embeddable":true,"href":"https:\/\/www.autonvaraosahaku.fi\/index.php?rest_route=%2Fwp%2Fv2%2Fpwb-brand&post=73023"},{"taxonomy":"product_cat","embeddable":true,"href":"https:\/\/www.autonvaraosahaku.fi\/index.php?rest_route=%2Fwp%2Fv2%2Fproduct_cat&post=73023"},{"taxonomy":"product_tag","embeddable":true,"href":"https:\/\/www.autonvaraosahaku.fi\/index.php?rest_route=%2Fwp%2Fv2%2Fproduct_tag&post=73023"}],"curies":[{"name":"wp","href":"https:\/\/api.w.org\/{rel}","templated":true}]}}