{"id":73073,"date":"2021-02-21T19:25:20","date_gmt":"2021-02-21T19:25:20","guid":{"rendered":"https:\/\/www.autonvaraosahaku.fi\/?product=meyle-014-731-1090-laturin-jannitteensaadin"},"modified":"2021-02-21T19:25:24","modified_gmt":"2021-02-21T19:25:24","slug":"meyle-014-731-1090-laturin-jannitteensaadin","status":"publish","type":"product","link":"https:\/\/www.autonvaraosahaku.fi\/?product=meyle-014-731-1090-laturin-jannitteensaadin","title":{"rendered":"MEYLE 014 731 1090 Laturin j\u00e4nnitteens\u00e4\u00e4din"},"content":{"rendered":"<p>J\u00e4nnite (V): 14,1; L\u00e4pimitta sis\u00e4\u00e4notto [mm]: 32; lis\u00e4tieto: ORIGINAL Quality; Valmistusvuoteen: 09\/1989; VW: GOLF I Cabriolet 155,SCIROCCO 53B,LT 28-35 I Kasten 281-363,GOLF I 17,LT 28-35 I Bus 281-363,KAEFER Cabriolet 15,PASSAT Variant 32B,LT 28-35 I Pritsche\/Fahrgestell 281-363,PASSAT 32B,POLO 86,SCIROCCO 53,JETTA I 16,PASSAT 32,DERBY 86,PASSAT Variant 33,SANTANA 32B; AUDI: 80 81, 85, B2; MERCEDES-BENZ: SL R107,Stufenheck W123,S-CLASS W126,G-CLASS W460,S-CLASS W116,KOMBI Kombi S123; BMW: 6 E24,3 E21,7 E23,5 E12; OPEL: CORSA A CC 93_, 94_, 98_, 99_,VECTRA A CC 88_, 89_,ASCONA C 81_, 86_, 87_, 88_,REKORD E 17_-19_, 11_, 14_, 16_,SENATOR B 29_,SENATOR A 29_,ASCONA C CC 84_, 89_,REKORD E Caravan 61_, 66_, 67_; FORD: SIERRA Schr\u00e4gheck GBC, GBG,FIESTA I GFBT,FIESTA II FBD,TRANSIT Bus V_ _,SCORPIO I GAE, GGE,ESCORT III GAA,SIERRA Kombi BNG,ESCORT III Kombi AWA; FIAT: DUCATO Panorama 280,127,128,131,RITMO I 138A,132,REGATA 138,RITMO Cabriolet,FIORINO 127,131 Familiare\/Panorama,FIORINO Pick up 147; VOLVO: 240 Kombi P245,240 P242, P244; PORSCHE: 924; SAAB: 99,99 Combi Coupe; 028903803A, 070903803A, 12311710732, 9950085, 6057627, 0021545806, 1204252, 8558306, 1204252, 244332, 028903803A, 070903803A; Laturin S\u00e4\u00e4din,J\u00e4nniteens\u00e4\u00e4din<\/p>\n","protected":false},"excerpt":{"rendered":"<p>MEYLE Laturin J\u00e4nnitteens\u00e4\u00e4din 014 731 1090 Laturin S\u00e4\u00e4din,J\u00e4nniteens\u00e4\u00e4din VW,AUDI,MERCEDES-BENZ,GOLF I Cabriolet 155,SCIROCCO 53B<\/p>\n","protected":false},"featured_media":0,"template":"","meta":{"site-sidebar-layout":"default","site-content-layout":"default","ast-global-header-display":"","ast-main-header-display":"","ast-hfb-above-header-display":"","ast-hfb-below-header-display":"","ast-hfb-mobile-header-display":"","site-post-title":"","ast-breadcrumbs-content":"","ast-featured-img":"","footer-sml-layout":"","theme-transparent-header-meta":"","adv-header-id-meta":"","stick-header-meta":"","header-above-stick-meta":"","header-main-stick-meta":"","header-below-stick-meta":""},"pwb-brand":[84],"product_cat":[420],"product_tag":[],"class_list":{"0":"post-73073","1":"product","2":"type-product","3":"status-publish","5":"pwb-brand-meyle","6":"product_cat-laturin-jannitteensaadin","7":"desktop-align-left","8":"tablet-align-left","9":"mobile-align-left","11":"first","12":"instock","13":"product-type-external"},"brands":[{"id":84,"name":"MEYLE","slug":"meyle"}],"_links":{"self":[{"href":"https:\/\/www.autonvaraosahaku.fi\/index.php?rest_route=\/wp\/v2\/product\/73073","targetHints":{"allow":["GET"]}}],"collection":[{"href":"https:\/\/www.autonvaraosahaku.fi\/index.php?rest_route=\/wp\/v2\/product"}],"about":[{"href":"https:\/\/www.autonvaraosahaku.fi\/index.php?rest_route=\/wp\/v2\/types\/product"}],"wp:attachment":[{"href":"https:\/\/www.autonvaraosahaku.fi\/index.php?rest_route=%2Fwp%2Fv2%2Fmedia&parent=73073"}],"wp:term":[{"taxonomy":"pwb-brand","embeddable":true,"href":"https:\/\/www.autonvaraosahaku.fi\/index.php?rest_route=%2Fwp%2Fv2%2Fpwb-brand&post=73073"},{"taxonomy":"product_cat","embeddable":true,"href":"https:\/\/www.autonvaraosahaku.fi\/index.php?rest_route=%2Fwp%2Fv2%2Fproduct_cat&post=73073"},{"taxonomy":"product_tag","embeddable":true,"href":"https:\/\/www.autonvaraosahaku.fi\/index.php?rest_route=%2Fwp%2Fv2%2Fproduct_tag&post=73073"}],"curies":[{"name":"wp","href":"https:\/\/api.w.org\/{rel}","templated":true}]}}