{"id":73076,"date":"2021-02-21T19:25:20","date_gmt":"2021-02-21T19:25:20","guid":{"rendered":"https:\/\/www.autonvaraosahaku.fi\/?product=meyle-014-054-0002-jarrupalojen-kulumisen-ilmaisin"},"modified":"2021-02-21T19:25:25","modified_gmt":"2021-02-21T19:25:25","slug":"meyle-014-054-0002-jarrupalojen-kulumisen-ilmaisin","status":"publish","type":"product","link":"https:\/\/www.autonvaraosahaku.fi\/?product=meyle-014-054-0002-jarrupalojen-kulumisen-ilmaisin","title":{"rendered":"MEYLE 014 054 0002 Jarrupalojen kulumisen ilmaisin"},"content":{"rendered":"<p>Jarrutyyppi: Levyjarru; Asennuspuoli: Etuakseli; Varoittimen pituus [mm]: 150; Tarvittava kappalem\u00e4\u00e4r\u00e4: 2; lis\u00e4tieto: ORIGINAL Quality; MERCEDES-BENZ: 190 W201,Stufenheck W124,KOMBI Kombi S124,E-CLASS W124,COUPE C124,E-CLASS Kombi S124,S-CLASS Coupe C126,E-CLASS Cabriolet A124,E-CLASS Coupe C124; 2015400317; Kulumisenilmaisin, Jarrupala<\/p>\n","protected":false},"excerpt":{"rendered":"<p>MEYLE Jarrupalojen Kulumisen Ilmaisin 014 054 0002 Kulumisenilmaisin, Jarrupala MERCEDES-BENZ,190 W201,Stufenheck W124,KOMBI Kombi S124,E-CLASS W124<\/p>\n","protected":false},"featured_media":0,"template":"","meta":{"site-sidebar-layout":"default","site-content-layout":"default","ast-global-header-display":"","ast-main-header-display":"","ast-hfb-above-header-display":"","ast-hfb-below-header-display":"","ast-hfb-mobile-header-display":"","site-post-title":"","ast-breadcrumbs-content":"","ast-featured-img":"","footer-sml-layout":"","theme-transparent-header-meta":"","adv-header-id-meta":"","stick-header-meta":"","header-above-stick-meta":"","header-main-stick-meta":"","header-below-stick-meta":""},"pwb-brand":[84],"product_cat":[111],"product_tag":[],"class_list":{"0":"post-73076","1":"product","2":"type-product","3":"status-publish","5":"pwb-brand-meyle","6":"product_cat-jarrupalojen-kulumisen-ilmaisin","7":"desktop-align-left","8":"tablet-align-left","9":"mobile-align-left","11":"first","12":"instock","13":"product-type-external"},"brands":[{"id":84,"name":"MEYLE","slug":"meyle"}],"_links":{"self":[{"href":"https:\/\/www.autonvaraosahaku.fi\/index.php?rest_route=\/wp\/v2\/product\/73076","targetHints":{"allow":["GET"]}}],"collection":[{"href":"https:\/\/www.autonvaraosahaku.fi\/index.php?rest_route=\/wp\/v2\/product"}],"about":[{"href":"https:\/\/www.autonvaraosahaku.fi\/index.php?rest_route=\/wp\/v2\/types\/product"}],"wp:attachment":[{"href":"https:\/\/www.autonvaraosahaku.fi\/index.php?rest_route=%2Fwp%2Fv2%2Fmedia&parent=73076"}],"wp:term":[{"taxonomy":"pwb-brand","embeddable":true,"href":"https:\/\/www.autonvaraosahaku.fi\/index.php?rest_route=%2Fwp%2Fv2%2Fpwb-brand&post=73076"},{"taxonomy":"product_cat","embeddable":true,"href":"https:\/\/www.autonvaraosahaku.fi\/index.php?rest_route=%2Fwp%2Fv2%2Fproduct_cat&post=73076"},{"taxonomy":"product_tag","embeddable":true,"href":"https:\/\/www.autonvaraosahaku.fi\/index.php?rest_route=%2Fwp%2Fv2%2Fproduct_tag&post=73076"}],"curies":[{"name":"wp","href":"https:\/\/api.w.org\/{rel}","templated":true}]}}