{"id":73096,"date":"2021-02-21T19:25:27","date_gmt":"2021-02-21T19:25:27","guid":{"rendered":"https:\/\/www.autonvaraosahaku.fi\/?product=corteco-20018713b-kampiakselin-tiiviste"},"modified":"2021-02-21T19:25:32","modified_gmt":"2021-02-21T19:25:32","slug":"corteco-20018713b-kampiakselin-tiiviste","status":"publish","type":"product","link":"https:\/\/www.autonvaraosahaku.fi\/?product=corteco-20018713b-kampiakselin-tiiviste","title":{"rendered":"CORTECO 20018713B Kampiakselin tiiviste"},"content":{"rendered":"<p>Asennuspuoli: Vaihteiston puoli; Sis\u00e4l\u00e4pimitta 1 [mm]: 93; Ulkol\u00e4pimitta 1 [mm]: 108; Korkeus 1 (mm): 7; Materiaali: FPM (fluori-kumi)\/APM (polyakryyli-kumi); Rihlamalli: Vasen kierre; Suojavaippa: Suojakumilla; Moottorinumero: G9U 630; AUDI: 100 Avant 44, 44Q, C3; BMW: 3 E30,6 E24,3 Touring E30,5 E12; NISSAN: PRIMASTAR Bus X83,PRIMASTAR Kasten X83,INTERSTAR Kasten X70,INTERSTAR Bus X70,INTERSTAR Pritsche\/Fahrgestell; HONDA: CIVIC VII Hatchback EU, EP, EV; MERCEDES-BENZ: Stufenheck W124,Stufenheck W123; OPEL: CORSA B 73_, 78_, 79_,OMEGA B 25_, 26_, 27_,VIVARO Kasten F7,VIVARO Combi J7,MOVANO Kasten F9,MOVANO Combi J9,VIVARO Pritsche\/Fahrgestell E7,KADETT E Caravan 35_, 36_, 45_, 46_,MOVANO Pritsche\/Fahrgestell U9, E9,MOVANO Kipper H9; FORD: MONDEO I GBP,SIERRA Schr\u00e4gheck GBC; ALFA ROMEO: 155 167,90 162; RENAULT: ESPACE IV JK0\/1_,LAGUNA II Grandtour KG0\/1_,ESPACE III JE0_,LAGUNA II BG0\/1_,TRAFIC II Bus JL,MASTER II Kasten FD,TRAFIC II Kasten FL,LAGUNA I B56_, 556_,LAGUNA I Grandtour K56_,MASTER II Pritsche\/Fahrgestell ED\/HD\/UD,VEL SATIS BJ0_,MASTER II Bus JD,19 II Cabriolet D53_, 853_,SAFRANE II B54_,AVANTIME DE0_,TRAFIC II Pritsche\/Fahrgestell EL,21 Kombi K48_; VAUXHALL: VIVARO Kasten F7,MOVANO Mk I A Van FD,VIVARO Pritsche\/Fahrgestell E7,VIVARO Combi J7,MOVANO Mk I A Combi JD; 1227900QAC, 4403519, 9111519, 7700859266, 4403519; Akselitiiviste, Kampiakseli<\/p>\n","protected":false},"excerpt":{"rendered":"<p>CORTECO Kampiakselin Tiiviste 20018713B Akselitiiviste, Kampiakseli AUDI,BMW,NISSAN,100 Avant 44, 44Q, C3,3 E30,6 E24,3 Touring E30,5 E12<\/p>\n","protected":false},"featured_media":0,"template":"","meta":{"site-sidebar-layout":"default","site-content-layout":"default","ast-global-header-display":"","ast-main-header-display":"","ast-hfb-above-header-display":"","ast-hfb-below-header-display":"","ast-hfb-mobile-header-display":"","site-post-title":"","ast-breadcrumbs-content":"","ast-featured-img":"","footer-sml-layout":"","theme-transparent-header-meta":"","adv-header-id-meta":"","stick-header-meta":"","header-above-stick-meta":"","header-main-stick-meta":"","header-below-stick-meta":""},"pwb-brand":[53],"product_cat":[88],"product_tag":[],"class_list":{"0":"post-73096","1":"product","2":"type-product","3":"status-publish","5":"pwb-brand-corteco","6":"product_cat-kampiakselin-tiiviste","7":"desktop-align-left","8":"tablet-align-left","9":"mobile-align-left","11":"first","12":"instock","13":"product-type-external"},"brands":[{"id":53,"name":"CORTECO","slug":"corteco"}],"_links":{"self":[{"href":"https:\/\/www.autonvaraosahaku.fi\/index.php?rest_route=\/wp\/v2\/product\/73096","targetHints":{"allow":["GET"]}}],"collection":[{"href":"https:\/\/www.autonvaraosahaku.fi\/index.php?rest_route=\/wp\/v2\/product"}],"about":[{"href":"https:\/\/www.autonvaraosahaku.fi\/index.php?rest_route=\/wp\/v2\/types\/product"}],"wp:attachment":[{"href":"https:\/\/www.autonvaraosahaku.fi\/index.php?rest_route=%2Fwp%2Fv2%2Fmedia&parent=73096"}],"wp:term":[{"taxonomy":"pwb-brand","embeddable":true,"href":"https:\/\/www.autonvaraosahaku.fi\/index.php?rest_route=%2Fwp%2Fv2%2Fpwb-brand&post=73096"},{"taxonomy":"product_cat","embeddable":true,"href":"https:\/\/www.autonvaraosahaku.fi\/index.php?rest_route=%2Fwp%2Fv2%2Fproduct_cat&post=73096"},{"taxonomy":"product_tag","embeddable":true,"href":"https:\/\/www.autonvaraosahaku.fi\/index.php?rest_route=%2Fwp%2Fv2%2Fproduct_tag&post=73096"}],"curies":[{"name":"wp","href":"https:\/\/api.w.org\/{rel}","templated":true}]}}