{"id":73120,"date":"2021-02-21T19:25:42","date_gmt":"2021-02-21T19:25:42","guid":{"rendered":"https:\/\/www.autonvaraosahaku.fi\/?product=hjs-83-48-7516-pakoputken-asennussarja"},"modified":"2021-02-21T19:25:42","modified_gmt":"2021-02-21T19:25:42","slug":"hjs-83-48-7516-pakoputken-asennussarja","status":"publish","type":"product","link":"https:\/\/www.autonvaraosahaku.fi\/?product=hjs-83-48-7516-pakoputken-asennussarja","title":{"rendered":"HJS 83 48 7516 Pakoputken asennussarja"},"content":{"rendered":"<p>Materiaali: EPDM (eteenipropeeni-dieeni-kumi); Kuvan mukainen: ; Tarvittava kappalem\u00e4\u00e4r\u00e4: 2; MAZDA: 5 CR19,6 Station Wagon GY,CX-5 KE, GH,CX-7 ER,5 CW,3 BM,MX-5 III NC,6 Kombi GJ, GH,FAMILIA V BA,6 Stufenheck GJ, GH,3 Stufenheck BM,FAMILIA V BG8,2 DL, DJ,CX-3 DK,CX-5 KF,MX-5 IV ND; NISSAN: QASHQAI \/ QASHQAI +2 J10, JJ10,X-TRAIL T31,MICRA IV K13,NOTE E12,QASHQAI J11, J11_,X-TRAIL T32; TOYOTA: AURIS NRE15_, ZZE15_, ADE15_, ZRE15_, NDE15_,RAV 4 III ACA3_, ACE_, ALA3_, GSA3_, ZSA3_,VERSO _AUR2_, _ZGR2_,AURIS NZE18_, ZRE18_,AURIS TOURING SPORTS ADE18_, ZWE18_, ZRE18_,PRIUS ZVW3_,COROLLA Stufenheck E15_,PRIUS _W5_; RENAULT: KOLEOS HY_,KADJAR,KOLEOS II; BP4740061, BP4740061A, BP4840060A, BPC240061, BPC240061A, KL1540061, N3H240061A, 206511HD0A, 206511HH2A, 20651EN200, 20651EN20A, 20651JD00A, 206510809R, 20651EN200, 20651EN20A, 1428184A00000, 1750762020, 1750774090, 1750874060, 1750874090, 1750974120, 1750974140, 1756221021, 175650D030, 175650H070, 175650J020, 175650J030, 175650J031, 175650M010, 1756520060, 1756521040, 1756522040, 1756528010, 1756546010, 1756546040, 1756574210, 1756574280<\/p>\n","protected":false},"excerpt":{"rendered":"<p>HJS Pidike, Pakoputkisto 83 48 7516  MAZDA,NISSAN,TOYOTA,5 CR19,6 Station Wagon GY,CX-5 KE, GH,CX-7 ER,5 CW,3 BM,MX-5 III NC,6 Kombi GJ, GH<\/p>\n","protected":false},"featured_media":0,"template":"","meta":{"site-sidebar-layout":"default","site-content-layout":"default","ast-global-header-display":"","ast-main-header-display":"","ast-hfb-above-header-display":"","ast-hfb-below-header-display":"","ast-hfb-mobile-header-display":"","site-post-title":"","ast-breadcrumbs-content":"","ast-featured-img":"","footer-sml-layout":"","theme-transparent-header-meta":"","adv-header-id-meta":"","stick-header-meta":"","header-above-stick-meta":"","header-main-stick-meta":"","header-below-stick-meta":""},"pwb-brand":[344],"product_cat":[101],"product_tag":[],"class_list":{"0":"post-73120","1":"product","2":"type-product","3":"status-publish","5":"pwb-brand-hjs","6":"product_cat-pakoputken-asennussarja","7":"desktop-align-left","8":"tablet-align-left","9":"mobile-align-left","11":"first","12":"instock","13":"product-type-external"},"brands":[{"id":344,"name":"HJS","slug":"hjs"}],"_links":{"self":[{"href":"https:\/\/www.autonvaraosahaku.fi\/index.php?rest_route=\/wp\/v2\/product\/73120","targetHints":{"allow":["GET"]}}],"collection":[{"href":"https:\/\/www.autonvaraosahaku.fi\/index.php?rest_route=\/wp\/v2\/product"}],"about":[{"href":"https:\/\/www.autonvaraosahaku.fi\/index.php?rest_route=\/wp\/v2\/types\/product"}],"wp:attachment":[{"href":"https:\/\/www.autonvaraosahaku.fi\/index.php?rest_route=%2Fwp%2Fv2%2Fmedia&parent=73120"}],"wp:term":[{"taxonomy":"pwb-brand","embeddable":true,"href":"https:\/\/www.autonvaraosahaku.fi\/index.php?rest_route=%2Fwp%2Fv2%2Fpwb-brand&post=73120"},{"taxonomy":"product_cat","embeddable":true,"href":"https:\/\/www.autonvaraosahaku.fi\/index.php?rest_route=%2Fwp%2Fv2%2Fproduct_cat&post=73120"},{"taxonomy":"product_tag","embeddable":true,"href":"https:\/\/www.autonvaraosahaku.fi\/index.php?rest_route=%2Fwp%2Fv2%2Fproduct_tag&post=73120"}],"curies":[{"name":"wp","href":"https:\/\/api.w.org\/{rel}","templated":true}]}}