{"id":73140,"date":"2021-02-21T19:25:49","date_gmt":"2021-02-21T19:25:49","guid":{"rendered":"https:\/\/www.autonvaraosahaku.fi\/?product=mapco-16942-vetonivel"},"modified":"2021-02-21T19:25:49","modified_gmt":"2021-02-21T19:25:49","slug":"mapco-16942-vetonivel","status":"publish","type":"product","link":"https:\/\/www.autonvaraosahaku.fi\/?product=mapco-16942-vetonivel","title":{"rendered":"MAPCO 16942 Vetonivel"},"content":{"rendered":"<p>Asennuspuoli: Etuakseli, Py\u00f6r\u00e4n puoli; Nivelmalli: Vakionopeusnivel; Vaihteistomalli: K\u00e4sivaihteisto; Ulkohammastus, py\u00f6r\u00e4npuoli: 33; Sis\u00e4hammastus, py\u00f6r\u00e4npuoli: 25; Tiivisteen l\u00e4pimitta [mm]: 52; OPEL: KADETT E CC 33_, 34_, 43_, 44_,KADETT E Cabriolet 43B_,ASCONA C 81_, 86_, 87_, 88_,KADETT D 31_-34_, 41_-44_,KADETT E 39_, 49_,ASCONA C CC 84_, 89_,KADETT E Caravan 35_, 36_, 45_, 46_,KADETT D Caravan 35_, 36_, 45_, 46_,KADETT E Kasten 37_, 47_,KADETT E Combo 38_, 48_; VAUXHALL: ASTRA Mk II CC,CAVALIER Mk II CC; 374049, 374061, 95511684, 90125875, 90147008; Nivelsarja, Vetoakseli<\/p>\n","protected":false},"excerpt":{"rendered":"<p>MAPCO Vetonivel 16942 Nivelsarja, Vetoakseli OPEL,VAUXHALL,KADETT E CC 33_, 34_, 43_, 44_,KADETT E Cabriolet 43B_,ASCONA C 81_, 86_, 87_, 88_<\/p>\n","protected":false},"featured_media":0,"template":"","meta":{"site-sidebar-layout":"default","site-content-layout":"default","ast-global-header-display":"","ast-main-header-display":"","ast-hfb-above-header-display":"","ast-hfb-below-header-display":"","ast-hfb-mobile-header-display":"","site-post-title":"","ast-breadcrumbs-content":"","ast-featured-img":"","footer-sml-layout":"","theme-transparent-header-meta":"","adv-header-id-meta":"","stick-header-meta":"","header-above-stick-meta":"","header-main-stick-meta":"","header-below-stick-meta":""},"pwb-brand":[36],"product_cat":[175],"product_tag":[],"class_list":{"0":"post-73140","1":"product","2":"type-product","3":"status-publish","5":"pwb-brand-mapco","6":"product_cat-vetonivel","7":"desktop-align-left","8":"tablet-align-left","9":"mobile-align-left","11":"first","12":"instock","13":"product-type-external"},"brands":[{"id":36,"name":"MAPCO","slug":"mapco"}],"_links":{"self":[{"href":"https:\/\/www.autonvaraosahaku.fi\/index.php?rest_route=\/wp\/v2\/product\/73140","targetHints":{"allow":["GET"]}}],"collection":[{"href":"https:\/\/www.autonvaraosahaku.fi\/index.php?rest_route=\/wp\/v2\/product"}],"about":[{"href":"https:\/\/www.autonvaraosahaku.fi\/index.php?rest_route=\/wp\/v2\/types\/product"}],"wp:attachment":[{"href":"https:\/\/www.autonvaraosahaku.fi\/index.php?rest_route=%2Fwp%2Fv2%2Fmedia&parent=73140"}],"wp:term":[{"taxonomy":"pwb-brand","embeddable":true,"href":"https:\/\/www.autonvaraosahaku.fi\/index.php?rest_route=%2Fwp%2Fv2%2Fpwb-brand&post=73140"},{"taxonomy":"product_cat","embeddable":true,"href":"https:\/\/www.autonvaraosahaku.fi\/index.php?rest_route=%2Fwp%2Fv2%2Fproduct_cat&post=73140"},{"taxonomy":"product_tag","embeddable":true,"href":"https:\/\/www.autonvaraosahaku.fi\/index.php?rest_route=%2Fwp%2Fv2%2Fproduct_tag&post=73140"}],"curies":[{"name":"wp","href":"https:\/\/api.w.org\/{rel}","templated":true}]}}