{"id":73142,"date":"2021-02-21T19:25:49","date_gmt":"2021-02-21T19:25:49","guid":{"rendered":"https:\/\/www.autonvaraosahaku.fi\/?product=trw-jar1012-raidetangon-sisapaa"},"modified":"2021-02-21T19:25:50","modified_gmt":"2021-02-21T19:25:50","slug":"trw-jar1012-raidetangon-sisapaa","status":"publish","type":"product","link":"https:\/\/www.autonvaraosahaku.fi\/?product=trw-jar1012-raidetangon-sisapaa","title":{"rendered":"TRW JAR1012 Raidetangon sis\u00e4p\u00e4\u00e4"},"content":{"rendered":"<p>Kokonaispituus (mm): 358; Kierremitta: M14x1,5; Huomioi tekniset tiedot: ; Asennuspuoli: Vorderachse beidseitig; PEUGEOT: 307 SW 3H,307 CC 3B,307 3A\/C,307 Break 3E; CITRO\u00cbN: C4 I LC_,C4 Coupe LA_,C4 Stufenheck L,C4 Stufenheck N; 3812E5, 3812E5; Raidetangon P\u00e4\u00e4 Sisempi,Raidetangon P\u00e4\u00e4, Suora<\/p>\n","protected":false},"excerpt":{"rendered":"<p>TRW Raidetangon Sis\u00e4p\u00e4\u00e4 JAR1012 Raidetangon P\u00e4\u00e4 Sisempi,Raidetangon P\u00e4\u00e4, Suora PEUGEOT,CITRO\u00cbN,307 SW 3H,307 CC 3B,307 3A\/C,307 Break 3E,C4 I LC_<\/p>\n","protected":false},"featured_media":0,"template":"","meta":{"site-sidebar-layout":"default","site-content-layout":"default","ast-global-header-display":"","ast-main-header-display":"","ast-hfb-above-header-display":"","ast-hfb-below-header-display":"","ast-hfb-mobile-header-display":"","site-post-title":"","ast-breadcrumbs-content":"","ast-featured-img":"","footer-sml-layout":"","theme-transparent-header-meta":"","adv-header-id-meta":"","stick-header-meta":"","header-above-stick-meta":"","header-main-stick-meta":"","header-below-stick-meta":""},"pwb-brand":[332],"product_cat":[208],"product_tag":[],"class_list":{"0":"post-73142","1":"product","2":"type-product","3":"status-publish","5":"pwb-brand-trw","6":"product_cat-raidetangon-sisapaa","7":"desktop-align-left","8":"tablet-align-left","9":"mobile-align-left","11":"first","12":"instock","13":"product-type-external"},"brands":[{"id":332,"name":"TRW","slug":"trw"}],"_links":{"self":[{"href":"https:\/\/www.autonvaraosahaku.fi\/index.php?rest_route=\/wp\/v2\/product\/73142","targetHints":{"allow":["GET"]}}],"collection":[{"href":"https:\/\/www.autonvaraosahaku.fi\/index.php?rest_route=\/wp\/v2\/product"}],"about":[{"href":"https:\/\/www.autonvaraosahaku.fi\/index.php?rest_route=\/wp\/v2\/types\/product"}],"wp:attachment":[{"href":"https:\/\/www.autonvaraosahaku.fi\/index.php?rest_route=%2Fwp%2Fv2%2Fmedia&parent=73142"}],"wp:term":[{"taxonomy":"pwb-brand","embeddable":true,"href":"https:\/\/www.autonvaraosahaku.fi\/index.php?rest_route=%2Fwp%2Fv2%2Fpwb-brand&post=73142"},{"taxonomy":"product_cat","embeddable":true,"href":"https:\/\/www.autonvaraosahaku.fi\/index.php?rest_route=%2Fwp%2Fv2%2Fproduct_cat&post=73142"},{"taxonomy":"product_tag","embeddable":true,"href":"https:\/\/www.autonvaraosahaku.fi\/index.php?rest_route=%2Fwp%2Fv2%2Fproduct_tag&post=73142"}],"curies":[{"name":"wp","href":"https:\/\/api.w.org\/{rel}","templated":true}]}}