{"id":73159,"date":"2021-02-21T19:25:49","date_gmt":"2021-02-21T19:25:49","guid":{"rendered":"https:\/\/www.autonvaraosahaku.fi\/?product=nk-5033661-raidetangon-sisapaa"},"modified":"2021-02-21T19:25:55","modified_gmt":"2021-02-21T19:25:55","slug":"nk-5033661-raidetangon-sisapaa","status":"publish","type":"product","link":"https:\/\/www.autonvaraosahaku.fi\/?product=nk-5033661-raidetangon-sisapaa","title":{"rendered":"NK 5033661 Raidetangon sis\u00e4p\u00e4\u00e4"},"content":{"rendered":"<p>Kierre 1: 12&#215;1,5; Kierremalli: Oikealla kierteell\u00e4; Pituus (mm): 316; Valmistusvuosi alkaen: 11\/2003; OPEL: CORSA C F08, F68,COMBO Kasten\/Kombi,COMBO Tour,CORSA C Kasten F08, W5L; VAUXHALL: CORSA Mk II C W5L, F08,CORSAVAN Mk II C,COMBO TOUR Mk II C F25,COMBO Mk II C Kasten\/Kombi F25; 1603008, 1603845, 26087867, 93182421, 93192421, 26087867, 93192421; Raidetangon P\u00e4\u00e4 Sisempi,Raidetangon P\u00e4\u00e4, Suora<\/p>\n","protected":false},"excerpt":{"rendered":"<p>NK Raidetangon Sis\u00e4p\u00e4\u00e4 5033661 Raidetangon P\u00e4\u00e4 Sisempi,Raidetangon P\u00e4\u00e4, Suora OPEL,VAUXHALL,CORSA C F08, F68,COMBO Kasten\/Kombi,COMBO Tour<\/p>\n","protected":false},"featured_media":0,"template":"","meta":{"site-sidebar-layout":"default","site-content-layout":"default","ast-global-header-display":"","ast-main-header-display":"","ast-hfb-above-header-display":"","ast-hfb-below-header-display":"","ast-hfb-mobile-header-display":"","site-post-title":"","ast-breadcrumbs-content":"","ast-featured-img":"","footer-sml-layout":"","theme-transparent-header-meta":"","adv-header-id-meta":"","stick-header-meta":"","header-above-stick-meta":"","header-main-stick-meta":"","header-below-stick-meta":""},"pwb-brand":[341],"product_cat":[208],"product_tag":[],"class_list":{"0":"post-73159","1":"product","2":"type-product","3":"status-publish","5":"pwb-brand-nk","6":"product_cat-raidetangon-sisapaa","7":"desktop-align-left","8":"tablet-align-left","9":"mobile-align-left","11":"first","12":"instock","13":"product-type-external"},"brands":[{"id":341,"name":"NK","slug":"nk"}],"_links":{"self":[{"href":"https:\/\/www.autonvaraosahaku.fi\/index.php?rest_route=\/wp\/v2\/product\/73159","targetHints":{"allow":["GET"]}}],"collection":[{"href":"https:\/\/www.autonvaraosahaku.fi\/index.php?rest_route=\/wp\/v2\/product"}],"about":[{"href":"https:\/\/www.autonvaraosahaku.fi\/index.php?rest_route=\/wp\/v2\/types\/product"}],"wp:attachment":[{"href":"https:\/\/www.autonvaraosahaku.fi\/index.php?rest_route=%2Fwp%2Fv2%2Fmedia&parent=73159"}],"wp:term":[{"taxonomy":"pwb-brand","embeddable":true,"href":"https:\/\/www.autonvaraosahaku.fi\/index.php?rest_route=%2Fwp%2Fv2%2Fpwb-brand&post=73159"},{"taxonomy":"product_cat","embeddable":true,"href":"https:\/\/www.autonvaraosahaku.fi\/index.php?rest_route=%2Fwp%2Fv2%2Fproduct_cat&post=73159"},{"taxonomy":"product_tag","embeddable":true,"href":"https:\/\/www.autonvaraosahaku.fi\/index.php?rest_route=%2Fwp%2Fv2%2Fproduct_tag&post=73159"}],"curies":[{"name":"wp","href":"https:\/\/api.w.org\/{rel}","templated":true}]}}