{"id":73176,"date":"2021-02-21T19:25:56","date_gmt":"2021-02-21T19:25:56","guid":{"rendered":"https:\/\/www.autonvaraosahaku.fi\/?product=vegaz-fg-100-pakoputken-asennussarja"},"modified":"2021-02-21T19:26:01","modified_gmt":"2021-02-21T19:26:01","slug":"vegaz-fg-100-pakoputken-asennussarja","status":"publish","type":"product","link":"https:\/\/www.autonvaraosahaku.fi\/?product=vegaz-fg-100-pakoputken-asennussarja","title":{"rendered":"VEGAZ FG-100 Pakoputken asennussarja"},"content":{"rendered":"<p>Paino [kg]: 0,01; Sis\u00e4l\u00e4pimitta [mm]: 27; Ulkol\u00e4pimitta [mm]: 41; Valmistusvuosi alkaen: 10\/1970; VOLVO: 340-360 343, 345,340-360 Stufenheck 344; OPEL: FRONTERA A Sport 5_SUD2,FRONTERA A 5_MWL4,KADETT C Coupe,MANTA B 58_, 59_,KADETT C,MANTA B CC 53_, 55_,KADETT C City,KADETT C Caravan; FORD: SIERRA GBG, GB4,SIERRA Schr\u00e4gheck GBC, GBG,TRANSIT Kasten T_ _,TRANSIT Bus V_ _,SCORPIO I GAE, GGE,TRANSIT Bus T_ _,CAPRI III GECP,ESCORT II ATH,SCORPIO I Stufenheck GGE,ESCORT I AFH, ATH,TRANSIT Kasten V_ _,TRANSIT Pritsche\/Fahrgestell V_ _,SIERRA Kombi BNG,GRANADA GU,TRANSIT Pritsche\/Fahrgestell T_ _,CAPRI II GECP,SCORPIO I Kombi GGE,GRANADA Kombi GNU,TAUNUS 17M Turnier P3,GRANADA GGTL, GGFL,ESCORT II Kombi,TAUNUS 17M Turnier 21,TAUNUS 20M,ESCORT I Kombi ADH,TAUNUS 17M Turnier 35F,TAUNUS 20M 41F,TAUNUS 20M 42F,TAUNUS 17M Turnier 36F,TAUNUS 20M Turnier,TAUNUS 20M Turnier 46F,TAUNUS GBFK; FIAT: PANDA 141A_; VAUXHALL: CHEVETTE; ISUZU: TROOPER UBS,TROOPER Soft Top UBS,TROOPER UB,CAMPO KB,MIDI Bus 94000, 98000,TROOPER Soft Top UB,MIDI Van 94000, 98000; 0801909, 1591419, 865517, 9275484, 3293876, 9275484, 0553769, 0801909, 70GB5281AA, 2866431000, 9275484, NTC5582, 856517, 9275484, 3293876, 9275484<\/p>\n","protected":false},"excerpt":{"rendered":"<p>VEGAZ Pidike, Pakoputkisto FG-100  VOLVO,OPEL,FORD,340-360 343, 345,340-360 Stufenheck 344,FRONTERA A Sport 5_SUD2,FRONTERA A 5_MWL4,KADETT C Coupe<\/p>\n","protected":false},"featured_media":0,"template":"","meta":{"site-sidebar-layout":"default","site-content-layout":"default","ast-global-header-display":"","ast-main-header-display":"","ast-hfb-above-header-display":"","ast-hfb-below-header-display":"","ast-hfb-mobile-header-display":"","site-post-title":"","ast-breadcrumbs-content":"","ast-featured-img":"","footer-sml-layout":"","theme-transparent-header-meta":"","adv-header-id-meta":"","stick-header-meta":"","header-above-stick-meta":"","header-main-stick-meta":"","header-below-stick-meta":""},"pwb-brand":[306],"product_cat":[101],"product_tag":[],"class_list":{"0":"post-73176","1":"product","2":"type-product","3":"status-publish","5":"pwb-brand-vegaz","6":"product_cat-pakoputken-asennussarja","7":"desktop-align-left","8":"tablet-align-left","9":"mobile-align-left","11":"first","12":"instock","13":"product-type-external"},"brands":[{"id":306,"name":"VEGAZ","slug":"vegaz"}],"_links":{"self":[{"href":"https:\/\/www.autonvaraosahaku.fi\/index.php?rest_route=\/wp\/v2\/product\/73176","targetHints":{"allow":["GET"]}}],"collection":[{"href":"https:\/\/www.autonvaraosahaku.fi\/index.php?rest_route=\/wp\/v2\/product"}],"about":[{"href":"https:\/\/www.autonvaraosahaku.fi\/index.php?rest_route=\/wp\/v2\/types\/product"}],"wp:attachment":[{"href":"https:\/\/www.autonvaraosahaku.fi\/index.php?rest_route=%2Fwp%2Fv2%2Fmedia&parent=73176"}],"wp:term":[{"taxonomy":"pwb-brand","embeddable":true,"href":"https:\/\/www.autonvaraosahaku.fi\/index.php?rest_route=%2Fwp%2Fv2%2Fpwb-brand&post=73176"},{"taxonomy":"product_cat","embeddable":true,"href":"https:\/\/www.autonvaraosahaku.fi\/index.php?rest_route=%2Fwp%2Fv2%2Fproduct_cat&post=73176"},{"taxonomy":"product_tag","embeddable":true,"href":"https:\/\/www.autonvaraosahaku.fi\/index.php?rest_route=%2Fwp%2Fv2%2Fproduct_tag&post=73176"}],"curies":[{"name":"wp","href":"https:\/\/api.w.org\/{rel}","templated":true}]}}