{"id":73184,"date":"2021-02-21T19:26:03","date_gmt":"2021-02-21T19:26:03","guid":{"rendered":"https:\/\/www.autonvaraosahaku.fi\/?product=vemo-v30-99-2255-lampokytkin-jaahdyttimen-puhallin"},"modified":"2021-02-21T19:26:05","modified_gmt":"2021-02-21T19:26:05","slug":"vemo-v30-99-2255-lampokytkin-jaahdyttimen-puhallin","status":"publish","type":"product","link":"https:\/\/www.autonvaraosahaku.fi\/?product=vemo-v30-99-2255-lampokytkin-jaahdyttimen-puhallin","title":{"rendered":"VEMO V30-99-2255 L\u00e4mp\u00f6kytkin j\u00e4\u00e4hdyttimen puhallin"},"content":{"rendered":"<p>Kierremitta: M14x1,5; Kytkent\u00e4piste (\u00b0C): 80, 85; Lis\u00e4tarvike\/lis\u00e4tieto: Tiivisteill\u00e4; Napojen m\u00e4\u00e4r\u00e4: 2; Vaihtopiste alkaen [\u00b0C]: 85; Vaihtopiste enint. [\u00b0C]: 80; Paino [kg]: 0,025; Pakkausleveys [cm]: 5,8; Pakkauskorkeus [mm]: 3,3; Pakkaussyvyys [cm]: 3; Tuotelinja: Original Quality; ei sarjatuotannossa: ; MERCEDES-BENZ: 190 W201,SLK R170,E-CLASS W210,M-CLASS W163,Stufenheck W124,E-CLASS Kombi S210,SL R129,Stufenheck W123,S-CLASS W126,KOMBI Kombi S124,E-CLASS W124,G-CLASS W463,COUPE C124,G-CLASS W460,S-CLASS W140,E-CLASS Kombi S124,COUPE C123,S-CLASS Coupe C126,G-CLASS W461,KOMBI Kombi S123,T1 Bus 601,100 Bus 631,E-CLASS Cabriolet A124,E-CLASS Coupe C124,T1 Pritsche\/Fahrgestell 602,T1 Kasten 602,100 Kasten 631,T1 Pritsche\/Fahrgestell 601,T1 Kasten 601,100 Pritsche\/Fahrgestell 631,CABRIOLET A124,T1 Bus 602,G-CLASS Cabrio W463; 0065451524, 0065451524S1, 0065454024, 0125422517, 65415024, 65451524, A0065451524, A0065454024, A0125422517, A0065451524<\/p>\n","protected":false},"excerpt":{"rendered":"<p>VEMO L\u00e4mp\u00f6kytkin J\u00e4\u00e4hdyttimen Puhallin V30-99-2255  MERCEDES-BENZ,190 W201,SLK R170,E-CLASS W210,M-CLASS W163,Stufenheck W124,E-CLASS Kombi S210<\/p>\n","protected":false},"featured_media":0,"template":"","meta":{"site-sidebar-layout":"default","site-content-layout":"default","ast-global-header-display":"","ast-main-header-display":"","ast-hfb-above-header-display":"","ast-hfb-below-header-display":"","ast-hfb-mobile-header-display":"","site-post-title":"","ast-breadcrumbs-content":"","ast-featured-img":"","footer-sml-layout":"","theme-transparent-header-meta":"","adv-header-id-meta":"","stick-header-meta":"","header-above-stick-meta":"","header-main-stick-meta":"","header-below-stick-meta":""},"pwb-brand":[168],"product_cat":[290],"product_tag":[],"class_list":{"0":"post-73184","1":"product","2":"type-product","3":"status-publish","5":"pwb-brand-vemo","6":"product_cat-lampokytkin-jaahdyttimen-puhallin","7":"desktop-align-left","8":"tablet-align-left","9":"mobile-align-left","11":"first","12":"instock","13":"product-type-external"},"brands":[{"id":168,"name":"VEMO","slug":"vemo"}],"_links":{"self":[{"href":"https:\/\/www.autonvaraosahaku.fi\/index.php?rest_route=\/wp\/v2\/product\/73184","targetHints":{"allow":["GET"]}}],"collection":[{"href":"https:\/\/www.autonvaraosahaku.fi\/index.php?rest_route=\/wp\/v2\/product"}],"about":[{"href":"https:\/\/www.autonvaraosahaku.fi\/index.php?rest_route=\/wp\/v2\/types\/product"}],"wp:attachment":[{"href":"https:\/\/www.autonvaraosahaku.fi\/index.php?rest_route=%2Fwp%2Fv2%2Fmedia&parent=73184"}],"wp:term":[{"taxonomy":"pwb-brand","embeddable":true,"href":"https:\/\/www.autonvaraosahaku.fi\/index.php?rest_route=%2Fwp%2Fv2%2Fpwb-brand&post=73184"},{"taxonomy":"product_cat","embeddable":true,"href":"https:\/\/www.autonvaraosahaku.fi\/index.php?rest_route=%2Fwp%2Fv2%2Fproduct_cat&post=73184"},{"taxonomy":"product_tag","embeddable":true,"href":"https:\/\/www.autonvaraosahaku.fi\/index.php?rest_route=%2Fwp%2Fv2%2Fproduct_tag&post=73184"}],"curies":[{"name":"wp","href":"https:\/\/api.w.org\/{rel}","templated":true}]}}