{"id":73198,"date":"2021-02-21T19:26:03","date_gmt":"2021-02-21T19:26:03","guid":{"rendered":"https:\/\/www.autonvaraosahaku.fi\/?product=trw-gdb3200-jarrupalat"},"modified":"2021-02-21T19:26:09","modified_gmt":"2021-02-21T19:26:09","slug":"trw-gdb3200-jarrupalat","status":"publish","type":"product","link":"https:\/\/www.autonvaraosahaku.fi\/?product=trw-gdb3200-jarrupalat","title":{"rendered":"TRW GDB3200 Jarrupalat"},"content":{"rendered":"<p>Valmistaja rajaus: AKEBONO; Pituus (mm): 149,9; Korkeus (mm): 59,0; Paksuus [mm]: 15,7; Kulumisenilmaisimen liitos: akustisella kulumavaroittimella; Lis\u00e4tarvike\/lis\u00e4tieto: Tarvikkeilla; Tarkistuskilpi: E1 90R 01024\/123; M\u00e4\u00e4r\u00e4yksikk\u00f6: Akselisarja; Tuotelinja: COTEC; Asennuspuoli: Vorderachse; MITSUBISHI: ASX GA_W_,OUTLANDER XL II CW_W,OUTLANDER III GG_W, GF_W, ZJ,OUTLANDER I CU_W,LANCER SPORTBACK CX_A,LANCER Stufenheck CY\/Z_A,PAJERO III V7_W, V6_W,SPACE WAGON N9_W, N8_W,LANCER Stufenheck CS_A, CT0,PAJERO SPORT K90,SPACE RUNNER N6_W,L 400 \/ SPACE GEAR Bus PD_W, PC_W, PA_V, PB_V,GALLOPER JK-01,LANCER VI CJ-CP_,LANCER V CB\/D_A,PAJERO SPORT VAN K90,PAJERO III Gel\u00e4ndewagen offen V6_W, V7_W,PAJERO II Canvas Top V2_W, V4_W,L 400 Kasten PD_W, PC_W, PB_V, PA_W, PA_V,GRANDIS N9_, N8_,DELICA; 4605A492, 4605A501, 4605A730, MB858400, MN102611, MN116923, MR289610, MR389549, MR569597, MZ690006, MZ690019, MZ690349; Jarrupalasarja,Jarrupala, Levyjarru<\/p>\n","protected":false},"excerpt":{"rendered":"<p>TRW Jarrupalat GDB3200 Jarrupalasarja,Jarrupala, Levyjarru MITSUBISHI,ASX GA_W_,OUTLANDER XL II CW_W,OUTLANDER III GG_W, GF_W, ZJ,OUTLANDER I CU_W<\/p>\n","protected":false},"featured_media":0,"template":"","meta":{"site-sidebar-layout":"default","site-content-layout":"default","ast-global-header-display":"","ast-main-header-display":"","ast-hfb-above-header-display":"","ast-hfb-below-header-display":"","ast-hfb-mobile-header-display":"","site-post-title":"","ast-breadcrumbs-content":"","ast-featured-img":"","footer-sml-layout":"","theme-transparent-header-meta":"","adv-header-id-meta":"","stick-header-meta":"","header-above-stick-meta":"","header-main-stick-meta":"","header-below-stick-meta":""},"pwb-brand":[332],"product_cat":[100],"product_tag":[],"class_list":{"0":"post-73198","1":"product","2":"type-product","3":"status-publish","5":"pwb-brand-trw","6":"product_cat-jarrupalat","7":"desktop-align-left","8":"tablet-align-left","9":"mobile-align-left","11":"first","12":"instock","13":"product-type-external"},"brands":[{"id":332,"name":"TRW","slug":"trw"}],"_links":{"self":[{"href":"https:\/\/www.autonvaraosahaku.fi\/index.php?rest_route=\/wp\/v2\/product\/73198","targetHints":{"allow":["GET"]}}],"collection":[{"href":"https:\/\/www.autonvaraosahaku.fi\/index.php?rest_route=\/wp\/v2\/product"}],"about":[{"href":"https:\/\/www.autonvaraosahaku.fi\/index.php?rest_route=\/wp\/v2\/types\/product"}],"wp:attachment":[{"href":"https:\/\/www.autonvaraosahaku.fi\/index.php?rest_route=%2Fwp%2Fv2%2Fmedia&parent=73198"}],"wp:term":[{"taxonomy":"pwb-brand","embeddable":true,"href":"https:\/\/www.autonvaraosahaku.fi\/index.php?rest_route=%2Fwp%2Fv2%2Fpwb-brand&post=73198"},{"taxonomy":"product_cat","embeddable":true,"href":"https:\/\/www.autonvaraosahaku.fi\/index.php?rest_route=%2Fwp%2Fv2%2Fproduct_cat&post=73198"},{"taxonomy":"product_tag","embeddable":true,"href":"https:\/\/www.autonvaraosahaku.fi\/index.php?rest_route=%2Fwp%2Fv2%2Fproduct_tag&post=73198"}],"curies":[{"name":"wp","href":"https:\/\/api.w.org\/{rel}","templated":true}]}}