{"id":73232,"date":"2021-02-21T19:26:18","date_gmt":"2021-02-21T19:26:18","guid":{"rendered":"https:\/\/www.autonvaraosahaku.fi\/?product=trw-bhq286e-jarrusatula"},"modified":"2021-02-21T19:26:22","modified_gmt":"2021-02-21T19:26:22","slug":"trw-bhq286e-jarrusatula","status":"publish","type":"product","link":"https:\/\/www.autonvaraosahaku.fi\/?product=trw-bhq286e-jarrusatula","title":{"rendered":"TRW BHQ286E Jarrusatula"},"content":{"rendered":"<p>Valmistaja rajaus: TRW; Jarrusatulatyyppi: Jarrusatula, Jarrusatula s\u00e4hk\u00f6mek. pys\u00e4k\u00f6intijarrun mekanismilla; Varusteet: ajoneuvoihin, joissa elektroninen seisontajarru; Materiaali: Alumiini; L\u00e4pimitta [mm]: 34; parilliset tuotenumerot: BHQ285E; Vaihto-osa: ; Huomioi tekniset tiedot: ; Asennuspuoli: Hinterachse; RENAULT: MEGANE III Grandtour KZ0\/1,SC\u00c9NIC III JZ0\/1_,MEGANE III Schr\u00e4gheck BZ0_,GRAND SC\u00c9NIC III JZ0\/1_,MEGANE III Coupe DZ0\/1_,MEGANE CC EZ0\/1_,FLUENCE L30_,MEGANE IV B9A\/M_,MEGANE IV Grandtour K9A\/M_,MEGANE IV Stufenheck; 440019012R<\/p>\n","protected":false},"excerpt":{"rendered":"<p>TRW Jarrusatula BHQ286E  RENAULT,MEGANE III Grandtour KZ0\/1,SC\u00c9NIC III JZ0\/1_,MEGANE III Schr\u00e4gheck BZ0_,GRAND SC\u00c9NIC III JZ0\/1_<\/p>\n","protected":false},"featured_media":0,"template":"","meta":{"site-sidebar-layout":"default","site-content-layout":"default","ast-global-header-display":"","ast-main-header-display":"","ast-hfb-above-header-display":"","ast-hfb-below-header-display":"","ast-hfb-mobile-header-display":"","site-post-title":"","ast-breadcrumbs-content":"","ast-featured-img":"","footer-sml-layout":"","theme-transparent-header-meta":"","adv-header-id-meta":"","stick-header-meta":"","header-above-stick-meta":"","header-main-stick-meta":"","header-below-stick-meta":""},"pwb-brand":[332],"product_cat":[177],"product_tag":[],"class_list":{"0":"post-73232","1":"product","2":"type-product","3":"status-publish","5":"pwb-brand-trw","6":"product_cat-jarrusatula","7":"desktop-align-left","8":"tablet-align-left","9":"mobile-align-left","11":"first","12":"instock","13":"product-type-external"},"brands":[{"id":332,"name":"TRW","slug":"trw"}],"_links":{"self":[{"href":"https:\/\/www.autonvaraosahaku.fi\/index.php?rest_route=\/wp\/v2\/product\/73232","targetHints":{"allow":["GET"]}}],"collection":[{"href":"https:\/\/www.autonvaraosahaku.fi\/index.php?rest_route=\/wp\/v2\/product"}],"about":[{"href":"https:\/\/www.autonvaraosahaku.fi\/index.php?rest_route=\/wp\/v2\/types\/product"}],"wp:attachment":[{"href":"https:\/\/www.autonvaraosahaku.fi\/index.php?rest_route=%2Fwp%2Fv2%2Fmedia&parent=73232"}],"wp:term":[{"taxonomy":"pwb-brand","embeddable":true,"href":"https:\/\/www.autonvaraosahaku.fi\/index.php?rest_route=%2Fwp%2Fv2%2Fpwb-brand&post=73232"},{"taxonomy":"product_cat","embeddable":true,"href":"https:\/\/www.autonvaraosahaku.fi\/index.php?rest_route=%2Fwp%2Fv2%2Fproduct_cat&post=73232"},{"taxonomy":"product_tag","embeddable":true,"href":"https:\/\/www.autonvaraosahaku.fi\/index.php?rest_route=%2Fwp%2Fv2%2Fproduct_tag&post=73232"}],"curies":[{"name":"wp","href":"https:\/\/api.w.org\/{rel}","templated":true}]}}