{"id":73244,"date":"2021-02-21T19:26:25","date_gmt":"2021-02-21T19:26:25","guid":{"rendered":"https:\/\/www.autonvaraosahaku.fi\/?product=a-b-s-8884-jarrukengat"},"modified":"2021-02-21T19:26:26","modified_gmt":"2021-02-21T19:26:26","slug":"a-b-s-8884-jarrukengat","status":"publish","type":"product","link":"https:\/\/www.autonvaraosahaku.fi\/?product=a-b-s-8884-jarrukengat","title":{"rendered":"A.B.S. 8884 Jarrukeng\u00e4t"},"content":{"rendered":"<p>L\u00e4pimitta [mm]: 200; Leveys (mm): 29; Jarruj\u00e4rjestelm\u00e4: OPEL; Valmistaja rajaus: OPEL; Paino [kg]: 1,42; Asennuspuoli: Hinterachse; OPEL: CORSA C F08, F68,CORSA B 73_, 78_, 79_,ASTRA F CC 53_, 54_, 58_, 59_,TIGRA TwinTop,ASTRA F Cabriolet 53_B,ASTRA F 56_, 57_,TIGRA 95_,CORSA A CC 93_, 94_, 98_, 99_,CORSA C Kasten F08, W5L,COMBO 71_,ASTRA F CLASSIC CC,CORSA A TR 91_, 92_, 96_, 97_,ASTRA F CLASSIC Stufenheck,CORSA B Kasten 73_,CORSA B Kombi F35,ASTRA F Van 55_; VAUXHALL: CORSA Mk II C W5L, F08,ASTRA Mk III F CC,CORSA Mk I B,CORSAVAN Mk II C,TIGRA Convertible,ASTRA Mk III F Estate,TIGRA Mk I F07,NOVA,ASTRAVAN Mk III F,COMBO Mk II C Kasten\/Kombi F25; 1605952, 90421796, 90542862, 91149504, 1605041, 1605052, 1605811, 1605909, 1605952, 90421796, 90542862, 91149504, 91158363, 9196291, 90421796, 90542862, 91149504, 91158363, 9196291; Jarrukenk\u00e4sarja<\/p>\n","protected":false},"excerpt":{"rendered":"<p>A.B.S. Jarrukeng\u00e4t 8884 Jarrukenk\u00e4sarja OPEL,VAUXHALL,CORSA C F08, F68,CORSA B 73_, 78_, 79_,ASTRA F CC 53_, 54_, 58_, 59_,TIGRA TwinTop<\/p>\n","protected":false},"featured_media":0,"template":"","meta":{"site-sidebar-layout":"default","site-content-layout":"default","ast-global-header-display":"","ast-main-header-display":"","ast-hfb-above-header-display":"","ast-hfb-below-header-display":"","ast-hfb-mobile-header-display":"","site-post-title":"","ast-breadcrumbs-content":"","ast-featured-img":"","footer-sml-layout":"","theme-transparent-header-meta":"","adv-header-id-meta":"","stick-header-meta":"","header-above-stick-meta":"","header-main-stick-meta":"","header-below-stick-meta":""},"pwb-brand":[326],"product_cat":[176],"product_tag":[],"class_list":{"0":"post-73244","1":"product","2":"type-product","3":"status-publish","5":"pwb-brand-a-b-s","6":"product_cat-jarrukengat","7":"desktop-align-left","8":"tablet-align-left","9":"mobile-align-left","11":"first","12":"instock","13":"product-type-external"},"brands":[{"id":326,"name":"A.B.S.","slug":"a-b-s"}],"_links":{"self":[{"href":"https:\/\/www.autonvaraosahaku.fi\/index.php?rest_route=\/wp\/v2\/product\/73244","targetHints":{"allow":["GET"]}}],"collection":[{"href":"https:\/\/www.autonvaraosahaku.fi\/index.php?rest_route=\/wp\/v2\/product"}],"about":[{"href":"https:\/\/www.autonvaraosahaku.fi\/index.php?rest_route=\/wp\/v2\/types\/product"}],"wp:attachment":[{"href":"https:\/\/www.autonvaraosahaku.fi\/index.php?rest_route=%2Fwp%2Fv2%2Fmedia&parent=73244"}],"wp:term":[{"taxonomy":"pwb-brand","embeddable":true,"href":"https:\/\/www.autonvaraosahaku.fi\/index.php?rest_route=%2Fwp%2Fv2%2Fpwb-brand&post=73244"},{"taxonomy":"product_cat","embeddable":true,"href":"https:\/\/www.autonvaraosahaku.fi\/index.php?rest_route=%2Fwp%2Fv2%2Fproduct_cat&post=73244"},{"taxonomy":"product_tag","embeddable":true,"href":"https:\/\/www.autonvaraosahaku.fi\/index.php?rest_route=%2Fwp%2Fv2%2Fproduct_tag&post=73244"}],"curies":[{"name":"wp","href":"https:\/\/api.w.org\/{rel}","templated":true}]}}