{"id":73274,"date":"2021-02-21T19:26:32","date_gmt":"2021-02-21T19:26:32","guid":{"rendered":"https:\/\/www.autonvaraosahaku.fi\/?product=topran-111-255-ikkunannostin"},"modified":"2021-02-21T19:26:36","modified_gmt":"2021-02-21T19:26:36","slug":"topran-111-255-ikkunannostin","status":"publish","type":"product","link":"https:\/\/www.autonvaraosahaku.fi\/?product=topran-111-255-ikkunannostin","title":{"rendered":"TOPRAN 111 255 Ikkunannostin"},"content":{"rendered":"<p>Asennuspuoli: Eteen, vasen; Varusteet: ajoneuvoille s\u00e4hk\u00f6-ikkunahisseill\u00e4; Lis\u00e4tarvike\/lis\u00e4tieto: Ilman s\u00e4hk\u00f6moottoria; Vasen \/ oikea liikenne: Oikean-\/vasemmanpuolinen ohjaus; Ikkunannostimet: Kaksoiskisko-vaijeri-ikkunannostin; Oviluku: 4; K\u00e4ytt\u00f6: S\u00e4hk\u00f6inen; parilliset tuotenumerot: 111 256; Moottorinumero: ABU; VW: CADDY II Kasten 9K9A,POLO CLASSIC 6KV2,CADDY II Kombi 9K9B; SEAT: IBIZA II 6K1,CORDOBA 6K1, 6K2,CORDOBA Vario 6K1,INCA 6K9; 6K4837401B, 6K4837401H, 6K4837401P, 6K4837401B, 6K4837401H, 6K4837401P; Lasinnostin<\/p>\n","protected":false},"excerpt":{"rendered":"<p>TOPRAN Ikkunannostin 111 255 Lasinnostin VW,SEAT,CADDY II Kasten 9K9A,POLO CLASSIC 6KV2,CADDY II Kombi 9K9B,IBIZA II 6K1,CORDOBA 6K1, 6K2<\/p>\n","protected":false},"featured_media":0,"template":"","meta":{"site-sidebar-layout":"default","site-content-layout":"default","ast-global-header-display":"","ast-main-header-display":"","ast-hfb-above-header-display":"","ast-hfb-below-header-display":"","ast-hfb-mobile-header-display":"","site-post-title":"","ast-breadcrumbs-content":"","ast-featured-img":"","footer-sml-layout":"","theme-transparent-header-meta":"","adv-header-id-meta":"","stick-header-meta":"","header-above-stick-meta":"","header-main-stick-meta":"","header-below-stick-meta":""},"pwb-brand":[18],"product_cat":[203],"product_tag":[],"class_list":{"0":"post-73274","1":"product","2":"type-product","3":"status-publish","5":"pwb-brand-topran","6":"product_cat-ikkunannostin","7":"desktop-align-left","8":"tablet-align-left","9":"mobile-align-left","11":"first","12":"instock","13":"product-type-external"},"brands":[{"id":18,"name":"TOPRAN","slug":"topran"}],"_links":{"self":[{"href":"https:\/\/www.autonvaraosahaku.fi\/index.php?rest_route=\/wp\/v2\/product\/73274","targetHints":{"allow":["GET"]}}],"collection":[{"href":"https:\/\/www.autonvaraosahaku.fi\/index.php?rest_route=\/wp\/v2\/product"}],"about":[{"href":"https:\/\/www.autonvaraosahaku.fi\/index.php?rest_route=\/wp\/v2\/types\/product"}],"wp:attachment":[{"href":"https:\/\/www.autonvaraosahaku.fi\/index.php?rest_route=%2Fwp%2Fv2%2Fmedia&parent=73274"}],"wp:term":[{"taxonomy":"pwb-brand","embeddable":true,"href":"https:\/\/www.autonvaraosahaku.fi\/index.php?rest_route=%2Fwp%2Fv2%2Fpwb-brand&post=73274"},{"taxonomy":"product_cat","embeddable":true,"href":"https:\/\/www.autonvaraosahaku.fi\/index.php?rest_route=%2Fwp%2Fv2%2Fproduct_cat&post=73274"},{"taxonomy":"product_tag","embeddable":true,"href":"https:\/\/www.autonvaraosahaku.fi\/index.php?rest_route=%2Fwp%2Fv2%2Fproduct_tag&post=73274"}],"curies":[{"name":"wp","href":"https:\/\/api.w.org\/{rel}","templated":true}]}}