{"id":73282,"date":"2021-02-21T19:26:39","date_gmt":"2021-02-21T19:26:39","guid":{"rendered":"https:\/\/www.autonvaraosahaku.fi\/?product=mapco-36522-jousijalan-tukilaakeri"},"modified":"2021-02-21T19:26:40","modified_gmt":"2021-02-21T19:26:40","slug":"mapco-36522-jousijalan-tukilaakeri","status":"publish","type":"product","link":"https:\/\/www.autonvaraosahaku.fi\/?product=mapco-36522-jousijalan-tukilaakeri","title":{"rendered":"MAPCO 36522 Jousijalan tukilaakeri"},"content":{"rendered":"<p>Asennuspuoli: etuakseli molemminpuoleinen; Korvaava tuote\/korvaava tiedote 2: Vierint\u00e4laakerilla; Tarvittava kappalem\u00e4\u00e4r\u00e4: 2; Vaihdettava pareittain: ; NISSAN: X-TRAIL T30,ALMERA TINO V10,PRIMERA Kombi WP12,PRIMERA P12,MURANO Z50,PRIMERA Hatchback P12,MAXIMA QX A33; 543203Z000, 543204U000, 543208H310, 543208H311, 543208J001, 54320AU700, 54320AU701, 54320CA002, 54320CN100<\/p>\n","protected":false},"excerpt":{"rendered":"<p>MAPCO Korjaussarja, Jousijalan Tukilaakeri 36522  NISSAN,X-TRAIL T30,ALMERA TINO V10,PRIMERA Kombi WP12,PRIMERA P12,MURANO Z50,PRIMERA Hatchback P12<\/p>\n","protected":false},"featured_media":0,"template":"","meta":{"site-sidebar-layout":"default","site-content-layout":"default","ast-global-header-display":"","ast-main-header-display":"","ast-hfb-above-header-display":"","ast-hfb-below-header-display":"","ast-hfb-mobile-header-display":"","site-post-title":"","ast-breadcrumbs-content":"","ast-featured-img":"","footer-sml-layout":"","theme-transparent-header-meta":"","adv-header-id-meta":"","stick-header-meta":"","header-above-stick-meta":"","header-main-stick-meta":"","header-below-stick-meta":""},"pwb-brand":[36],"product_cat":[45],"product_tag":[],"class_list":{"0":"post-73282","1":"product","2":"type-product","3":"status-publish","5":"pwb-brand-mapco","6":"product_cat-jousijalan-tukilaakeri","7":"desktop-align-left","8":"tablet-align-left","9":"mobile-align-left","11":"first","12":"instock","13":"product-type-external"},"brands":[{"id":36,"name":"MAPCO","slug":"mapco"}],"_links":{"self":[{"href":"https:\/\/www.autonvaraosahaku.fi\/index.php?rest_route=\/wp\/v2\/product\/73282","targetHints":{"allow":["GET"]}}],"collection":[{"href":"https:\/\/www.autonvaraosahaku.fi\/index.php?rest_route=\/wp\/v2\/product"}],"about":[{"href":"https:\/\/www.autonvaraosahaku.fi\/index.php?rest_route=\/wp\/v2\/types\/product"}],"wp:attachment":[{"href":"https:\/\/www.autonvaraosahaku.fi\/index.php?rest_route=%2Fwp%2Fv2%2Fmedia&parent=73282"}],"wp:term":[{"taxonomy":"pwb-brand","embeddable":true,"href":"https:\/\/www.autonvaraosahaku.fi\/index.php?rest_route=%2Fwp%2Fv2%2Fpwb-brand&post=73282"},{"taxonomy":"product_cat","embeddable":true,"href":"https:\/\/www.autonvaraosahaku.fi\/index.php?rest_route=%2Fwp%2Fv2%2Fproduct_cat&post=73282"},{"taxonomy":"product_tag","embeddable":true,"href":"https:\/\/www.autonvaraosahaku.fi\/index.php?rest_route=%2Fwp%2Fv2%2Fproduct_tag&post=73282"}],"curies":[{"name":"wp","href":"https:\/\/api.w.org\/{rel}","templated":true}]}}