{"id":73286,"date":"2021-02-21T19:26:39","date_gmt":"2021-02-21T19:26:39","guid":{"rendered":"https:\/\/www.autonvaraosahaku.fi\/?product=ernst-314084-takaaanenvaimennin"},"modified":"2021-02-21T19:26:41","modified_gmt":"2021-02-21T19:26:41","slug":"ernst-314084-takaaanenvaimennin","status":"publish","type":"product","link":"https:\/\/www.autonvaraosahaku.fi\/?product=ernst-314084-takaaanenvaimennin","title":{"rendered":"ERNST 314084 Taka\u00e4\u00e4nenvaimennin"},"content":{"rendered":"<p>Lis\u00e4ksi tarvittavat tuotteet ks. tarvikeluettelo: ; Pituus (mm): 950; Bruttopaino [kg]: 7,400; TECDOC-moottorinumero: 23539; FORD: FIESTA VI; 1521746, 1540179, 1556631, 1580172, 1673791, 1804962, 1864546, 1879593, 1884701, 1907949; Takavaimennin,Takap\u00f6ntt\u00f6,Taka\u00e4\u00e4nenvaimentaja<\/p>\n","protected":false},"excerpt":{"rendered":"<p>ERNST Taka\u00e4\u00e4nenvaimennin 314084 Takavaimennin,Takap\u00f6ntt\u00f6 FORD,FIESTA VI<\/p>\n","protected":false},"featured_media":0,"template":"","meta":{"site-sidebar-layout":"default","site-content-layout":"default","ast-global-header-display":"","ast-main-header-display":"","ast-hfb-above-header-display":"","ast-hfb-below-header-display":"","ast-hfb-mobile-header-display":"","site-post-title":"","ast-breadcrumbs-content":"","ast-featured-img":"","footer-sml-layout":"","theme-transparent-header-meta":"","adv-header-id-meta":"","stick-header-meta":"","header-above-stick-meta":"","header-main-stick-meta":"","header-below-stick-meta":""},"pwb-brand":[63],"product_cat":[90],"product_tag":[],"class_list":{"0":"post-73286","1":"product","2":"type-product","3":"status-publish","5":"pwb-brand-ernst","6":"product_cat-takaaanenvaimennin","7":"desktop-align-left","8":"tablet-align-left","9":"mobile-align-left","11":"first","12":"instock","13":"product-type-external"},"brands":[{"id":63,"name":"ERNST","slug":"ernst"}],"_links":{"self":[{"href":"https:\/\/www.autonvaraosahaku.fi\/index.php?rest_route=\/wp\/v2\/product\/73286","targetHints":{"allow":["GET"]}}],"collection":[{"href":"https:\/\/www.autonvaraosahaku.fi\/index.php?rest_route=\/wp\/v2\/product"}],"about":[{"href":"https:\/\/www.autonvaraosahaku.fi\/index.php?rest_route=\/wp\/v2\/types\/product"}],"wp:attachment":[{"href":"https:\/\/www.autonvaraosahaku.fi\/index.php?rest_route=%2Fwp%2Fv2%2Fmedia&parent=73286"}],"wp:term":[{"taxonomy":"pwb-brand","embeddable":true,"href":"https:\/\/www.autonvaraosahaku.fi\/index.php?rest_route=%2Fwp%2Fv2%2Fpwb-brand&post=73286"},{"taxonomy":"product_cat","embeddable":true,"href":"https:\/\/www.autonvaraosahaku.fi\/index.php?rest_route=%2Fwp%2Fv2%2Fproduct_cat&post=73286"},{"taxonomy":"product_tag","embeddable":true,"href":"https:\/\/www.autonvaraosahaku.fi\/index.php?rest_route=%2Fwp%2Fv2%2Fproduct_tag&post=73286"}],"curies":[{"name":"wp","href":"https:\/\/api.w.org\/{rel}","templated":true}]}}