{"id":73302,"date":"2021-02-21T19:26:46","date_gmt":"2021-02-21T19:26:46","guid":{"rendered":"https:\/\/www.autonvaraosahaku.fi\/?product=a-b-s-0019q-muut-luokat"},"modified":"2021-02-21T19:26:47","modified_gmt":"2021-02-21T19:26:47","slug":"a-b-s-0019q-muut-luokat","status":"publish","type":"product","link":"https:\/\/www.autonvaraosahaku.fi\/?product=a-b-s-0019q-muut-luokat","title":{"rendered":"A.B.S. 0019Q Muut luokat"},"content":{"rendered":"<p>Jarruj\u00e4rjestelm\u00e4: MANDO; tuotenumerolle: 9196, 9371; Rumpul\u00e4pimitta: 190; Paino [kg]: 0,06; Asennuspuoli: Hinterachse; KIA: SORENTO II XM; HYUNDAI: SANTA F\u00c9 II CM<\/p>\n","protected":false},"excerpt":{"rendered":"<p>A.B.S. Tarvikesarja, K\u00e4sijarru 0019Q  KIA,HYUNDAI,SORENTO II XM,SANTA F\u00c9 II CM<\/p>\n","protected":false},"featured_media":0,"template":"","meta":{"site-sidebar-layout":"default","site-content-layout":"default","ast-global-header-display":"","ast-main-header-display":"","ast-hfb-above-header-display":"","ast-hfb-below-header-display":"","ast-hfb-mobile-header-display":"","site-post-title":"","ast-breadcrumbs-content":"","ast-featured-img":"","footer-sml-layout":"","theme-transparent-header-meta":"","adv-header-id-meta":"","stick-header-meta":"","header-above-stick-meta":"","header-main-stick-meta":"","header-below-stick-meta":""},"pwb-brand":[326],"product_cat":[37],"product_tag":[],"class_list":{"0":"post-73302","1":"product","2":"type-product","3":"status-publish","5":"pwb-brand-a-b-s","6":"product_cat-muut-luokat","7":"desktop-align-left","8":"tablet-align-left","9":"mobile-align-left","11":"first","12":"instock","13":"product-type-external"},"brands":[{"id":326,"name":"A.B.S.","slug":"a-b-s"}],"_links":{"self":[{"href":"https:\/\/www.autonvaraosahaku.fi\/index.php?rest_route=\/wp\/v2\/product\/73302","targetHints":{"allow":["GET"]}}],"collection":[{"href":"https:\/\/www.autonvaraosahaku.fi\/index.php?rest_route=\/wp\/v2\/product"}],"about":[{"href":"https:\/\/www.autonvaraosahaku.fi\/index.php?rest_route=\/wp\/v2\/types\/product"}],"wp:attachment":[{"href":"https:\/\/www.autonvaraosahaku.fi\/index.php?rest_route=%2Fwp%2Fv2%2Fmedia&parent=73302"}],"wp:term":[{"taxonomy":"pwb-brand","embeddable":true,"href":"https:\/\/www.autonvaraosahaku.fi\/index.php?rest_route=%2Fwp%2Fv2%2Fpwb-brand&post=73302"},{"taxonomy":"product_cat","embeddable":true,"href":"https:\/\/www.autonvaraosahaku.fi\/index.php?rest_route=%2Fwp%2Fv2%2Fproduct_cat&post=73302"},{"taxonomy":"product_tag","embeddable":true,"href":"https:\/\/www.autonvaraosahaku.fi\/index.php?rest_route=%2Fwp%2Fv2%2Fproduct_tag&post=73302"}],"curies":[{"name":"wp","href":"https:\/\/api.w.org\/{rel}","templated":true}]}}