{"id":73317,"date":"2021-02-21T19:26:46","date_gmt":"2021-02-21T19:26:46","guid":{"rendered":"https:\/\/www.autonvaraosahaku.fi\/?product=pierburg-7-02209-11-0-egr-venttiili"},"modified":"2021-02-21T19:26:51","modified_gmt":"2021-02-21T19:26:51","slug":"pierburg-7-02209-11-0-egr-venttiili","status":"publish","type":"product","link":"https:\/\/www.autonvaraosahaku.fi\/?product=pierburg-7-02209-11-0-egr-venttiili","title":{"rendered":"PIERBURG 7.02209.11.0 Egr venttiili"},"content":{"rendered":"<p>Venttiilimalli: Ohjausventtiili; K\u00e4ytt\u00f6: S\u00e4hk\u00f6inen; Lis\u00e4tarvike\/lis\u00e4tieto: Tiivisteill\u00e4; Teknisten tietojen numero: SI 0100; TECDOC-moottorinumero: 25881; VOLVO: V50 MW,V70 III BW,C30,V60,S40 II MS,V40 Schr\u00e4gheck,S80 II AS,S60 II; FORD: FIESTA VI,MONDEO IV Turnier BA7,S-MAX WA6,FOCUS III Turnier,GALAXY WA6,FOCUS III,C-MAX II,MONDEO IV BA7,GRAND C-MAX,B-MAX JK,ECOSPORT,FOCUS III Stufenheck,MONDEO IV Stufenheck BA7,TOURNEO CONNECT \/ GRAND TOURNEO CONNECT Kombi,FIESTA VI Van,TRANSIT CONNECT Kasten,MONDEO V Turnier,GRAND C-MAX Van,MONDEO V Schr\u00e4gheck,C-MAX II Van,TOURNEO COURIER Kombi,B-MAX Van,TRANSIT CONNECT Kombi,TRANSIT COURIER Kasten,FOCUS III Kasten\/Schr\u00e4gheck,TRANSIT COURIER Kombi; FIAT: SCUDO 270_,SCUDO Kasten 270_; CITRO\u00cbN: BERLINGO B9,C5 III Break TD_,C4 Picasso I UD_,C4 Grand Picasso I UA_,DS3,C3 Picasso,C5 III RD_,C3 II,C4 II B7,JUMPY,BERLINGO Kasten B9,JUMPY Kasten,C4 Grand Picasso II,C4 Picasso II,DS4,DS5,C4 AIRCROSS,DS3 Cabriolet,BERLINGO Pritsche\/Fahrgestell B9,C-ELYSEE,C4 CACTUS,C4 Stufenheck N; PEUGEOT: 207 WA_, WC_,207 CC WD_,207 SW WK_,308 SW,208,206+ T3E,308 4A_, 4C_,5008,508 SW,3008,PARTNER Tepee,308 CC,2008,PARTNER Kasten 5,508,EXPERT Tepee VF3V_,EXPERT Kasten VF3A_, VF3U_, VF3X_,PARTNER Kasten,308 II,4008,301,308 SW II,207 Van,EXPERT Pritsche\/Fahrgestell,PARTNER Pritsche\/Fahrgestell,TRAVELLER,208 Kasten; MITSUBISHI: ASX GA_W_; DS: DS 3,DS5,DS 4 \/ DS 4 CROSSBACK; 1618LN, 1618LN, 9467633780, 1696587, 1702178, AV6Q9E456AA, AV6Q9E456BA, MN982670, 1618LN, 36001458, 36001479, 36001487; Venttiili, Pakokaasun Kierr\u00e4tys<\/p>\n","protected":false},"excerpt":{"rendered":"<p>PIERBURG EGR Venttiili 7.02209.11.0 Venttiili, Pakokaasun Kierr\u00e4tys VOLVO,FORD,FIAT,V50 MW,V70 III BW,C30,V60,S40 II MS,V40 Schr\u00e4gheck,S80 II AS<\/p>\n","protected":false},"featured_media":0,"template":"","meta":{"site-sidebar-layout":"default","site-content-layout":"default","ast-global-header-display":"","ast-main-header-display":"","ast-hfb-above-header-display":"","ast-hfb-below-header-display":"","ast-hfb-mobile-header-display":"","site-post-title":"","ast-breadcrumbs-content":"","ast-featured-img":"","footer-sml-layout":"","theme-transparent-header-meta":"","adv-header-id-meta":"","stick-header-meta":"","header-above-stick-meta":"","header-main-stick-meta":"","header-below-stick-meta":""},"pwb-brand":[380],"product_cat":[35],"product_tag":[],"class_list":{"0":"post-73317","1":"product","2":"type-product","3":"status-publish","5":"pwb-brand-pierburg","6":"product_cat-egr-venttiili","7":"desktop-align-left","8":"tablet-align-left","9":"mobile-align-left","11":"first","12":"instock","13":"product-type-external"},"brands":[{"id":380,"name":"PIERBURG","slug":"pierburg"}],"_links":{"self":[{"href":"https:\/\/www.autonvaraosahaku.fi\/index.php?rest_route=\/wp\/v2\/product\/73317","targetHints":{"allow":["GET"]}}],"collection":[{"href":"https:\/\/www.autonvaraosahaku.fi\/index.php?rest_route=\/wp\/v2\/product"}],"about":[{"href":"https:\/\/www.autonvaraosahaku.fi\/index.php?rest_route=\/wp\/v2\/types\/product"}],"wp:attachment":[{"href":"https:\/\/www.autonvaraosahaku.fi\/index.php?rest_route=%2Fwp%2Fv2%2Fmedia&parent=73317"}],"wp:term":[{"taxonomy":"pwb-brand","embeddable":true,"href":"https:\/\/www.autonvaraosahaku.fi\/index.php?rest_route=%2Fwp%2Fv2%2Fpwb-brand&post=73317"},{"taxonomy":"product_cat","embeddable":true,"href":"https:\/\/www.autonvaraosahaku.fi\/index.php?rest_route=%2Fwp%2Fv2%2Fproduct_cat&post=73317"},{"taxonomy":"product_tag","embeddable":true,"href":"https:\/\/www.autonvaraosahaku.fi\/index.php?rest_route=%2Fwp%2Fv2%2Fproduct_tag&post=73317"}],"curies":[{"name":"wp","href":"https:\/\/api.w.org\/{rel}","templated":true}]}}