{"id":7332,"date":"2021-02-21T13:59:52","date_gmt":"2021-02-21T13:59:52","guid":{"rendered":"https:\/\/www.autonvaraosahaku.fi\/?product=master-sport-13046039662n-set-ms-jarrupalat"},"modified":"2021-02-21T13:59:53","modified_gmt":"2021-02-21T13:59:53","slug":"master-sport-13046039662n-set-ms-jarrupalat","status":"publish","type":"product","link":"https:\/\/www.autonvaraosahaku.fi\/?product=master-sport-13046039662n-set-ms-jarrupalat","title":{"rendered":"MASTER-SPORT 13046039662N-SET-MS Jarrupalat"},"content":{"rendered":"<p>Paksuus [mm]: 19,4; Jarruj\u00e4rjestelm\u00e4: Bosch; Leveys (mm): 136,8; Korkeus (mm): 57,5; Ruuvien m\u00e4\u00e4r\u00e4: 2; Kulumisenilmaisimen liitos: Ilman kulumisenilmaisinta, Ei kulumisenilmaisimelle; Korvaava tuote\/korvaava tiedote 2: Huudonvaimennuspellill\u00e4; Nettopaino [kg]: 1,6; Bruttopaino [kg]: 1,7; Asennuspuoli: Vorderachse; CITRO\u00cbN: C3 I FC_,C4 I LC_,XSARA N1,C4 Coupe LA_,XSARA Break N2,XSARA Coupe N0,C4 Stufenheck L; PEUGEOT: 206 Schr\u00e4gheck 2A\/C,207 WA_, WC_,307 SW 3H,207 CC WD_,307 CC 3B,307 3A\/C,207 SW WK_,307 Break 3E,1007 KM_,207 Van; 1611140780, 1611838880, 1613704080, 1617256680, 425235, 425331, 425370, 425427, 425471, 425489, 1611140780, 425222, 425250, 425339, 425370, 425385, 425418, 425427, 425471, 425489; Jarrupalasarja,Jarrupala, Levyjarru<\/p>\n","protected":false},"excerpt":{"rendered":"<p>MASTER-SPORT Jarrupalat Premium 13046039662N-SET-MS Jarrupalasarja,Jarrupala, Levyjarru CITRO\u00cbN,PEUGEOT,C3 I FC_,C4 I LC_,XSARA N1,C4 Coupe LA_<\/p>\n","protected":false},"featured_media":0,"template":"","meta":{"site-sidebar-layout":"default","site-content-layout":"default","ast-global-header-display":"","ast-main-header-display":"","ast-hfb-above-header-display":"","ast-hfb-below-header-display":"","ast-hfb-mobile-header-display":"","site-post-title":"","ast-breadcrumbs-content":"","ast-featured-img":"","footer-sml-layout":"","theme-transparent-header-meta":"","adv-header-id-meta":"","stick-header-meta":"","header-above-stick-meta":"","header-main-stick-meta":"","header-below-stick-meta":""},"pwb-brand":[61],"product_cat":[100],"product_tag":[],"class_list":{"0":"post-7332","1":"product","2":"type-product","3":"status-publish","5":"pwb-brand-master-sport","6":"product_cat-jarrupalat","7":"desktop-align-left","8":"tablet-align-left","9":"mobile-align-left","11":"first","12":"instock","13":"product-type-external"},"brands":[{"id":61,"name":"MASTER-SPORT","slug":"master-sport"}],"_links":{"self":[{"href":"https:\/\/www.autonvaraosahaku.fi\/index.php?rest_route=\/wp\/v2\/product\/7332","targetHints":{"allow":["GET"]}}],"collection":[{"href":"https:\/\/www.autonvaraosahaku.fi\/index.php?rest_route=\/wp\/v2\/product"}],"about":[{"href":"https:\/\/www.autonvaraosahaku.fi\/index.php?rest_route=\/wp\/v2\/types\/product"}],"wp:attachment":[{"href":"https:\/\/www.autonvaraosahaku.fi\/index.php?rest_route=%2Fwp%2Fv2%2Fmedia&parent=7332"}],"wp:term":[{"taxonomy":"pwb-brand","embeddable":true,"href":"https:\/\/www.autonvaraosahaku.fi\/index.php?rest_route=%2Fwp%2Fv2%2Fpwb-brand&post=7332"},{"taxonomy":"product_cat","embeddable":true,"href":"https:\/\/www.autonvaraosahaku.fi\/index.php?rest_route=%2Fwp%2Fv2%2Fproduct_cat&post=7332"},{"taxonomy":"product_tag","embeddable":true,"href":"https:\/\/www.autonvaraosahaku.fi\/index.php?rest_route=%2Fwp%2Fv2%2Fproduct_tag&post=7332"}],"curies":[{"name":"wp","href":"https:\/\/api.w.org\/{rel}","templated":true}]}}