{"id":73355,"date":"2021-02-21T19:27:00","date_gmt":"2021-02-21T19:27:00","guid":{"rendered":"https:\/\/www.autonvaraosahaku.fi\/?product=a-b-s-428522-jarrusatula"},"modified":"2021-02-21T19:27:04","modified_gmt":"2021-02-21T19:27:04","slug":"a-b-s-428522-jarrusatula","status":"publish","type":"product","link":"https:\/\/www.autonvaraosahaku.fi\/?product=a-b-s-428522-jarrusatula","title":{"rendered":"A.B.S. 428522 Jarrusatula"},"content":{"rendered":"<p>Jarruj\u00e4rjestelm\u00e4: ATE; parilliset tuotenumerot: 428521; Materiaali: Harmaa valurauta; Jarrusatulatyyppi: Jarrusatula (2-m\u00e4nt\u00e4\u00e4); Liittimi\u00e4: 1; Paino [kg]: 2,6; Jarrulevypaksuudelle [mm]: 9,9, 9,9; Asennuspuoli: Hinterachse; MERCEDES-BENZ: SL R107,Stufenheck W123,S-CLASS W126,COUPE C123,S-CLASS W116,S-CLASS Coupe C126,KOMBI Kombi S123,SL Coupe C107; 1234200683, 1234200883, 1234201083, 1234201583, 1264201583, A1234200683, A1234200883, A1234201083, A1234201583, A1264201583<\/p>\n","protected":false},"excerpt":{"rendered":"<p>A.B.S. Jarrusatula 428522  MERCEDES-BENZ,SL R107,Stufenheck W123,S-CLASS W126,COUPE C123,S-CLASS W116,S-CLASS Coupe C126,KOMBI Kombi S123<\/p>\n","protected":false},"featured_media":0,"template":"","meta":{"site-sidebar-layout":"default","site-content-layout":"default","ast-global-header-display":"","ast-main-header-display":"","ast-hfb-above-header-display":"","ast-hfb-below-header-display":"","ast-hfb-mobile-header-display":"","site-post-title":"","ast-breadcrumbs-content":"","ast-featured-img":"","footer-sml-layout":"","theme-transparent-header-meta":"","adv-header-id-meta":"","stick-header-meta":"","header-above-stick-meta":"","header-main-stick-meta":"","header-below-stick-meta":""},"pwb-brand":[326],"product_cat":[177],"product_tag":[],"class_list":{"0":"post-73355","1":"product","2":"type-product","3":"status-publish","5":"pwb-brand-a-b-s","6":"product_cat-jarrusatula","7":"desktop-align-left","8":"tablet-align-left","9":"mobile-align-left","11":"first","12":"instock","13":"product-type-external"},"brands":[{"id":326,"name":"A.B.S.","slug":"a-b-s"}],"_links":{"self":[{"href":"https:\/\/www.autonvaraosahaku.fi\/index.php?rest_route=\/wp\/v2\/product\/73355","targetHints":{"allow":["GET"]}}],"collection":[{"href":"https:\/\/www.autonvaraosahaku.fi\/index.php?rest_route=\/wp\/v2\/product"}],"about":[{"href":"https:\/\/www.autonvaraosahaku.fi\/index.php?rest_route=\/wp\/v2\/types\/product"}],"wp:attachment":[{"href":"https:\/\/www.autonvaraosahaku.fi\/index.php?rest_route=%2Fwp%2Fv2%2Fmedia&parent=73355"}],"wp:term":[{"taxonomy":"pwb-brand","embeddable":true,"href":"https:\/\/www.autonvaraosahaku.fi\/index.php?rest_route=%2Fwp%2Fv2%2Fpwb-brand&post=73355"},{"taxonomy":"product_cat","embeddable":true,"href":"https:\/\/www.autonvaraosahaku.fi\/index.php?rest_route=%2Fwp%2Fv2%2Fproduct_cat&post=73355"},{"taxonomy":"product_tag","embeddable":true,"href":"https:\/\/www.autonvaraosahaku.fi\/index.php?rest_route=%2Fwp%2Fv2%2Fproduct_tag&post=73355"}],"curies":[{"name":"wp","href":"https:\/\/api.w.org\/{rel}","templated":true}]}}