{"id":73356,"date":"2021-02-21T19:27:00","date_gmt":"2021-02-21T19:27:00","guid":{"rendered":"https:\/\/www.autonvaraosahaku.fi\/?product=reinz-01-53010-01-kannentiiviste"},"modified":"2021-02-21T19:27:04","modified_gmt":"2021-02-21T19:27:04","slug":"reinz-01-53010-01-kannentiiviste","status":"publish","type":"product","link":"https:\/\/www.autonvaraosahaku.fi\/?product=reinz-01-53010-01-kannentiiviste","title":{"rendered":"REINZ 01-53010-01 Kannentiiviste"},"content":{"rendered":"<p>Lis\u00e4tarvike\/lis\u00e4tieto: Venttiilivarren tiivisteell\u00e4, Kampiakselin tiivisteell\u00e4; TECDOC-moottorinumero: 4917; SUZUKI: SWIFT II Schr\u00e4gheck EA, MA,VITARA ET, TA,VITARA Cabrio ET, TA,BALENO Kombi EG,BALENO EG,BALENO Schr\u00e4gheck EG,ALTO HA12, HA23,X-90 EL,SWIFT II Stufenheck AH, AJ,GRAND VITARA I Cabriolet GT; 1140071812<\/p>\n","protected":false},"excerpt":{"rendered":"<p>REINZ T\u00e4ydellinen Tiivistesarja Moottori 01-53010-01  SUZUKI,SWIFT II Schr\u00e4gheck EA, MA,VITARA ET, TA,VITARA Cabrio ET, TA,BALENO Kombi EG,BALENO EG<\/p>\n","protected":false},"featured_media":0,"template":"","meta":{"site-sidebar-layout":"default","site-content-layout":"default","ast-global-header-display":"","ast-main-header-display":"","ast-hfb-above-header-display":"","ast-hfb-below-header-display":"","ast-hfb-mobile-header-display":"","site-post-title":"","ast-breadcrumbs-content":"","ast-featured-img":"","footer-sml-layout":"","theme-transparent-header-meta":"","adv-header-id-meta":"","stick-header-meta":"","header-above-stick-meta":"","header-main-stick-meta":"","header-below-stick-meta":""},"pwb-brand":[138],"product_cat":[230],"product_tag":[],"class_list":{"0":"post-73356","1":"product","2":"type-product","3":"status-publish","5":"pwb-brand-reinz","6":"product_cat-kannentiiviste","7":"desktop-align-left","8":"tablet-align-left","9":"mobile-align-left","11":"first","12":"instock","13":"product-type-external"},"brands":[{"id":138,"name":"REINZ","slug":"reinz"}],"_links":{"self":[{"href":"https:\/\/www.autonvaraosahaku.fi\/index.php?rest_route=\/wp\/v2\/product\/73356","targetHints":{"allow":["GET"]}}],"collection":[{"href":"https:\/\/www.autonvaraosahaku.fi\/index.php?rest_route=\/wp\/v2\/product"}],"about":[{"href":"https:\/\/www.autonvaraosahaku.fi\/index.php?rest_route=\/wp\/v2\/types\/product"}],"wp:attachment":[{"href":"https:\/\/www.autonvaraosahaku.fi\/index.php?rest_route=%2Fwp%2Fv2%2Fmedia&parent=73356"}],"wp:term":[{"taxonomy":"pwb-brand","embeddable":true,"href":"https:\/\/www.autonvaraosahaku.fi\/index.php?rest_route=%2Fwp%2Fv2%2Fpwb-brand&post=73356"},{"taxonomy":"product_cat","embeddable":true,"href":"https:\/\/www.autonvaraosahaku.fi\/index.php?rest_route=%2Fwp%2Fv2%2Fproduct_cat&post=73356"},{"taxonomy":"product_tag","embeddable":true,"href":"https:\/\/www.autonvaraosahaku.fi\/index.php?rest_route=%2Fwp%2Fv2%2Fproduct_tag&post=73356"}],"curies":[{"name":"wp","href":"https:\/\/api.w.org\/{rel}","templated":true}]}}