{"id":73358,"date":"2021-02-21T19:27:00","date_gmt":"2021-02-21T19:27:00","guid":{"rendered":"https:\/\/www.autonvaraosahaku.fi\/?product=a-b-s-40886-kasijarrukengat"},"modified":"2021-02-21T19:27:05","modified_gmt":"2021-02-21T19:27:05","slug":"a-b-s-40886-kasijarrukengat","status":"publish","type":"product","link":"https:\/\/www.autonvaraosahaku.fi\/?product=a-b-s-40886-kasijarrukengat","title":{"rendered":"A.B.S. 40886 K\u00e4sijarrukeng\u00e4t"},"content":{"rendered":"<p>L\u00e4pimitta [mm]: 170; Leveys (mm): 32; Paino [kg]: 1,16; Asennuspuoli: Hinterachse; PEUGEOT: 4007 GP_,4008; CITRO\u00cbN: C4 AIRCROSS; MITSUBISHI: ASX GA_W_,OUTLANDER XL II CW_W,LANCER SPORTBACK CX_A,LANCER Stufenheck CY\/Z_A,LANCER Stufenheck CS_A, CT0,ASX Van GA_W_,GALANT Stufenheck DJ_, ED_, EF_; JEEP: COMPASS MK49,PATRIOT MK74; CHRYSLER: SEBRING JS,SEBRING Cabriolet JS; LANCIA: FLAVIA Cabriolet JS; DODGE: CALIBER,AVENGER; 5191215AA, 5191215AB, 1606295280, 5191215AA, 5191215AB, 5191215AA, 5191215AB, K05191215AB, 4800A002, 4800A022, 4800A041, 1606295280; Jarrukenk\u00e4sarja, K\u00e4sijarru<\/p>\n","protected":false},"excerpt":{"rendered":"<p>A.B.S. K\u00e4sijarrukeng\u00e4t 40886 Jarrukenk\u00e4sarja, K\u00e4sijarru PEUGEOT,CITRO\u00cbN,MITSUBISHI,4007 GP_,4008,C4 AIRCROSS,ASX GA_W_,OUTLANDER XL II CW_W<\/p>\n","protected":false},"featured_media":0,"template":"","meta":{"site-sidebar-layout":"default","site-content-layout":"default","ast-global-header-display":"","ast-main-header-display":"","ast-hfb-above-header-display":"","ast-hfb-below-header-display":"","ast-hfb-mobile-header-display":"","site-post-title":"","ast-breadcrumbs-content":"","ast-featured-img":"","footer-sml-layout":"","theme-transparent-header-meta":"","adv-header-id-meta":"","stick-header-meta":"","header-above-stick-meta":"","header-main-stick-meta":"","header-below-stick-meta":""},"pwb-brand":[326],"product_cat":[236],"product_tag":[],"class_list":{"0":"post-73358","1":"product","2":"type-product","3":"status-publish","5":"pwb-brand-a-b-s","6":"product_cat-kasijarrukengat","7":"desktop-align-left","8":"tablet-align-left","9":"mobile-align-left","11":"first","12":"instock","13":"product-type-external"},"brands":[{"id":326,"name":"A.B.S.","slug":"a-b-s"}],"_links":{"self":[{"href":"https:\/\/www.autonvaraosahaku.fi\/index.php?rest_route=\/wp\/v2\/product\/73358","targetHints":{"allow":["GET"]}}],"collection":[{"href":"https:\/\/www.autonvaraosahaku.fi\/index.php?rest_route=\/wp\/v2\/product"}],"about":[{"href":"https:\/\/www.autonvaraosahaku.fi\/index.php?rest_route=\/wp\/v2\/types\/product"}],"wp:attachment":[{"href":"https:\/\/www.autonvaraosahaku.fi\/index.php?rest_route=%2Fwp%2Fv2%2Fmedia&parent=73358"}],"wp:term":[{"taxonomy":"pwb-brand","embeddable":true,"href":"https:\/\/www.autonvaraosahaku.fi\/index.php?rest_route=%2Fwp%2Fv2%2Fpwb-brand&post=73358"},{"taxonomy":"product_cat","embeddable":true,"href":"https:\/\/www.autonvaraosahaku.fi\/index.php?rest_route=%2Fwp%2Fv2%2Fproduct_cat&post=73358"},{"taxonomy":"product_tag","embeddable":true,"href":"https:\/\/www.autonvaraosahaku.fi\/index.php?rest_route=%2Fwp%2Fv2%2Fproduct_tag&post=73358"}],"curies":[{"name":"wp","href":"https:\/\/api.w.org\/{rel}","templated":true}]}}