{"id":73366,"date":"2021-02-21T19:27:07","date_gmt":"2021-02-21T19:27:07","guid":{"rendered":"https:\/\/www.autonvaraosahaku.fi\/?product=mahle-original-083-27-n0-mannanrenkaat"},"modified":"2021-02-21T19:27:09","modified_gmt":"2021-02-21T19:27:09","slug":"mahle-original-083-27-n0-mannanrenkaat","status":"publish","type":"product","link":"https:\/\/www.autonvaraosahaku.fi\/?product=mahle-original-083-27-n0-mannanrenkaat","title":{"rendered":"MAHLE ORIGINAL 083 27 N0 M\u00e4nn\u00e4nrenkaat"},"content":{"rendered":"<p>Sylinterin halkaisija [mm]: 83,96; Komponenttinumero: 1. R 1,75 CrK, 2. NM 1,75, 3. DSF 2 Cr; Valmistusvuoteen: 09\/2010; BMW: 3 Touring E91,3 E90,5 E60,1 E87,5 Touring E61,X3 E83,5 Touring F11,5 F10, F18,X1 E84,1 E81,X3 F25,3 Coupe E92,3 Cabriolet E93,1 Cabriolet E88,1 Coupe E82; TOYOTA: AVENSIS Station Wagon ZRT27, ADT27,VERSO _AUR2_, _ZGR2_,AURIS NZE18_, ZRE18_,AURIS TOURING SPORTS ADE18_, ZWE18_, ZRE18_,AVENSIS Stufenheck ZRT27, ADT27,RAV 4 IV ZSA4_, ALA4_; 11257807289, 7807289; M\u00e4nn\u00e4nrengassarja<\/p>\n","protected":false},"excerpt":{"rendered":"<p>MAHLE ORIGINAL M\u00e4nn\u00e4nrenkaat 083 27 N0 M\u00e4nn\u00e4nrengassarja BMW,TOYOTA,3 Touring E91,3 E90,5 E60,1 E87,5 Touring E61,X3 E83,5 Touring F11,5 F10, F18<\/p>\n","protected":false},"featured_media":0,"template":"","meta":{"site-sidebar-layout":"default","site-content-layout":"default","ast-global-header-display":"","ast-main-header-display":"","ast-hfb-above-header-display":"","ast-hfb-below-header-display":"","ast-hfb-mobile-header-display":"","site-post-title":"","ast-breadcrumbs-content":"","ast-featured-img":"","footer-sml-layout":"","theme-transparent-header-meta":"","adv-header-id-meta":"","stick-header-meta":"","header-above-stick-meta":"","header-main-stick-meta":"","header-below-stick-meta":""},"pwb-brand":[153],"product_cat":[154],"product_tag":[],"class_list":{"0":"post-73366","1":"product","2":"type-product","3":"status-publish","5":"pwb-brand-mahle-original","6":"product_cat-mannanrenkaat","7":"desktop-align-left","8":"tablet-align-left","9":"mobile-align-left","11":"first","12":"instock","13":"product-type-external"},"brands":[{"id":153,"name":"MAHLE ORIGINAL","slug":"mahle-original"}],"_links":{"self":[{"href":"https:\/\/www.autonvaraosahaku.fi\/index.php?rest_route=\/wp\/v2\/product\/73366","targetHints":{"allow":["GET"]}}],"collection":[{"href":"https:\/\/www.autonvaraosahaku.fi\/index.php?rest_route=\/wp\/v2\/product"}],"about":[{"href":"https:\/\/www.autonvaraosahaku.fi\/index.php?rest_route=\/wp\/v2\/types\/product"}],"wp:attachment":[{"href":"https:\/\/www.autonvaraosahaku.fi\/index.php?rest_route=%2Fwp%2Fv2%2Fmedia&parent=73366"}],"wp:term":[{"taxonomy":"pwb-brand","embeddable":true,"href":"https:\/\/www.autonvaraosahaku.fi\/index.php?rest_route=%2Fwp%2Fv2%2Fpwb-brand&post=73366"},{"taxonomy":"product_cat","embeddable":true,"href":"https:\/\/www.autonvaraosahaku.fi\/index.php?rest_route=%2Fwp%2Fv2%2Fproduct_cat&post=73366"},{"taxonomy":"product_tag","embeddable":true,"href":"https:\/\/www.autonvaraosahaku.fi\/index.php?rest_route=%2Fwp%2Fv2%2Fproduct_tag&post=73366"}],"curies":[{"name":"wp","href":"https:\/\/api.w.org\/{rel}","templated":true}]}}