{"id":7339,"date":"2021-02-21T13:59:55","date_gmt":"2021-02-21T13:59:55","guid":{"rendered":"https:\/\/www.autonvaraosahaku.fi\/?product=master-sport-13046027132n-set-ms-jarrupalat"},"modified":"2021-02-21T13:59:56","modified_gmt":"2021-02-21T13:59:56","slug":"master-sport-13046027132n-set-ms-jarrupalat","status":"publish","type":"product","link":"https:\/\/www.autonvaraosahaku.fi\/?product=master-sport-13046027132n-set-ms-jarrupalat","title":{"rendered":"MASTER-SPORT 13046027132N-SET-MS Jarrupalat"},"content":{"rendered":"<p>Paksuus [mm]: 17,4; Jarruj\u00e4rjestelm\u00e4: Lucas \/ TRW; Korkeus 1 (mm): 51,0; Korkeus 2 (mm): 44,6; Leveys 1 (mm): 95,2; Leveys 2 (mm): 95,2; Ruuvien m\u00e4\u00e4r\u00e4: 2; Kulumisenilmaisimen liitos: Kulumisenilmaisemelle, Ilman kulumisenilmaisinta; Korvaava tuote\/korvaava tiedote 2: Huudonvaimennuspellill\u00e4; Nettopaino [kg]: 0,89; Bruttopaino [kg]: 0,9; Asennuspuoli: Hinterachse; BMW: 3 E90,1 E87,1 E81,3 Coupe E92; MINI: MINI COUNTRYMAN R60,MINI PACEMAN R61; 34216767145, 34216767146, 34216774417, 34216777240, 34216779294, 34216788183, 34219804739, 34219808172; Jarrupalasarja,Jarrupala, Levyjarru<\/p>\n","protected":false},"excerpt":{"rendered":"<p>MASTER-SPORT Jarrupalat Premium 13046027132N-SET-MS Jarrupalasarja,Jarrupala, Levyjarru BMW,MINI,3 E90,1 E87,1 E81,3 Coupe E92,MINI COUNTRYMAN R60<\/p>\n","protected":false},"featured_media":0,"template":"","meta":{"site-sidebar-layout":"default","site-content-layout":"default","ast-global-header-display":"","ast-main-header-display":"","ast-hfb-above-header-display":"","ast-hfb-below-header-display":"","ast-hfb-mobile-header-display":"","site-post-title":"","ast-breadcrumbs-content":"","ast-featured-img":"","footer-sml-layout":"","theme-transparent-header-meta":"","adv-header-id-meta":"","stick-header-meta":"","header-above-stick-meta":"","header-main-stick-meta":"","header-below-stick-meta":""},"pwb-brand":[61],"product_cat":[100],"product_tag":[],"class_list":{"0":"post-7339","1":"product","2":"type-product","3":"status-publish","5":"pwb-brand-master-sport","6":"product_cat-jarrupalat","7":"desktop-align-left","8":"tablet-align-left","9":"mobile-align-left","11":"first","12":"instock","13":"product-type-external"},"brands":[{"id":61,"name":"MASTER-SPORT","slug":"master-sport"}],"_links":{"self":[{"href":"https:\/\/www.autonvaraosahaku.fi\/index.php?rest_route=\/wp\/v2\/product\/7339","targetHints":{"allow":["GET"]}}],"collection":[{"href":"https:\/\/www.autonvaraosahaku.fi\/index.php?rest_route=\/wp\/v2\/product"}],"about":[{"href":"https:\/\/www.autonvaraosahaku.fi\/index.php?rest_route=\/wp\/v2\/types\/product"}],"wp:attachment":[{"href":"https:\/\/www.autonvaraosahaku.fi\/index.php?rest_route=%2Fwp%2Fv2%2Fmedia&parent=7339"}],"wp:term":[{"taxonomy":"pwb-brand","embeddable":true,"href":"https:\/\/www.autonvaraosahaku.fi\/index.php?rest_route=%2Fwp%2Fv2%2Fpwb-brand&post=7339"},{"taxonomy":"product_cat","embeddable":true,"href":"https:\/\/www.autonvaraosahaku.fi\/index.php?rest_route=%2Fwp%2Fv2%2Fproduct_cat&post=7339"},{"taxonomy":"product_tag","embeddable":true,"href":"https:\/\/www.autonvaraosahaku.fi\/index.php?rest_route=%2Fwp%2Fv2%2Fproduct_tag&post=7339"}],"curies":[{"name":"wp","href":"https:\/\/api.w.org\/{rel}","templated":true}]}}