{"id":73446,"date":"2021-02-21T19:27:36","date_gmt":"2021-02-21T19:27:36","guid":{"rendered":"https:\/\/www.autonvaraosahaku.fi\/?product=monroe-l28524-alatukivarsi"},"modified":"2021-02-21T19:27:38","modified_gmt":"2021-02-21T19:27:38","slug":"monroe-l28524-alatukivarsi","status":"publish","type":"product","link":"https:\/\/www.autonvaraosahaku.fi\/?product=monroe-l28524-alatukivarsi","title":{"rendered":"MONROE L28524 Alatukivarsi"},"content":{"rendered":"<p>Paino [kg]: 4,280; Ohjausmalli: Poikittaistukivarsi; Korvaava tuote\/korvaava tiedote 2: Alapallo-\/pallonivelell\u00e4, Kumilaakerilla; Pakkauspituus [cm]: 39; Pakkausleveys [cm]: 37; Pakkauskorkeus [mm]: 9; Asennuspuoli: links; PEUGEOT: 206 Schr\u00e4gheck 2A\/C,206 CC 2D,206 SW 2E\/K,206+ T3E,206 Van; 3520G8, 3520L7, 3520W0, 3528W8; Tukivarsi,Tukivarsi, Py\u00f6r\u00e4ntuenta<\/p>\n","protected":false},"excerpt":{"rendered":"<p>MONROE Alatukivarsi L28524 Tukivarsi,Tukivarsi, Py\u00f6r\u00e4ntuenta PEUGEOT,206 Schr\u00e4gheck 2A\/C,206 CC 2D,206 SW 2E\/K,206+ T3E,206 Van<\/p>\n","protected":false},"featured_media":0,"template":"","meta":{"site-sidebar-layout":"default","site-content-layout":"default","ast-global-header-display":"","ast-main-header-display":"","ast-hfb-above-header-display":"","ast-hfb-below-header-display":"","ast-hfb-mobile-header-display":"","site-post-title":"","ast-breadcrumbs-content":"","ast-featured-img":"","footer-sml-layout":"","theme-transparent-header-meta":"","adv-header-id-meta":"","stick-header-meta":"","header-above-stick-meta":"","header-main-stick-meta":"","header-below-stick-meta":""},"pwb-brand":[79],"product_cat":[62],"product_tag":[],"class_list":{"0":"post-73446","1":"product","2":"type-product","3":"status-publish","5":"pwb-brand-monroe","6":"product_cat-alatukivarsi","7":"desktop-align-left","8":"tablet-align-left","9":"mobile-align-left","11":"first","12":"instock","13":"product-type-external"},"brands":[{"id":79,"name":"MONROE","slug":"monroe"}],"_links":{"self":[{"href":"https:\/\/www.autonvaraosahaku.fi\/index.php?rest_route=\/wp\/v2\/product\/73446","targetHints":{"allow":["GET"]}}],"collection":[{"href":"https:\/\/www.autonvaraosahaku.fi\/index.php?rest_route=\/wp\/v2\/product"}],"about":[{"href":"https:\/\/www.autonvaraosahaku.fi\/index.php?rest_route=\/wp\/v2\/types\/product"}],"wp:attachment":[{"href":"https:\/\/www.autonvaraosahaku.fi\/index.php?rest_route=%2Fwp%2Fv2%2Fmedia&parent=73446"}],"wp:term":[{"taxonomy":"pwb-brand","embeddable":true,"href":"https:\/\/www.autonvaraosahaku.fi\/index.php?rest_route=%2Fwp%2Fv2%2Fpwb-brand&post=73446"},{"taxonomy":"product_cat","embeddable":true,"href":"https:\/\/www.autonvaraosahaku.fi\/index.php?rest_route=%2Fwp%2Fv2%2Fproduct_cat&post=73446"},{"taxonomy":"product_tag","embeddable":true,"href":"https:\/\/www.autonvaraosahaku.fi\/index.php?rest_route=%2Fwp%2Fv2%2Fproduct_tag&post=73446"}],"curies":[{"name":"wp","href":"https:\/\/api.w.org\/{rel}","templated":true}]}}