{"id":73469,"date":"2021-02-21T19:27:43","date_gmt":"2021-02-21T19:27:43","guid":{"rendered":"https:\/\/www.autonvaraosahaku.fi\/?product=ridex-689c0067-sytytyspuola"},"modified":"2021-02-21T19:27:46","modified_gmt":"2021-02-21T19:27:46","slug":"ridex-689c0067-sytytyspuola","status":"publish","type":"product","link":"https:\/\/www.autonvaraosahaku.fi\/?product=ridex-689c0067-sytytyspuola","title":{"rendered":"RIDEX 689C0067 Sytytyspuola"},"content":{"rendered":"<p>Napojen m\u00e4\u00e4r\u00e4: 4; Tarvittava kappalem\u00e4\u00e4r\u00e4: 1; Sytytyspuola: Sytytystulppakoskettimella, Liit\u00e4nt\u00e4 SAE; Moottorinumero: HDZ (TU1M); CITRO\u00cbN: BERLINGO MF,XSARA PICASSO N68,C2 JM_,C3 I FC_,C4 I LC_,SAXO S0, S1,BERLINGO Kasten M_,C3 II,XSARA N1,C4 Coupe LA_,C3 Pluriel HB_,XSARA Break N2,XSARA Coupe N0,AX ZA-_,ZX N2,BX XB-_,C15 VD-_,C15 Kombi; PEUGEOT: 206 Schr\u00e4gheck 2A\/C,307 SW 3H,307 3A\/C,206 SW 2E\/K,106 II 1,206+ T3E,307 Break 3E,306 Schr\u00e4gheck 7A, 7C, N3, N5,306 Cabriolet 7D, N3, N5,1007 KM_,PARTNER Combispace 5F,106 I 1A, 1C,205 II 20A\/C,PARTNER Kasten 5,306 Break 7E, N3, N5,306 7B, N3, N5,205 I Cabriolet 741B, 20D,207 Stufenheck,206 Stufenheck,309 II 3C, 3A,405 II 4B,405 II Break 4E; 0000597078, 0000597079, 596319, 597078, 597079, 597079596319, 5970A8, 96358648, 96358649, 9635864980, 9635884880, 0000597078, 0000597079, 596319, 597078, 597079, 597079596319, 5970A8, 96358648, 9635864880, 96358649, 9635864980, 9635884880<\/p>\n","protected":false},"excerpt":{"rendered":"<p>RIDEX Sytytyspuola 689C0067  CITRO\u00cbN,PEUGEOT,BERLINGO MF,XSARA PICASSO N68,C2 JM_,C3 I FC_,C4 I LC_,SAXO S0, S1,BERLINGO Kasten M_,C3 II,XSARA N1<\/p>\n","protected":false},"featured_media":0,"template":"","meta":{"site-sidebar-layout":"default","site-content-layout":"default","ast-global-header-display":"","ast-main-header-display":"","ast-hfb-above-header-display":"","ast-hfb-below-header-display":"","ast-hfb-mobile-header-display":"","site-post-title":"","ast-breadcrumbs-content":"","ast-featured-img":"","footer-sml-layout":"","theme-transparent-header-meta":"","adv-header-id-meta":"","stick-header-meta":"","header-above-stick-meta":"","header-main-stick-meta":"","header-below-stick-meta":""},"pwb-brand":[157],"product_cat":[25],"product_tag":[],"class_list":{"0":"post-73469","1":"product","2":"type-product","3":"status-publish","5":"pwb-brand-ridex","6":"product_cat-sytytyspuola","7":"desktop-align-left","8":"tablet-align-left","9":"mobile-align-left","11":"first","12":"instock","13":"product-type-external"},"brands":[{"id":157,"name":"RIDEX","slug":"ridex"}],"_links":{"self":[{"href":"https:\/\/www.autonvaraosahaku.fi\/index.php?rest_route=\/wp\/v2\/product\/73469","targetHints":{"allow":["GET"]}}],"collection":[{"href":"https:\/\/www.autonvaraosahaku.fi\/index.php?rest_route=\/wp\/v2\/product"}],"about":[{"href":"https:\/\/www.autonvaraosahaku.fi\/index.php?rest_route=\/wp\/v2\/types\/product"}],"wp:attachment":[{"href":"https:\/\/www.autonvaraosahaku.fi\/index.php?rest_route=%2Fwp%2Fv2%2Fmedia&parent=73469"}],"wp:term":[{"taxonomy":"pwb-brand","embeddable":true,"href":"https:\/\/www.autonvaraosahaku.fi\/index.php?rest_route=%2Fwp%2Fv2%2Fpwb-brand&post=73469"},{"taxonomy":"product_cat","embeddable":true,"href":"https:\/\/www.autonvaraosahaku.fi\/index.php?rest_route=%2Fwp%2Fv2%2Fproduct_cat&post=73469"},{"taxonomy":"product_tag","embeddable":true,"href":"https:\/\/www.autonvaraosahaku.fi\/index.php?rest_route=%2Fwp%2Fv2%2Fproduct_tag&post=73469"}],"curies":[{"name":"wp","href":"https:\/\/api.w.org\/{rel}","templated":true}]}}