{"id":73476,"date":"2021-02-21T19:27:43","date_gmt":"2021-02-21T19:27:43","guid":{"rendered":"https:\/\/www.autonvaraosahaku.fi\/?product=mahle-original-tx-13-92d-termostaatti"},"modified":"2021-02-21T19:27:48","modified_gmt":"2021-02-21T19:27:48","slug":"mahle-original-tx-13-92d-termostaatti","status":"publish","type":"product","link":"https:\/\/www.autonvaraosahaku.fi\/?product=mahle-original-tx-13-92d-termostaatti","title":{"rendered":"MAHLE ORIGINAL TX 13 92D Termostaatti"},"content":{"rendered":"<p>Avausl\u00e4mp\u00f6tila [\u00b0C]: 92; Lis\u00e4tarvike\/lis\u00e4tieto: Tiivisteill\u00e4, Tiivisteill\u00e4; Paino [g]: 0,2; Korkeus (tuumaa): 2,76; Leveys (tuumaa): 2,28; Pituus (tuumaa): 2,56; Valmistusvuosi alkaen: 01\/1985; OPEL: OMEGA A 16_, 17_, 19_,MONZA A 22_,REKORD E 17_-19_, 11_, 14_, 16_,SENATOR B 29_,SENATOR A 29_,OMEGA A Caravan 66_, 67_,REKORD D,COMMODORE C 14_, 19_,REKORD E Caravan 61_, 66_, 67_,COMMODORE C Caravan 61; VOLVO: V40 Kombi VW,V70 II SW,XC60,V70 I LV,S60 I,850 Kombi LW,S80 I TS, XY,S40 II MS,XC70 CROSS COUNTRY,S40 I VS,V40 Schr\u00e4gheck,S80 II AS,C70 I Cabriolet,C70 I Coupe,850 LS,960 II Kombi 965,S70 LS,960 II 964,V90 Kombi,960 Kombi 965,960 964,S90; RENAULT: LAGUNA I B56_, 556_,LAGUNA I Grandtour K56_,SAFRANE II B54_; VAUXHALL: FRONTERA Mk I A,CARLTON Mk III; 1579579, 77TF8575A1A, 9067918, 1338028, 1338038, 1338051, 55561627, 90067918, 7431397947, 7433545031, 7436842409, 7439180811, 9316662, 1338038, 90067918, 271417, 271664, 2716640, 2716645, 9180811; Termostaatti, J\u00e4\u00e4hdytysneste<\/p>\n","protected":false},"excerpt":{"rendered":"<p>MAHLE ORIGINAL Termostaatti TX 13 92D Termostaatti, J\u00e4\u00e4hdytysneste OPEL,VOLVO,RENAULT,OMEGA A 16_, 17_, 19_,MONZA A 22_<\/p>\n","protected":false},"featured_media":0,"template":"","meta":{"site-sidebar-layout":"default","site-content-layout":"default","ast-global-header-display":"","ast-main-header-display":"","ast-hfb-above-header-display":"","ast-hfb-below-header-display":"","ast-hfb-mobile-header-display":"","site-post-title":"","ast-breadcrumbs-content":"","ast-featured-img":"","footer-sml-layout":"","theme-transparent-header-meta":"","adv-header-id-meta":"","stick-header-meta":"","header-above-stick-meta":"","header-main-stick-meta":"","header-below-stick-meta":""},"pwb-brand":[153],"product_cat":[174],"product_tag":[],"class_list":{"0":"post-73476","1":"product","2":"type-product","3":"status-publish","5":"pwb-brand-mahle-original","6":"product_cat-termostaatti","7":"desktop-align-left","8":"tablet-align-left","9":"mobile-align-left","11":"first","12":"instock","13":"product-type-external"},"brands":[{"id":153,"name":"MAHLE ORIGINAL","slug":"mahle-original"}],"_links":{"self":[{"href":"https:\/\/www.autonvaraosahaku.fi\/index.php?rest_route=\/wp\/v2\/product\/73476","targetHints":{"allow":["GET"]}}],"collection":[{"href":"https:\/\/www.autonvaraosahaku.fi\/index.php?rest_route=\/wp\/v2\/product"}],"about":[{"href":"https:\/\/www.autonvaraosahaku.fi\/index.php?rest_route=\/wp\/v2\/types\/product"}],"wp:attachment":[{"href":"https:\/\/www.autonvaraosahaku.fi\/index.php?rest_route=%2Fwp%2Fv2%2Fmedia&parent=73476"}],"wp:term":[{"taxonomy":"pwb-brand","embeddable":true,"href":"https:\/\/www.autonvaraosahaku.fi\/index.php?rest_route=%2Fwp%2Fv2%2Fpwb-brand&post=73476"},{"taxonomy":"product_cat","embeddable":true,"href":"https:\/\/www.autonvaraosahaku.fi\/index.php?rest_route=%2Fwp%2Fv2%2Fproduct_cat&post=73476"},{"taxonomy":"product_tag","embeddable":true,"href":"https:\/\/www.autonvaraosahaku.fi\/index.php?rest_route=%2Fwp%2Fv2%2Fproduct_tag&post=73476"}],"curies":[{"name":"wp","href":"https:\/\/api.w.org\/{rel}","templated":true}]}}