{"id":73486,"date":"2021-02-21T19:27:50","date_gmt":"2021-02-21T19:27:50","guid":{"rendered":"https:\/\/www.autonvaraosahaku.fi\/?product=ridex-78b0199-jarrusatula"},"modified":"2021-02-21T19:27:52","modified_gmt":"2021-02-21T19:27:52","slug":"ridex-78b0199-jarrusatula","status":"publish","type":"product","link":"https:\/\/www.autonvaraosahaku.fi\/?product=ridex-78b0199-jarrusatula","title":{"rendered":"RIDEX 78B0199 Jarrusatula"},"content":{"rendered":"<p>Jarrusatulatyyppi: Jarrusatula (2-m\u00e4nt\u00e4\u00e4); Materiaali: Valurauta; L\u00e4pimitta 1 [mm]: 60; parilliset tuotenumerot: 78B0304; Asennuspuoli: Vorderachse links; MERCEDES-BENZ: Stufenheck W123,COUPE C123,S-CLASS W116,KOMBI Kombi S123; 0024210598, 0024213098, 0034210098, 0034210698, 1234200183, 1234200383, 34210098, A0024210598, A0024213098, A0034210098, A0034210698, A1234200183, A1234200383<\/p>\n","protected":false},"excerpt":{"rendered":"<p>RIDEX Jarrusatula 78B0199  MERCEDES-BENZ,Stufenheck W123,COUPE C123,S-CLASS W116,KOMBI Kombi S123<\/p>\n","protected":false},"featured_media":0,"template":"","meta":{"site-sidebar-layout":"default","site-content-layout":"default","ast-global-header-display":"","ast-main-header-display":"","ast-hfb-above-header-display":"","ast-hfb-below-header-display":"","ast-hfb-mobile-header-display":"","site-post-title":"","ast-breadcrumbs-content":"","ast-featured-img":"","footer-sml-layout":"","theme-transparent-header-meta":"","adv-header-id-meta":"","stick-header-meta":"","header-above-stick-meta":"","header-main-stick-meta":"","header-below-stick-meta":""},"pwb-brand":[157],"product_cat":[177],"product_tag":[],"class_list":{"0":"post-73486","1":"product","2":"type-product","3":"status-publish","5":"pwb-brand-ridex","6":"product_cat-jarrusatula","7":"desktop-align-left","8":"tablet-align-left","9":"mobile-align-left","11":"first","12":"instock","13":"product-type-external"},"brands":[{"id":157,"name":"RIDEX","slug":"ridex"}],"_links":{"self":[{"href":"https:\/\/www.autonvaraosahaku.fi\/index.php?rest_route=\/wp\/v2\/product\/73486","targetHints":{"allow":["GET"]}}],"collection":[{"href":"https:\/\/www.autonvaraosahaku.fi\/index.php?rest_route=\/wp\/v2\/product"}],"about":[{"href":"https:\/\/www.autonvaraosahaku.fi\/index.php?rest_route=\/wp\/v2\/types\/product"}],"wp:attachment":[{"href":"https:\/\/www.autonvaraosahaku.fi\/index.php?rest_route=%2Fwp%2Fv2%2Fmedia&parent=73486"}],"wp:term":[{"taxonomy":"pwb-brand","embeddable":true,"href":"https:\/\/www.autonvaraosahaku.fi\/index.php?rest_route=%2Fwp%2Fv2%2Fpwb-brand&post=73486"},{"taxonomy":"product_cat","embeddable":true,"href":"https:\/\/www.autonvaraosahaku.fi\/index.php?rest_route=%2Fwp%2Fv2%2Fproduct_cat&post=73486"},{"taxonomy":"product_tag","embeddable":true,"href":"https:\/\/www.autonvaraosahaku.fi\/index.php?rest_route=%2Fwp%2Fv2%2Fproduct_tag&post=73486"}],"curies":[{"name":"wp","href":"https:\/\/api.w.org\/{rel}","templated":true}]}}