{"id":73498,"date":"2021-02-21T19:27:50","date_gmt":"2021-02-21T19:27:50","guid":{"rendered":"https:\/\/www.autonvaraosahaku.fi\/?product=ridex-313d0009-ohjainrulla"},"modified":"2021-02-21T19:27:56","modified_gmt":"2021-02-21T19:27:56","slug":"ridex-313d0009-ohjainrulla","status":"publish","type":"product","link":"https:\/\/www.autonvaraosahaku.fi\/?product=ridex-313d0009-ohjainrulla","title":{"rendered":"RIDEX 313D0009 Ohjainrulla"},"content":{"rendered":"<p>M\u00e4\u00e4r\u00e4: 1; Leveys (mm): 29,0, 31,0; Sis\u00e4l\u00e4pimitta [mm]: 10,0; Ulkol\u00e4pimitta [mm]: 53,0; Materiaali: Muovi; Paino [kg]: 0,174; Moottorinumero: 198A3000; JEEP: RENEGADE Gel\u00e4ndewagen geschlossen BU; SUZUKI: SX4 EY, GY,VITARA LY; LANCIA: DELTA III 844,MUSA 350,KAPPA 838A,KAPPA SW 838B; OPEL: ZAFIRA B A05,ASTRA H Caravan L35,ASTRA H L48,ASTRA J Sports Tourer,INSIGNIA Caravan,VECTRA C Caravan,ASTRA J,ASTRA H GTC L08,SIGNUM,VECTRA C,ZAFIRA TOURER C P12,VECTRA C GTS,ASTRA H TwinTop L67,INSIGNIA,INSIGNIA Stufenheck,ASTRA GTC J,CASCADA W13,COMBO Kasten\/Kombi X12,ASTRA H Kasten L70,COMBO Tour X12; SAAB: 9-3 YS3F,9-5 Kombi YS3E,9-3 Kombi YS3F,9-5 YS3E,9-3 Cabriolet YS3F,9-5 YS3G; ALFA ROMEO: 147 937,159 Sportwagon 939,156 Sportwagon 932,GIULIETTA 940,MITO 955,156 932,159 939,GT 937,BRERA,SPIDER 939,145 930,146 930,4C 960,4C SPIDER 960; FIAT: GRANDE PUNTO 199,PUNTO 188,DUCATO Kasten 250,STILO 192,BRAVO II 198,DUCATO Pritsche\/Fahrgestell 250,FREEMONT JF_,PUNTO EVO 199,DUCATO Bus 250,DOBLO Cargo 223,STILO Multi Wagon 192,DOBLO 119,CROMA 194,DOBLO Kasten\/Kombi 263,IDEA,SEDICI,STRADA Pick-up 178E,MULTIPLA 186,500L,DOBLO Gro\u00dfraumlimousine 152, 263,PUNTO Van 188AX,BRAVO I 182,BRAVA 182,MAREA Weekend 185,PALIO Weekend 178DX,LINEA 323,DOBLO Pritsche\/Fahrgestell 263,MAREA 185,PALIO 178BX,500X; VAUXHALL: INSIGNIA Mk I A,ZAFIRA Mk II B M75,ASTRA Mk V H CC,VECTRA Mk II C CC,INSIGNIA Mk I A Estate,ASTRA Mk V H Estate,ZAFIRA Mk III P12,VECTRA Mk II C Estate,ASTRA Mk V H Convertible,VECTRA Mk II C,ASTRA Mk VI J CC,ASTRA Mk VI J,INSIGNIA Mk I A Sedan,SIGNUM,ASTRA Mk VI J Estate,ASTRAVAN Mk V H,COMBO Mk III D Kasten\/Kombi; 55187100, 71771498, 93178807, 93178807, 0060813590, 60813590, 55187100, 71771498, K68093214AA, K68189934AA, 55187100, 68093214AA, 68189934AA, K68093214AA, K68189934AA, 55187100, 05636743, 0639439, 5636743, 639439, 93178807, 1278179J50000, 1278179J51000, 055187100, 093178807, 55187100, 93178807<\/p>\n","protected":false},"excerpt":{"rendered":"<p>RIDEX Ohjainrulla, Hammashihna 313D0009  JEEP,SUZUKI,LANCIA,RENEGADE Gel\u00e4ndewagen geschlossen BU,SX4 EY, GY,VITARA LY,DELTA III 844,MUSA 350<\/p>\n","protected":false},"featured_media":0,"template":"","meta":{"site-sidebar-layout":"default","site-content-layout":"default","ast-global-header-display":"","ast-main-header-display":"","ast-hfb-above-header-display":"","ast-hfb-below-header-display":"","ast-hfb-mobile-header-display":"","site-post-title":"","ast-breadcrumbs-content":"","ast-featured-img":"","footer-sml-layout":"","theme-transparent-header-meta":"","adv-header-id-meta":"","stick-header-meta":"","header-above-stick-meta":"","header-main-stick-meta":"","header-below-stick-meta":""},"pwb-brand":[157],"product_cat":[308],"product_tag":[],"class_list":{"0":"post-73498","1":"product","2":"type-product","3":"status-publish","5":"pwb-brand-ridex","6":"product_cat-ohjainrulla","7":"desktop-align-left","8":"tablet-align-left","9":"mobile-align-left","11":"first","12":"instock","13":"product-type-external"},"brands":[{"id":157,"name":"RIDEX","slug":"ridex"}],"_links":{"self":[{"href":"https:\/\/www.autonvaraosahaku.fi\/index.php?rest_route=\/wp\/v2\/product\/73498","targetHints":{"allow":["GET"]}}],"collection":[{"href":"https:\/\/www.autonvaraosahaku.fi\/index.php?rest_route=\/wp\/v2\/product"}],"about":[{"href":"https:\/\/www.autonvaraosahaku.fi\/index.php?rest_route=\/wp\/v2\/types\/product"}],"wp:attachment":[{"href":"https:\/\/www.autonvaraosahaku.fi\/index.php?rest_route=%2Fwp%2Fv2%2Fmedia&parent=73498"}],"wp:term":[{"taxonomy":"pwb-brand","embeddable":true,"href":"https:\/\/www.autonvaraosahaku.fi\/index.php?rest_route=%2Fwp%2Fv2%2Fpwb-brand&post=73498"},{"taxonomy":"product_cat","embeddable":true,"href":"https:\/\/www.autonvaraosahaku.fi\/index.php?rest_route=%2Fwp%2Fv2%2Fproduct_cat&post=73498"},{"taxonomy":"product_tag","embeddable":true,"href":"https:\/\/www.autonvaraosahaku.fi\/index.php?rest_route=%2Fwp%2Fv2%2Fproduct_tag&post=73498"}],"curies":[{"name":"wp","href":"https:\/\/api.w.org\/{rel}","templated":true}]}}