{"id":73501,"date":"2021-02-21T19:27:57","date_gmt":"2021-02-21T19:27:57","guid":{"rendered":"https:\/\/www.autonvaraosahaku.fi\/?product=nrf-58189a-jaahdytin"},"modified":"2021-02-21T19:27:58","modified_gmt":"2021-02-21T19:27:58","slug":"nrf-58189a-jaahdytin","status":"publish","type":"product","link":"https:\/\/www.autonvaraosahaku.fi\/?product=nrf-58189a-jaahdytin","title":{"rendered":"NRF 58189A J\u00e4\u00e4hdytin"},"content":{"rendered":"<p>Materiaali: Alumiini; Verkon pituus [mm]: 378; Verkon leveys [mm]: 670; Verkon syvyys [mm]: 23; Versio: Alternative; J\u00e4\u00e4hdytintyyppi: J\u00e4\u00e4hdytysrivat mekaan. kiinnitetyt; Tuotelinja: Economy Class; Valmistusvuosi alkaen: 02\/1997; CITRO\u00cbN: BERLINGO MF,BERLINGO Kasten M_,XSARA N1,XSARA Break N2,XSARA Coupe N0,C-ZERO,XSARA Kasten,XSARA Kasten\/Schr\u00e4gheck; PEUGEOT: 306 Schr\u00e4gheck 7A, 7C, N3, N5,PARTNER Combispace 5F,PARTNER Kasten 5,306 Break 7E, N3, N5,306 7B, N3, N5,306 Van N_, 7_,ION,PARTNER Pritsche\/Fahrgestell,306 Kasten\/Schr\u00e4gheck; 133041, 1330E1, 1330E2, 1331FG, 1331TZ, 1331Y8, 1331ZT, 1331ZV, 96324662, 9632466280, 133041, 1330E1, 1330E2, 1331FG, 1331TZ, 1331Y8, 1331ZT, 1331ZV, 9632466280; Syyl\u00e4ri,J\u00e4\u00e4hdytin,Moottorin J\u00e4\u00e4hdytys<\/p>\n","protected":false},"excerpt":{"rendered":"<p>NRF J\u00e4\u00e4hdytin 58189A Syyl\u00e4ri,J\u00e4\u00e4hdytin,Moottorin J\u00e4\u00e4hdytys CITRO\u00cbN,PEUGEOT,BERLINGO MF,BERLINGO Kasten M_,XSARA N1,XSARA Break N2,XSARA Coupe N0<\/p>\n","protected":false},"featured_media":0,"template":"","meta":{"site-sidebar-layout":"default","site-content-layout":"default","ast-global-header-display":"","ast-main-header-display":"","ast-hfb-above-header-display":"","ast-hfb-below-header-display":"","ast-hfb-mobile-header-display":"","site-post-title":"","ast-breadcrumbs-content":"","ast-featured-img":"","footer-sml-layout":"","theme-transparent-header-meta":"","adv-header-id-meta":"","stick-header-meta":"","header-above-stick-meta":"","header-main-stick-meta":"","header-below-stick-meta":""},"pwb-brand":[85],"product_cat":[421],"product_tag":[],"class_list":{"0":"post-73501","1":"product","2":"type-product","3":"status-publish","5":"pwb-brand-nrf","6":"product_cat-jaahdytin","7":"desktop-align-left","8":"tablet-align-left","9":"mobile-align-left","11":"first","12":"instock","13":"product-type-external"},"brands":[{"id":85,"name":"NRF","slug":"nrf"}],"_links":{"self":[{"href":"https:\/\/www.autonvaraosahaku.fi\/index.php?rest_route=\/wp\/v2\/product\/73501","targetHints":{"allow":["GET"]}}],"collection":[{"href":"https:\/\/www.autonvaraosahaku.fi\/index.php?rest_route=\/wp\/v2\/product"}],"about":[{"href":"https:\/\/www.autonvaraosahaku.fi\/index.php?rest_route=\/wp\/v2\/types\/product"}],"wp:attachment":[{"href":"https:\/\/www.autonvaraosahaku.fi\/index.php?rest_route=%2Fwp%2Fv2%2Fmedia&parent=73501"}],"wp:term":[{"taxonomy":"pwb-brand","embeddable":true,"href":"https:\/\/www.autonvaraosahaku.fi\/index.php?rest_route=%2Fwp%2Fv2%2Fpwb-brand&post=73501"},{"taxonomy":"product_cat","embeddable":true,"href":"https:\/\/www.autonvaraosahaku.fi\/index.php?rest_route=%2Fwp%2Fv2%2Fproduct_cat&post=73501"},{"taxonomy":"product_tag","embeddable":true,"href":"https:\/\/www.autonvaraosahaku.fi\/index.php?rest_route=%2Fwp%2Fv2%2Fproduct_tag&post=73501"}],"curies":[{"name":"wp","href":"https:\/\/api.w.org\/{rel}","templated":true}]}}