{"id":73504,"date":"2021-02-21T19:27:57","date_gmt":"2021-02-21T19:27:57","guid":{"rendered":"https:\/\/www.autonvaraosahaku.fi\/?product=ridex-447k0081-ilmastoinnin-kompressori"},"modified":"2021-02-21T19:27:59","modified_gmt":"2021-02-21T19:27:59","slug":"ridex-447k0081-ilmastoinnin-kompressori","status":"publish","type":"product","link":"https:\/\/www.autonvaraosahaku.fi\/?product=ridex-447k0081-ilmastoinnin-kompressori","title":{"rendered":"RIDEX 447K0081 Ilmastoinnin kompressori"},"content":{"rendered":"<p>Korvaava tuote\/korvaava tiedote 2: PAG-kompressori\u00f6ljyll\u00e4; Kompressorin tunnus: DKS17D; K\u00e4ytt\u00f6j\u00e4nnite [V]: 12; Kylm\u00e4aine: R 134a; Kompressori\u00f6ljy: PAG 100; Rihloja (kpl): 6; Hihnapy\u00f6r\u00e4-\u00d8[mm]: 119; Iskutilavuus-kompressori (ccm): 170; Muoto: Py\u00f6re\u00e4; Rakennemalli: XC70; VOLVO: V70 II SW,XC90 I,S60 I,S80 I TS, XY,XC70 CROSS COUNTRY; 30665339, 30742206, 30761388, 30780326, 31101166, 36000327, 36000328, 36000576, 36001066, 8602359, 8602522, 8602622, 8602998, 8603891, 8603892, 8608287, 8684284, 8684287; AC Kompressori,Kompressori, Ilmastointilaite<\/p>\n","protected":false},"excerpt":{"rendered":"<p>RIDEX Ilmastoinnin Kompressori 447K0081 AC Kompressori,Kompressori, Ilmastointilaite VOLVO,V70 II SW,XC90 I,S60 I,S80 I TS, XY,XC70 CROSS COUNTRY<\/p>\n","protected":false},"featured_media":0,"template":"","meta":{"site-sidebar-layout":"default","site-content-layout":"default","ast-global-header-display":"","ast-main-header-display":"","ast-hfb-above-header-display":"","ast-hfb-below-header-display":"","ast-hfb-mobile-header-display":"","site-post-title":"","ast-breadcrumbs-content":"","ast-featured-img":"","footer-sml-layout":"","theme-transparent-header-meta":"","adv-header-id-meta":"","stick-header-meta":"","header-above-stick-meta":"","header-main-stick-meta":"","header-below-stick-meta":""},"pwb-brand":[157],"product_cat":[444],"product_tag":[],"class_list":{"0":"post-73504","1":"product","2":"type-product","3":"status-publish","5":"pwb-brand-ridex","6":"product_cat-ilmastoinnin-kompressori","7":"desktop-align-left","8":"tablet-align-left","9":"mobile-align-left","11":"first","12":"instock","13":"product-type-external"},"brands":[{"id":157,"name":"RIDEX","slug":"ridex"}],"_links":{"self":[{"href":"https:\/\/www.autonvaraosahaku.fi\/index.php?rest_route=\/wp\/v2\/product\/73504","targetHints":{"allow":["GET"]}}],"collection":[{"href":"https:\/\/www.autonvaraosahaku.fi\/index.php?rest_route=\/wp\/v2\/product"}],"about":[{"href":"https:\/\/www.autonvaraosahaku.fi\/index.php?rest_route=\/wp\/v2\/types\/product"}],"wp:attachment":[{"href":"https:\/\/www.autonvaraosahaku.fi\/index.php?rest_route=%2Fwp%2Fv2%2Fmedia&parent=73504"}],"wp:term":[{"taxonomy":"pwb-brand","embeddable":true,"href":"https:\/\/www.autonvaraosahaku.fi\/index.php?rest_route=%2Fwp%2Fv2%2Fpwb-brand&post=73504"},{"taxonomy":"product_cat","embeddable":true,"href":"https:\/\/www.autonvaraosahaku.fi\/index.php?rest_route=%2Fwp%2Fv2%2Fproduct_cat&post=73504"},{"taxonomy":"product_tag","embeddable":true,"href":"https:\/\/www.autonvaraosahaku.fi\/index.php?rest_route=%2Fwp%2Fv2%2Fproduct_tag&post=73504"}],"curies":[{"name":"wp","href":"https:\/\/api.w.org\/{rel}","templated":true}]}}