{"id":73505,"date":"2021-02-21T19:27:57","date_gmt":"2021-02-21T19:27:57","guid":{"rendered":"https:\/\/www.autonvaraosahaku.fi\/?product=ridex-447k0087-ilmastoinnin-kompressori"},"modified":"2021-02-21T19:27:59","modified_gmt":"2021-02-21T19:27:59","slug":"ridex-447k0087-ilmastoinnin-kompressori","status":"publish","type":"product","link":"https:\/\/www.autonvaraosahaku.fi\/?product=ridex-447k0087-ilmastoinnin-kompressori","title":{"rendered":"RIDEX 447K0087 Ilmastoinnin kompressori"},"content":{"rendered":"<p>Rihloja (kpl): 6; Kompressorin tunnus: 7SBU16C; Kylm\u00e4aine: R 134a; \u00d6ljynt\u00e4ytt\u00f6m\u00e4\u00e4r\u00e4 [ml]: 200; Ulostulon l\u00e4pimitta [mm]: 13,7; Sis\u00e4\u00e4ntulol\u00e4pimitta [mm]: 28,4; K\u00e4ytt\u00f6j\u00e4nnite [V]: 12; Iskutilavuus-kompressori (ccm): 160; Napojen m\u00e4\u00e4r\u00e4: 1; Hihnapy\u00f6r\u00e4-\u00d8[mm]: 119; Kompressori\u00f6ljy: PAG 46; Valmistaja rajaus: DENSO; MERCEDES-BENZ: C-CLASS W202,SLK R170,E-CLASS W210,M-CLASS W163,E-CLASS Kombi S210,CLK C208,CLK C209,C-CLASS Kombi S202,G-CLASS W463,VITO Bus 638,CLK Cabriolet A208,CLK Cabriolet A209,S-CLASS W140,SPRINTER 3-t Kasten 903,SPRINTER 2-t Bus 901, 902,V-CLASS 638\/2,G-CLASS W461,SPRINTER 2-t Kasten 901, 902,SPRINTER 3-t Bus 903,SPRINTER 3-t Pritsche\/Fahrgestell 903,VITO Kasten 638,SPRINTER 4-t Pritsche\/Fahrgestell 904,SPRINTER 2-t Pritsche\/Fahrgestell 901, 902,S-CLASS Coupe C140,SPRINTER 4-t Kasten 904,UNIMOG; CHRYSLER: CROSSFIRE,CROSSFIRE Roadster; 0002300911, 0002302011, 0002303911, 0002306811, 0002307011, 0002340911, 0002342011, 0022300811, A0002302011, A0002303911, A0002306811, A0002307011, A0002342011, A0022300811, 0002300911, 0002302011, 0002303911, 0002306811, 0002307011, 0002340911, 0002342011, 0022300811, A0002302011, A0002303911, A0002306811, A0002307011, A0002342011, A0022300811, 0002300911, 0002302011, 0002303911, 0002306811, 0002307011, 0002340911, 0002342011, 0022300811, A0002302011, A0002303911, A0002306811, A0002307011, A0002342011, A0022300811; AC Kompressori,Kompressori, Ilmastointilaite<\/p>\n","protected":false},"excerpt":{"rendered":"<p>RIDEX Ilmastoinnin Kompressori 447K0087 AC Kompressori,Kompressori, Ilmastointilaite MERCEDES-BENZ,CHRYSLER,C-CLASS W202,SLK R170,E-CLASS W210<\/p>\n","protected":false},"featured_media":0,"template":"","meta":{"site-sidebar-layout":"default","site-content-layout":"default","ast-global-header-display":"","ast-main-header-display":"","ast-hfb-above-header-display":"","ast-hfb-below-header-display":"","ast-hfb-mobile-header-display":"","site-post-title":"","ast-breadcrumbs-content":"","ast-featured-img":"","footer-sml-layout":"","theme-transparent-header-meta":"","adv-header-id-meta":"","stick-header-meta":"","header-above-stick-meta":"","header-main-stick-meta":"","header-below-stick-meta":""},"pwb-brand":[157],"product_cat":[444],"product_tag":[],"class_list":{"0":"post-73505","1":"product","2":"type-product","3":"status-publish","5":"pwb-brand-ridex","6":"product_cat-ilmastoinnin-kompressori","7":"desktop-align-left","8":"tablet-align-left","9":"mobile-align-left","11":"first","12":"instock","13":"product-type-external"},"brands":[{"id":157,"name":"RIDEX","slug":"ridex"}],"_links":{"self":[{"href":"https:\/\/www.autonvaraosahaku.fi\/index.php?rest_route=\/wp\/v2\/product\/73505","targetHints":{"allow":["GET"]}}],"collection":[{"href":"https:\/\/www.autonvaraosahaku.fi\/index.php?rest_route=\/wp\/v2\/product"}],"about":[{"href":"https:\/\/www.autonvaraosahaku.fi\/index.php?rest_route=\/wp\/v2\/types\/product"}],"wp:attachment":[{"href":"https:\/\/www.autonvaraosahaku.fi\/index.php?rest_route=%2Fwp%2Fv2%2Fmedia&parent=73505"}],"wp:term":[{"taxonomy":"pwb-brand","embeddable":true,"href":"https:\/\/www.autonvaraosahaku.fi\/index.php?rest_route=%2Fwp%2Fv2%2Fpwb-brand&post=73505"},{"taxonomy":"product_cat","embeddable":true,"href":"https:\/\/www.autonvaraosahaku.fi\/index.php?rest_route=%2Fwp%2Fv2%2Fproduct_cat&post=73505"},{"taxonomy":"product_tag","embeddable":true,"href":"https:\/\/www.autonvaraosahaku.fi\/index.php?rest_route=%2Fwp%2Fv2%2Fproduct_tag&post=73505"}],"curies":[{"name":"wp","href":"https:\/\/api.w.org\/{rel}","templated":true}]}}