{"id":73519,"date":"2021-02-21T19:27:57","date_gmt":"2021-02-21T19:27:57","guid":{"rendered":"https:\/\/www.autonvaraosahaku.fi\/?product=ridex-5j0098-vetonivel"},"modified":"2021-02-21T19:28:03","modified_gmt":"2021-02-21T19:28:03","slug":"ridex-5j0098-vetonivel","status":"publish","type":"product","link":"https:\/\/www.autonvaraosahaku.fi\/?product=ridex-5j0098-vetonivel","title":{"rendered":"RIDEX 5J0098 Vetonivel"},"content":{"rendered":"<p>Nivelmalli: Vakionopeusnivel; Ulkohammastus, py\u00f6r\u00e4npuoli: 22; Sis\u00e4hammastus, py\u00f6r\u00e4npuoli: 20; Tiivisteen l\u00e4pimitta [mm]: 71,60; Mekaanisesti ty\u00f6stetty: Sokkauralla sis\u00e4osassa; Nivelen l\u00e4pimitta [mm]: 70,00; Pituus (mm): 123,50; Kierremitta: M22x1.5; Korvaava tuote\/korvaava tiedote 2: suojakumilla; Vaihteistomalli: Schaltgetriebe; FIAT: SEICENTO 187,CINQUECENTO 170,SEICENTO Van 187; 7647244, 7647245, 7647244, 7647245, 7647244, 7647245, 7647244, 7647245; Nivelsarja, Vetoakseli<\/p>\n","protected":false},"excerpt":{"rendered":"<p>RIDEX Vetonivel 5J0098 Nivelsarja, Vetoakseli FIAT,SEICENTO 187,CINQUECENTO 170,SEICENTO Van 187<\/p>\n","protected":false},"featured_media":0,"template":"","meta":{"site-sidebar-layout":"default","site-content-layout":"default","ast-global-header-display":"","ast-main-header-display":"","ast-hfb-above-header-display":"","ast-hfb-below-header-display":"","ast-hfb-mobile-header-display":"","site-post-title":"","ast-breadcrumbs-content":"","ast-featured-img":"","footer-sml-layout":"","theme-transparent-header-meta":"","adv-header-id-meta":"","stick-header-meta":"","header-above-stick-meta":"","header-main-stick-meta":"","header-below-stick-meta":""},"pwb-brand":[157],"product_cat":[175],"product_tag":[],"class_list":{"0":"post-73519","1":"product","2":"type-product","3":"status-publish","5":"pwb-brand-ridex","6":"product_cat-vetonivel","7":"desktop-align-left","8":"tablet-align-left","9":"mobile-align-left","11":"first","12":"instock","13":"product-type-external"},"brands":[{"id":157,"name":"RIDEX","slug":"ridex"}],"_links":{"self":[{"href":"https:\/\/www.autonvaraosahaku.fi\/index.php?rest_route=\/wp\/v2\/product\/73519","targetHints":{"allow":["GET"]}}],"collection":[{"href":"https:\/\/www.autonvaraosahaku.fi\/index.php?rest_route=\/wp\/v2\/product"}],"about":[{"href":"https:\/\/www.autonvaraosahaku.fi\/index.php?rest_route=\/wp\/v2\/types\/product"}],"wp:attachment":[{"href":"https:\/\/www.autonvaraosahaku.fi\/index.php?rest_route=%2Fwp%2Fv2%2Fmedia&parent=73519"}],"wp:term":[{"taxonomy":"pwb-brand","embeddable":true,"href":"https:\/\/www.autonvaraosahaku.fi\/index.php?rest_route=%2Fwp%2Fv2%2Fpwb-brand&post=73519"},{"taxonomy":"product_cat","embeddable":true,"href":"https:\/\/www.autonvaraosahaku.fi\/index.php?rest_route=%2Fwp%2Fv2%2Fproduct_cat&post=73519"},{"taxonomy":"product_tag","embeddable":true,"href":"https:\/\/www.autonvaraosahaku.fi\/index.php?rest_route=%2Fwp%2Fv2%2Fproduct_tag&post=73519"}],"curies":[{"name":"wp","href":"https:\/\/api.w.org\/{rel}","templated":true}]}}