{"id":73520,"date":"2021-02-21T19:28:05","date_gmt":"2021-02-21T19:28:05","guid":{"rendered":"https:\/\/www.autonvaraosahaku.fi\/?product=hidria-h1-396-hehkutulppa"},"modified":"2021-02-21T19:28:05","modified_gmt":"2021-02-21T19:28:05","slug":"hidria-h1-396-hehkutulppa","status":"publish","type":"product","link":"https:\/\/www.autonvaraosahaku.fi\/?product=hidria-h1-396-hehkutulppa","title":{"rendered":"HIDRIA H1 396 Hehkutulppa"},"content":{"rendered":"<p>Kokonaispituus (mm): 156,5; Asennussyvyys (mm): 35; Kierremitta: M9x1; Avainv\u00e4li: 9; Kartionousu: 93; J\u00e4nnite (V): 4,4; Napatyyppi: pin; Tarvittava kappalem\u00e4\u00e4r\u00e4: 3; JEEP: RENEGADE Gel\u00e4ndewagen geschlossen BU,COMPASS; SAAB: 9-3 YS3F,9-5 Kombi YS3E,9-3 Kombi YS3F,9-3 Cabriolet YS3F,9-5 YS3G,9-3X; SUZUKI: SX4 EY, GY,SX4 S-Cross; OPEL: ASTRA J Sports Tourer,INSIGNIA Caravan,ASTRA J,ZAFIRA TOURER C P12,INSIGNIA,INSIGNIA Stufenheck,ASTRA GTC J,COMBO Kasten\/Kombi X12,COMBO Tour X12; LANCIA: DELTA III 844,MUSA 350; FIAT: GRANDE PUNTO 199,DUCATO Kasten 250,BRAVO II 198,DUCATO Pritsche\/Fahrgestell 250,FREEMONT JF_,PUNTO EVO 199,DUCATO Bus 250,DOBLO Kasten\/Kombi 263,IDEA,SEDICI,500L,DOBLO Gro\u00dfraumlimousine 152, 263,LINEA 323,DOBLO Pritsche\/Fahrgestell 263,500X,TIPO Schr\u00e4gheck 356_,TIPO Kombi 356_; ALFA ROMEO: 159 Sportwagon 939,GIULIETTA 940,MITO 955,159 939,BRERA,SPIDER 939; CADILLAC: BLS,BLS Wagon; VAUXHALL: INSIGNIA Mk I A,INSIGNIA Mk I A Estate,ZAFIRA Mk III P12,ASTRA Mk VI J CC,INSIGNIA Mk I A Sedan,ASTRA Mk VI J,ASTRA Mk VI J Estate,COMBO Mk III D Kasten\/Kombi; 55200755, 55200755, 55200755, 68147404AA, K68147404AA, 1214094, 1214334, 55564162, 93178047, 93191771, 1855079J81, 1855079J81000, 1214334<\/p>\n","protected":false},"excerpt":{"rendered":"<p>HIDRIA Hehkutulppa H1 396  JEEP,SAAB,SUZUKI,RENEGADE Gel\u00e4ndewagen geschlossen BU,COMPASS,9-3 YS3F,9-5 Kombi YS3E,9-3 Kombi YS3F,9-3 Cabriolet YS3F<\/p>\n","protected":false},"featured_media":0,"template":"","meta":{"site-sidebar-layout":"default","site-content-layout":"default","ast-global-header-display":"","ast-main-header-display":"","ast-hfb-above-header-display":"","ast-hfb-below-header-display":"","ast-hfb-mobile-header-display":"","site-post-title":"","ast-breadcrumbs-content":"","ast-featured-img":"","footer-sml-layout":"","theme-transparent-header-meta":"","adv-header-id-meta":"","stick-header-meta":"","header-above-stick-meta":"","header-main-stick-meta":"","header-below-stick-meta":""},"pwb-brand":[583],"product_cat":[52],"product_tag":[],"class_list":{"0":"post-73520","1":"product","2":"type-product","3":"status-publish","5":"pwb-brand-hidria","6":"product_cat-hehkutulppa","7":"desktop-align-left","8":"tablet-align-left","9":"mobile-align-left","11":"first","12":"instock","13":"product-type-external"},"brands":[{"id":583,"name":"HIDRIA","slug":"hidria"}],"_links":{"self":[{"href":"https:\/\/www.autonvaraosahaku.fi\/index.php?rest_route=\/wp\/v2\/product\/73520","targetHints":{"allow":["GET"]}}],"collection":[{"href":"https:\/\/www.autonvaraosahaku.fi\/index.php?rest_route=\/wp\/v2\/product"}],"about":[{"href":"https:\/\/www.autonvaraosahaku.fi\/index.php?rest_route=\/wp\/v2\/types\/product"}],"wp:attachment":[{"href":"https:\/\/www.autonvaraosahaku.fi\/index.php?rest_route=%2Fwp%2Fv2%2Fmedia&parent=73520"}],"wp:term":[{"taxonomy":"pwb-brand","embeddable":true,"href":"https:\/\/www.autonvaraosahaku.fi\/index.php?rest_route=%2Fwp%2Fv2%2Fpwb-brand&post=73520"},{"taxonomy":"product_cat","embeddable":true,"href":"https:\/\/www.autonvaraosahaku.fi\/index.php?rest_route=%2Fwp%2Fv2%2Fproduct_cat&post=73520"},{"taxonomy":"product_tag","embeddable":true,"href":"https:\/\/www.autonvaraosahaku.fi\/index.php?rest_route=%2Fwp%2Fv2%2Fproduct_tag&post=73520"}],"curies":[{"name":"wp","href":"https:\/\/api.w.org\/{rel}","templated":true}]}}