{"id":73527,"date":"2021-02-21T19:28:05","date_gmt":"2021-02-21T19:28:05","guid":{"rendered":"https:\/\/www.autonvaraosahaku.fi\/?product=mapco-28402-termostaatti"},"modified":"2021-02-21T19:28:07","modified_gmt":"2021-02-21T19:28:07","slug":"mapco-28402-termostaatti","status":"publish","type":"product","link":"https:\/\/www.autonvaraosahaku.fi\/?product=mapco-28402-termostaatti","title":{"rendered":"MAPCO 28402 Termostaatti"},"content":{"rendered":"<p>Avausl\u00e4mp\u00f6tila [\u00b0C]: 81; L\u00e4pimitta 1 [mm]: 68; L\u00e4pimitta 2 [mm]: 29; Korkeus 1 (mm): 26; Korkeus 2 (mm): 10,5; Valmistusvuoteen: 08\/1982; FORD: SIERRA GBG, GB4,SIERRA Schr\u00e4gheck GBC, GBG,SCORPIO I GAE, GGE,SIERRA Schr\u00e4gheck GBC,SCORPIO I Stufenheck GGE,SIERRA Kombi BNG,GRANADA GU,SCORPIO I Kombi GGE,SIERRA Kombi BNC,GRANADA Kombi GNU; RENAULT: ESPACE II J\/S63_,TRAFIC Kasten TXX,TRAFIC Bus TXW,21 Stufenheck L48_,25 B29_,MASTER I Kasten T__,TRAFIC Kasten T1, T3, T4,TRAFIC Bus T5, T6, T7,18 134_,21 Kombi K48_,18 Variable 135_,30 127_,21 B48_,MASTER I Bus T__,20 127_,TRAFIC Pritsche\/Fahrgestell P6,TRAFIC Pritsche\/Fahrgestell PXX,21 Kasten S48_,18 Kasten; PEUGEOT: 205 II 20A\/C,205 I 741A\/C,505 551A,305 II 581M,505 Break 551D,604 561A_,305 II Break 581E; CITRO\u00cbN: BX XB-_,BX Break XB-_,C15 VD-_,C15 Kombi; TALBOT: TAGORA; 133764, 1612191, 6182480, 88EF8575AA, 7700665226, 133764, 7700665226, 7700858087, 7700598251, 770066226, 7701697157, 133764, 133820; Termostaatti, J\u00e4\u00e4hdytysneste<\/p>\n","protected":false},"excerpt":{"rendered":"<p>MAPCO Termostaatti 28402 Termostaatti, J\u00e4\u00e4hdytysneste FORD,RENAULT,PEUGEOT,SIERRA GBG, GB4,SIERRA Schr\u00e4gheck GBC, GBG,SCORPIO I GAE, GGE<\/p>\n","protected":false},"featured_media":0,"template":"","meta":{"site-sidebar-layout":"default","site-content-layout":"default","ast-global-header-display":"","ast-main-header-display":"","ast-hfb-above-header-display":"","ast-hfb-below-header-display":"","ast-hfb-mobile-header-display":"","site-post-title":"","ast-breadcrumbs-content":"","ast-featured-img":"","footer-sml-layout":"","theme-transparent-header-meta":"","adv-header-id-meta":"","stick-header-meta":"","header-above-stick-meta":"","header-main-stick-meta":"","header-below-stick-meta":""},"pwb-brand":[36],"product_cat":[174],"product_tag":[],"class_list":{"0":"post-73527","1":"product","2":"type-product","3":"status-publish","5":"pwb-brand-mapco","6":"product_cat-termostaatti","7":"desktop-align-left","8":"tablet-align-left","9":"mobile-align-left","11":"first","12":"instock","13":"product-type-external"},"brands":[{"id":36,"name":"MAPCO","slug":"mapco"}],"_links":{"self":[{"href":"https:\/\/www.autonvaraosahaku.fi\/index.php?rest_route=\/wp\/v2\/product\/73527","targetHints":{"allow":["GET"]}}],"collection":[{"href":"https:\/\/www.autonvaraosahaku.fi\/index.php?rest_route=\/wp\/v2\/product"}],"about":[{"href":"https:\/\/www.autonvaraosahaku.fi\/index.php?rest_route=\/wp\/v2\/types\/product"}],"wp:attachment":[{"href":"https:\/\/www.autonvaraosahaku.fi\/index.php?rest_route=%2Fwp%2Fv2%2Fmedia&parent=73527"}],"wp:term":[{"taxonomy":"pwb-brand","embeddable":true,"href":"https:\/\/www.autonvaraosahaku.fi\/index.php?rest_route=%2Fwp%2Fv2%2Fpwb-brand&post=73527"},{"taxonomy":"product_cat","embeddable":true,"href":"https:\/\/www.autonvaraosahaku.fi\/index.php?rest_route=%2Fwp%2Fv2%2Fproduct_cat&post=73527"},{"taxonomy":"product_tag","embeddable":true,"href":"https:\/\/www.autonvaraosahaku.fi\/index.php?rest_route=%2Fwp%2Fv2%2Fproduct_tag&post=73527"}],"curies":[{"name":"wp","href":"https:\/\/api.w.org\/{rel}","templated":true}]}}