{"id":73528,"date":"2021-02-21T19:28:05","date_gmt":"2021-02-21T19:28:05","guid":{"rendered":"https:\/\/www.autonvaraosahaku.fi\/?product=mapco-53027hps-muut-luokat"},"modified":"2021-02-21T19:28:07","modified_gmt":"2021-02-21T19:28:07","slug":"mapco-53027hps-muut-luokat","status":"publish","type":"product","link":"https:\/\/www.autonvaraosahaku.fi\/?product=mapco-53027hps-muut-luokat","title":{"rendered":"MAPCO 53027HPS Muut luokat"},"content":{"rendered":"<p>Laatu: HPS standard; Tanko \/ tuki: Yhdystanko; M\u00e4\u00e4r\u00e4yksikk\u00f6: Sarja; Asennuspuoli: Etuakseli, vasen, Etuakseli, oikea; Pituus (mm): 300; Ulkokierre [mm]: M10 x 1,5; Tarvittava kappalem\u00e4\u00e4r\u00e4: 1; OPEL: CORSA D,CORSA D Van,CORSA C Kasten F08, W5L; FIAT: GRANDE PUNTO 199,PUNTO EVO 199,PUNTO 199,500L,PUNTO Van 199; ALFA ROMEO: MITO 955; ABARTH: PUNTO 199_; VAUXHALL: CORSA Mk III D L_8,CORSAVAN Mk III D; 50515276, 55700753, 50515276, 55700753, 0350616, 350175, 350616, 13321280, 55700753<\/p>\n","protected":false},"excerpt":{"rendered":"<p>MAPCO Korjaussarja, Vakaaja 53027HPS  OPEL,FIAT,ALFA ROMEO,CORSA D,CORSA D Van,CORSA C Kasten F08, W5L,GRANDE PUNTO 199,PUNTO EVO 199,PUNTO 199,500L<\/p>\n","protected":false},"featured_media":0,"template":"","meta":{"site-sidebar-layout":"default","site-content-layout":"default","ast-global-header-display":"","ast-main-header-display":"","ast-hfb-above-header-display":"","ast-hfb-below-header-display":"","ast-hfb-mobile-header-display":"","site-post-title":"","ast-breadcrumbs-content":"","ast-featured-img":"","footer-sml-layout":"","theme-transparent-header-meta":"","adv-header-id-meta":"","stick-header-meta":"","header-above-stick-meta":"","header-main-stick-meta":"","header-below-stick-meta":""},"pwb-brand":[36],"product_cat":[37],"product_tag":[],"class_list":{"0":"post-73528","1":"product","2":"type-product","3":"status-publish","5":"pwb-brand-mapco","6":"product_cat-muut-luokat","7":"desktop-align-left","8":"tablet-align-left","9":"mobile-align-left","11":"first","12":"instock","13":"product-type-external"},"brands":[{"id":36,"name":"MAPCO","slug":"mapco"}],"_links":{"self":[{"href":"https:\/\/www.autonvaraosahaku.fi\/index.php?rest_route=\/wp\/v2\/product\/73528","targetHints":{"allow":["GET"]}}],"collection":[{"href":"https:\/\/www.autonvaraosahaku.fi\/index.php?rest_route=\/wp\/v2\/product"}],"about":[{"href":"https:\/\/www.autonvaraosahaku.fi\/index.php?rest_route=\/wp\/v2\/types\/product"}],"wp:attachment":[{"href":"https:\/\/www.autonvaraosahaku.fi\/index.php?rest_route=%2Fwp%2Fv2%2Fmedia&parent=73528"}],"wp:term":[{"taxonomy":"pwb-brand","embeddable":true,"href":"https:\/\/www.autonvaraosahaku.fi\/index.php?rest_route=%2Fwp%2Fv2%2Fpwb-brand&post=73528"},{"taxonomy":"product_cat","embeddable":true,"href":"https:\/\/www.autonvaraosahaku.fi\/index.php?rest_route=%2Fwp%2Fv2%2Fproduct_cat&post=73528"},{"taxonomy":"product_tag","embeddable":true,"href":"https:\/\/www.autonvaraosahaku.fi\/index.php?rest_route=%2Fwp%2Fv2%2Fproduct_tag&post=73528"}],"curies":[{"name":"wp","href":"https:\/\/api.w.org\/{rel}","templated":true}]}}