{"id":73541,"date":"2021-02-21T19:28:12","date_gmt":"2021-02-21T19:28:12","guid":{"rendered":"https:\/\/www.autonvaraosahaku.fi\/?product=febi-bilstein-46459-polttoainetankin-korkki"},"modified":"2021-02-21T19:28:12","modified_gmt":"2021-02-21T19:28:12","slug":"febi-bilstein-46459-polttoainetankin-korkki","status":"publish","type":"product","link":"https:\/\/www.autonvaraosahaku.fi\/?product=febi-bilstein-46459-polttoainetankin-korkki","title":{"rendered":"FEBI BILSTEIN 46459 Polttoainetankin korkki"},"content":{"rendered":"<p>Sis\u00e4l\u00e4pimitta [mm]: 52,0; Ulkol\u00e4pimitta [mm]: 40,0; V\u00e4ri: Musta; Paino [kg]: 0,067, 0,067; Moottorinumero: M111; MERCEDES-BENZ: VIANO W639,VITO Bus W639,VITO \/ MIXTO Kasten W639,VITO Bus 638,SPRINTER 3-t Kasten 903,SPRINTER 2-t Bus 901, 902,V-CLASS 638\/2,SPRINTER 2-t Kasten 901, 902,SPRINTER 3-t Bus 903,SPRINTER 3-t Pritsche\/Fahrgestell 903,VITO Kasten 638,T1 Pritsche\/Fahrgestell 602,T2\/L Kasten\/Kombi,SPRINTER 4-t Pritsche\/Fahrgestell 904,T1 Pritsche\/Fahrgestell 601,T2\/LN1 Kasten\/Kombi,VARIO Kasten\/Kombi,SPRINTER 2-t Pritsche\/Fahrgestell 901, 902,SPRINTER CLASSIC 3,5-t Kasten 909,VARIO Pritsche\/Fahrgestell,SPRINTER 4-t Kasten 904,T2\/L Pritsche\/Fahrgestell,T1\/TN Pritsche\/Fahrgestell,VARIO Kipper,T2\/LN1 Pritsche\/Fahrgestell,SPRINTER 4-t Bus 904,SPRINTER 5-t Pritsche\/Fahrgestell 905,SPRINTER CLASSIC 4,6-t Bus 909,T2\/LN1 Kipper,T2\/L Kipper,VARIO Triebkopf,ACTROS MP2 \/ MP3,AXOR,AXOR 2,O 309; 0004700730, 0004703305, 9014700005, 9014700105, 9014700205, 9014700405, A0004700730, A0004703305, A9014700005, A9014700105, A9014700205, A9014700405; Tankin Korkki,Korkki, Polttoainetankki<\/p>\n","protected":false},"excerpt":{"rendered":"<p>FEBI BILSTEIN Polttoainetankin Korkki febi Plus 46459 Tankin Korkki,Korkki, Polttoainetankki MERCEDES-BENZ,VIANO W639,VITO Bus W639<\/p>\n","protected":false},"featured_media":0,"template":"","meta":{"site-sidebar-layout":"default","site-content-layout":"default","ast-global-header-display":"","ast-main-header-display":"","ast-hfb-above-header-display":"","ast-hfb-below-header-display":"","ast-hfb-mobile-header-display":"","site-post-title":"","ast-breadcrumbs-content":"","ast-featured-img":"","footer-sml-layout":"","theme-transparent-header-meta":"","adv-header-id-meta":"","stick-header-meta":"","header-above-stick-meta":"","header-main-stick-meta":"","header-below-stick-meta":""},"pwb-brand":[50],"product_cat":[105],"product_tag":[],"class_list":{"0":"post-73541","1":"product","2":"type-product","3":"status-publish","5":"pwb-brand-febi-bilstein","6":"product_cat-polttoainetankin-korkki","7":"desktop-align-left","8":"tablet-align-left","9":"mobile-align-left","11":"first","12":"instock","13":"product-type-external"},"brands":[{"id":50,"name":"FEBI BILSTEIN","slug":"febi-bilstein"}],"_links":{"self":[{"href":"https:\/\/www.autonvaraosahaku.fi\/index.php?rest_route=\/wp\/v2\/product\/73541","targetHints":{"allow":["GET"]}}],"collection":[{"href":"https:\/\/www.autonvaraosahaku.fi\/index.php?rest_route=\/wp\/v2\/product"}],"about":[{"href":"https:\/\/www.autonvaraosahaku.fi\/index.php?rest_route=\/wp\/v2\/types\/product"}],"wp:attachment":[{"href":"https:\/\/www.autonvaraosahaku.fi\/index.php?rest_route=%2Fwp%2Fv2%2Fmedia&parent=73541"}],"wp:term":[{"taxonomy":"pwb-brand","embeddable":true,"href":"https:\/\/www.autonvaraosahaku.fi\/index.php?rest_route=%2Fwp%2Fv2%2Fpwb-brand&post=73541"},{"taxonomy":"product_cat","embeddable":true,"href":"https:\/\/www.autonvaraosahaku.fi\/index.php?rest_route=%2Fwp%2Fv2%2Fproduct_cat&post=73541"},{"taxonomy":"product_tag","embeddable":true,"href":"https:\/\/www.autonvaraosahaku.fi\/index.php?rest_route=%2Fwp%2Fv2%2Fproduct_tag&post=73541"}],"curies":[{"name":"wp","href":"https:\/\/api.w.org\/{rel}","templated":true}]}}