{"id":73564,"date":"2021-02-21T19:28:19","date_gmt":"2021-02-21T19:28:19","guid":{"rendered":"https:\/\/www.autonvaraosahaku.fi\/?product=ridex-854s0886-iskunvaimennin"},"modified":"2021-02-21T19:28:21","modified_gmt":"2021-02-21T19:28:21","slug":"ridex-854s0886-iskunvaimennin","status":"publish","type":"product","link":"https:\/\/www.autonvaraosahaku.fi\/?product=ridex-854s0886-iskunvaimennin","title":{"rendered":"RIDEX 854S0886 Iskunvaimennin"},"content":{"rendered":"<p>Iskunvaimennin tyyppi: Kaasupaine; Iskunvaimennusj\u00e4rjestelm\u00e4: Yksiputki; Iskunvaimennin asennustapa: Silmukka alhaalla, Tappi ylh\u00e4\u00e4ll\u00e4; Paino [kg]: 1,200; Reik\u00e4-\u00d8 [mm]: 30; suurin pituus [mm]: 670; v\u00e4h. pituus [mm]: 437; Tappil\u00e4pimitta [mm]: 11; Asennuspuoli: Hinterachse; MAZDA: 2 DE,2 Stufenheck DE; FORD: FIESTA VI,FIESTA VI Van; 1514407, 1527161, 1547176, 1547221, 1555039, 1576245, 1576246, 1682492, 1721234, 1721236, 1721237, 1737267, 1737275, 1737276, 1740297, 1740731, 1802546, 1807255, 1933670, 8B5118080EB, 8V5118080BC, 8V5118080BD, 8V5118080BE, 8V5118080BF, 8V5118080BG, 8V5118080BH, 8V5118080DA, 8V5118080DB, 8V5118080DC, 8V5118080DD, 8V5118080DE, 8V5118080DF, 8V5118080EA, 8V5118080EC, BV2118080MA, C1BC18080MB, C1BC18080MC, D65128700, D65128700B, DF7128700, DF7128700B, 8V5118080BD, 8V5118080BE, 8V5118080BF, D65128700, D65128700B, D6512870XB, DF7128700, DF7128700B, DF712870XB, DF712870XC, DR612870X; Iskarit,Iskunvaimennin<\/p>\n","protected":false},"excerpt":{"rendered":"<p>RIDEX Iskunvaimentimet 854S0886 Iskarit,Iskunvaimennin MAZDA,FORD,2 DE,2 Stufenheck DE,FIESTA VI,FIESTA VI Van<\/p>\n","protected":false},"featured_media":0,"template":"","meta":{"site-sidebar-layout":"default","site-content-layout":"default","ast-global-header-display":"","ast-main-header-display":"","ast-hfb-above-header-display":"","ast-hfb-below-header-display":"","ast-hfb-mobile-header-display":"","site-post-title":"","ast-breadcrumbs-content":"","ast-featured-img":"","footer-sml-layout":"","theme-transparent-header-meta":"","adv-header-id-meta":"","stick-header-meta":"","header-above-stick-meta":"","header-main-stick-meta":"","header-below-stick-meta":""},"pwb-brand":[157],"product_cat":[80],"product_tag":[],"class_list":{"0":"post-73564","1":"product","2":"type-product","3":"status-publish","5":"pwb-brand-ridex","6":"product_cat-iskunvaimennin","7":"desktop-align-left","8":"tablet-align-left","9":"mobile-align-left","11":"first","12":"instock","13":"product-type-external"},"brands":[{"id":157,"name":"RIDEX","slug":"ridex"}],"_links":{"self":[{"href":"https:\/\/www.autonvaraosahaku.fi\/index.php?rest_route=\/wp\/v2\/product\/73564","targetHints":{"allow":["GET"]}}],"collection":[{"href":"https:\/\/www.autonvaraosahaku.fi\/index.php?rest_route=\/wp\/v2\/product"}],"about":[{"href":"https:\/\/www.autonvaraosahaku.fi\/index.php?rest_route=\/wp\/v2\/types\/product"}],"wp:attachment":[{"href":"https:\/\/www.autonvaraosahaku.fi\/index.php?rest_route=%2Fwp%2Fv2%2Fmedia&parent=73564"}],"wp:term":[{"taxonomy":"pwb-brand","embeddable":true,"href":"https:\/\/www.autonvaraosahaku.fi\/index.php?rest_route=%2Fwp%2Fv2%2Fpwb-brand&post=73564"},{"taxonomy":"product_cat","embeddable":true,"href":"https:\/\/www.autonvaraosahaku.fi\/index.php?rest_route=%2Fwp%2Fv2%2Fproduct_cat&post=73564"},{"taxonomy":"product_tag","embeddable":true,"href":"https:\/\/www.autonvaraosahaku.fi\/index.php?rest_route=%2Fwp%2Fv2%2Fproduct_tag&post=73564"}],"curies":[{"name":"wp","href":"https:\/\/api.w.org\/{rel}","templated":true}]}}