{"id":73573,"date":"2021-02-21T19:28:19","date_gmt":"2021-02-21T19:28:19","guid":{"rendered":"https:\/\/www.autonvaraosahaku.fi\/?product=autofren-seinsa-d42089c-jarrusatula-korjaussarja"},"modified":"2021-02-21T19:28:23","modified_gmt":"2021-02-21T19:28:23","slug":"autofren-seinsa-d42089c-jarrusatula-korjaussarja","status":"publish","type":"product","link":"https:\/\/www.autonvaraosahaku.fi\/?product=autofren-seinsa-d42089c-jarrusatula-korjaussarja","title":{"rendered":"AUTOFREN SEINSA D42089C Jarrusatula korjaussarja"},"content":{"rendered":"<p>Asennuspuoli: Etuakseli; L\u00e4pimitta [mm]: 40, 44; Jarruj\u00e4rjestelm\u00e4: BREMBO; Jarrusatulatyyppi: Jarrusatula (4-m\u00e4nt\u00e4\u00e4); T\u00e4yssarja: ; Valmistusvuoteen: 06\/2005; MERCEDES-BENZ: C-CLASS W203,E-CLASS W211,C-CLASS T-Model S203,E-CLASS T-Model S211,C-CLASS Coupe CL203,M-CLASS W163,SLK R171,CLK C209,S-CLASS W220,CLS C219,SL R230,CLK Cabriolet A209,S-CLASS Coupe C215; BMW: 7 E38,8 E31; 34111161177, 34111161178, 34111161691, 34111161692, 34111163757, 34111163758, 0014208083, 0014208183, 0014208283, 0014208383, 0024200883, 0024200983, 0024201983, 0024202083, 0024202183, 0024202283, 0024202383, 0024202483, 0034205783, 0034205883, 14208083, 14208183, 14208283, 14208383, 1634210898, 1634210998, 1634211098, 1634211198, 1634211598, 1634211698, 1634211998, 1634212098, 1634212398, 1634212498, 24200883, 24200983, 24201983, 24202083, 24202183, 24202283, 24202383, 24202483, 24208383, 24208483, 34205783, 34205883; Korjaussarja, Jarrusatula<\/p>\n","protected":false},"excerpt":{"rendered":"<p>AUTOFREN SEINSA Jarrusatula Korjaussarja D42089C Korjaussarja, Jarrusatula MERCEDES-BENZ,BMW,C-CLASS W203,E-CLASS W211,C-CLASS T-Model S203<\/p>\n","protected":false},"featured_media":0,"template":"","meta":{"site-sidebar-layout":"default","site-content-layout":"default","ast-global-header-display":"","ast-main-header-display":"","ast-hfb-above-header-display":"","ast-hfb-below-header-display":"","ast-hfb-mobile-header-display":"","site-post-title":"","ast-breadcrumbs-content":"","ast-featured-img":"","footer-sml-layout":"","theme-transparent-header-meta":"","adv-header-id-meta":"","stick-header-meta":"","header-above-stick-meta":"","header-main-stick-meta":"","header-below-stick-meta":""},"pwb-brand":[243],"product_cat":[57],"product_tag":[],"class_list":{"0":"post-73573","1":"product","2":"type-product","3":"status-publish","5":"pwb-brand-autofren-seinsa","6":"product_cat-jarrusatula-korjaussarja","7":"desktop-align-left","8":"tablet-align-left","9":"mobile-align-left","11":"first","12":"instock","13":"product-type-external"},"brands":[{"id":243,"name":"AUTOFREN SEINSA","slug":"autofren-seinsa"}],"_links":{"self":[{"href":"https:\/\/www.autonvaraosahaku.fi\/index.php?rest_route=\/wp\/v2\/product\/73573","targetHints":{"allow":["GET"]}}],"collection":[{"href":"https:\/\/www.autonvaraosahaku.fi\/index.php?rest_route=\/wp\/v2\/product"}],"about":[{"href":"https:\/\/www.autonvaraosahaku.fi\/index.php?rest_route=\/wp\/v2\/types\/product"}],"wp:attachment":[{"href":"https:\/\/www.autonvaraosahaku.fi\/index.php?rest_route=%2Fwp%2Fv2%2Fmedia&parent=73573"}],"wp:term":[{"taxonomy":"pwb-brand","embeddable":true,"href":"https:\/\/www.autonvaraosahaku.fi\/index.php?rest_route=%2Fwp%2Fv2%2Fpwb-brand&post=73573"},{"taxonomy":"product_cat","embeddable":true,"href":"https:\/\/www.autonvaraosahaku.fi\/index.php?rest_route=%2Fwp%2Fv2%2Fproduct_cat&post=73573"},{"taxonomy":"product_tag","embeddable":true,"href":"https:\/\/www.autonvaraosahaku.fi\/index.php?rest_route=%2Fwp%2Fv2%2Fproduct_tag&post=73573"}],"curies":[{"name":"wp","href":"https:\/\/api.w.org\/{rel}","templated":true}]}}