{"id":73578,"date":"2021-02-21T19:28:19","date_gmt":"2021-02-21T19:28:19","guid":{"rendered":"https:\/\/www.autonvaraosahaku.fi\/?product=ridex-3213b0044-kampiakselin-hihnapyora"},"modified":"2021-02-21T19:28:25","modified_gmt":"2021-02-21T19:28:25","slug":"ridex-3213b0044-kampiakselin-hihnapyora","status":"publish","type":"product","link":"https:\/\/www.autonvaraosahaku.fi\/?product=ridex-3213b0044-kampiakselin-hihnapyora","title":{"rendered":"RIDEX 3213B0044 Kampiakselin hihnapy\u00f6r\u00e4"},"content":{"rendered":"<p>Kiiloja: 5; Korvaava tuote\/korvaava tiedote 2: kytketty, Ruuvisarjalla, asennusohjeella; Ulkol\u00e4pimitta [mm]: 182; Varusteet: Ajoneuvoille k\u00e4ynnistys-pys\u00e4ytys-toiminnolla, ajoneuvoille ilman k\u00e4ynnistys-pys\u00e4ytys-toimintoa; BMW: 3 Touring E91,3 E90,5 E60,1 E87,5 Touring E61,X3 E83,X1 E84,1 E81,3 Coupe E92,3 Cabriolet E93,1 Cabriolet E88,1 Coupe E82; 11237797995, 11237799153, 11237823191; Hihnapy\u00f6r\u00e4, Kampiakseli<\/p>\n","protected":false},"excerpt":{"rendered":"<p>RIDEX Kampiakselin Hihnapy\u00f6r\u00e4 3213B0044 Hihnapy\u00f6r\u00e4, Kampiakseli BMW,3 Touring E91,3 E90,5 E60,1 E87,5 Touring E61,X3 E83,X1 E84,1 E81,3 Coupe E92<\/p>\n","protected":false},"featured_media":0,"template":"","meta":{"site-sidebar-layout":"default","site-content-layout":"default","ast-global-header-display":"","ast-main-header-display":"","ast-hfb-above-header-display":"","ast-hfb-below-header-display":"","ast-hfb-mobile-header-display":"","site-post-title":"","ast-breadcrumbs-content":"","ast-featured-img":"","footer-sml-layout":"","theme-transparent-header-meta":"","adv-header-id-meta":"","stick-header-meta":"","header-above-stick-meta":"","header-main-stick-meta":"","header-below-stick-meta":""},"pwb-brand":[157],"product_cat":[219],"product_tag":[],"class_list":{"0":"post-73578","1":"product","2":"type-product","3":"status-publish","5":"pwb-brand-ridex","6":"product_cat-kampiakselin-hihnapyora","7":"desktop-align-left","8":"tablet-align-left","9":"mobile-align-left","11":"first","12":"instock","13":"product-type-external"},"brands":[{"id":157,"name":"RIDEX","slug":"ridex"}],"_links":{"self":[{"href":"https:\/\/www.autonvaraosahaku.fi\/index.php?rest_route=\/wp\/v2\/product\/73578","targetHints":{"allow":["GET"]}}],"collection":[{"href":"https:\/\/www.autonvaraosahaku.fi\/index.php?rest_route=\/wp\/v2\/product"}],"about":[{"href":"https:\/\/www.autonvaraosahaku.fi\/index.php?rest_route=\/wp\/v2\/types\/product"}],"wp:attachment":[{"href":"https:\/\/www.autonvaraosahaku.fi\/index.php?rest_route=%2Fwp%2Fv2%2Fmedia&parent=73578"}],"wp:term":[{"taxonomy":"pwb-brand","embeddable":true,"href":"https:\/\/www.autonvaraosahaku.fi\/index.php?rest_route=%2Fwp%2Fv2%2Fpwb-brand&post=73578"},{"taxonomy":"product_cat","embeddable":true,"href":"https:\/\/www.autonvaraosahaku.fi\/index.php?rest_route=%2Fwp%2Fv2%2Fproduct_cat&post=73578"},{"taxonomy":"product_tag","embeddable":true,"href":"https:\/\/www.autonvaraosahaku.fi\/index.php?rest_route=%2Fwp%2Fv2%2Fproduct_tag&post=73578"}],"curies":[{"name":"wp","href":"https:\/\/api.w.org\/{rel}","templated":true}]}}