{"id":73594,"date":"2021-02-21T19:28:26","date_gmt":"2021-02-21T19:28:26","guid":{"rendered":"https:\/\/www.autonvaraosahaku.fi\/?product=autofren-seinsa-d41109c-jarrusatula-korjaussarja"},"modified":"2021-02-21T19:28:31","modified_gmt":"2021-02-21T19:28:31","slug":"autofren-seinsa-d41109c-jarrusatula-korjaussarja","status":"publish","type":"product","link":"https:\/\/www.autonvaraosahaku.fi\/?product=autofren-seinsa-d41109c-jarrusatula-korjaussarja","title":{"rendered":"AUTOFREN SEINSA D41109C Jarrusatula korjaussarja"},"content":{"rendered":"<p>Asennuspuoli: Etuakseli; L\u00e4pimitta [mm]: 57; Jarruj\u00e4rjestelm\u00e4: GIRLING; T\u00e4yssarja: ; Jarrulevypaksuudelle [mm]: 14; NISSAN: ALMERA II Hatchback N16,JUKE F15,PRIMERA P11,PRIMERA Traveller WP11,PRIMERA Hatchback P11,ALMERA Mk II N16,ALMERA I N15,PRIMERA P10,PRIMERA Hatchback P10; LAND ROVER: FREELANDER LN,FREELANDER Soft Top; VOLVO: 940 II Kombi 945,940 Kombi 945,740 Kombi 745,960 II Kombi 965,740 744,960 II 964,940 944,V90 Kombi,760 704, 764,960 Kombi 965,760 Kombi 704, 765,940 II 944,960 964,S90; SEG100220, SEG100230, 410012F021, 410012F521, 410012F522, 410012F52A, 410013F000, 410014M510, 4100171J00, 410112F021, 410112F521, 410112F522, 410112F52A, 410113F000, 410114M510, 410114M51A, 4101171J00, 3516565, 35165653, 3516566, 35165661, 5003744, 50037449, 5003745, 50037456, 8111057, 81110577, 81110579, 8111058, 81110587, 9157451, 91574517, 9157452, 91574525; Korjaussarja, Jarrusatula<\/p>\n","protected":false},"excerpt":{"rendered":"<p>AUTOFREN SEINSA Jarrusatula Korjaussarja D41109C Korjaussarja, Jarrusatula NISSAN,LAND ROVER,VOLVO,ALMERA II Hatchback N16,JUKE F15,PRIMERA P11<\/p>\n","protected":false},"featured_media":0,"template":"","meta":{"site-sidebar-layout":"default","site-content-layout":"default","ast-global-header-display":"","ast-main-header-display":"","ast-hfb-above-header-display":"","ast-hfb-below-header-display":"","ast-hfb-mobile-header-display":"","site-post-title":"","ast-breadcrumbs-content":"","ast-featured-img":"","footer-sml-layout":"","theme-transparent-header-meta":"","adv-header-id-meta":"","stick-header-meta":"","header-above-stick-meta":"","header-main-stick-meta":"","header-below-stick-meta":""},"pwb-brand":[243],"product_cat":[57],"product_tag":[],"class_list":{"0":"post-73594","1":"product","2":"type-product","3":"status-publish","5":"pwb-brand-autofren-seinsa","6":"product_cat-jarrusatula-korjaussarja","7":"desktop-align-left","8":"tablet-align-left","9":"mobile-align-left","11":"first","12":"instock","13":"product-type-external"},"brands":[{"id":243,"name":"AUTOFREN SEINSA","slug":"autofren-seinsa"}],"_links":{"self":[{"href":"https:\/\/www.autonvaraosahaku.fi\/index.php?rest_route=\/wp\/v2\/product\/73594","targetHints":{"allow":["GET"]}}],"collection":[{"href":"https:\/\/www.autonvaraosahaku.fi\/index.php?rest_route=\/wp\/v2\/product"}],"about":[{"href":"https:\/\/www.autonvaraosahaku.fi\/index.php?rest_route=\/wp\/v2\/types\/product"}],"wp:attachment":[{"href":"https:\/\/www.autonvaraosahaku.fi\/index.php?rest_route=%2Fwp%2Fv2%2Fmedia&parent=73594"}],"wp:term":[{"taxonomy":"pwb-brand","embeddable":true,"href":"https:\/\/www.autonvaraosahaku.fi\/index.php?rest_route=%2Fwp%2Fv2%2Fpwb-brand&post=73594"},{"taxonomy":"product_cat","embeddable":true,"href":"https:\/\/www.autonvaraosahaku.fi\/index.php?rest_route=%2Fwp%2Fv2%2Fproduct_cat&post=73594"},{"taxonomy":"product_tag","embeddable":true,"href":"https:\/\/www.autonvaraosahaku.fi\/index.php?rest_route=%2Fwp%2Fv2%2Fproduct_tag&post=73594"}],"curies":[{"name":"wp","href":"https:\/\/api.w.org\/{rel}","templated":true}]}}