{"id":73595,"date":"2021-02-21T19:28:26","date_gmt":"2021-02-21T19:28:26","guid":{"rendered":"https:\/\/www.autonvaraosahaku.fi\/?product=ridex-273c0489-alatukivarsi"},"modified":"2021-02-21T19:28:31","modified_gmt":"2021-02-21T19:28:31","slug":"ridex-273c0489-alatukivarsi","status":"publish","type":"product","link":"https:\/\/www.autonvaraosahaku.fi\/?product=ridex-273c0489-alatukivarsi","title":{"rendered":"RIDEX 273C0489 Alatukivarsi"},"content":{"rendered":"<p>Asennuspuoli: Vasen, Alla, Etuakseli; Ohjausmalli: Poikittaistukivarsi; FORD: SIERRA GBG, GB4,SIERRA Schr\u00e4gheck GBC, GBG,SIERRA Schr\u00e4gheck GBC,SIERRA Kombi BNG,SIERRA Kombi BNC,P 100 II; 5021461, 6114117, 6114615, 6114617, 6133284, 6149369, 6149940, 6194369, 83BB3079BA, 83BB3A053BB, 83BB3A053BC, 83BB3A053BD, 880X3B377DA; Tukivarsi,Tukivarsi, Py\u00f6r\u00e4ntuenta<\/p>\n","protected":false},"excerpt":{"rendered":"<p>RIDEX Alatukivarsi 273C0489 Tukivarsi,Tukivarsi, Py\u00f6r\u00e4ntuenta FORD,SIERRA GBG, GB4,SIERRA Schr\u00e4gheck GBC, GBG,SIERRA Schr\u00e4gheck GBC,SIERRA Kombi BNG<\/p>\n","protected":false},"featured_media":0,"template":"","meta":{"site-sidebar-layout":"default","site-content-layout":"default","ast-global-header-display":"","ast-main-header-display":"","ast-hfb-above-header-display":"","ast-hfb-below-header-display":"","ast-hfb-mobile-header-display":"","site-post-title":"","ast-breadcrumbs-content":"","ast-featured-img":"","footer-sml-layout":"","theme-transparent-header-meta":"","adv-header-id-meta":"","stick-header-meta":"","header-above-stick-meta":"","header-main-stick-meta":"","header-below-stick-meta":""},"pwb-brand":[157],"product_cat":[62],"product_tag":[],"class_list":{"0":"post-73595","1":"product","2":"type-product","3":"status-publish","5":"pwb-brand-ridex","6":"product_cat-alatukivarsi","7":"desktop-align-left","8":"tablet-align-left","9":"mobile-align-left","11":"first","12":"instock","13":"product-type-external"},"brands":[{"id":157,"name":"RIDEX","slug":"ridex"}],"_links":{"self":[{"href":"https:\/\/www.autonvaraosahaku.fi\/index.php?rest_route=\/wp\/v2\/product\/73595","targetHints":{"allow":["GET"]}}],"collection":[{"href":"https:\/\/www.autonvaraosahaku.fi\/index.php?rest_route=\/wp\/v2\/product"}],"about":[{"href":"https:\/\/www.autonvaraosahaku.fi\/index.php?rest_route=\/wp\/v2\/types\/product"}],"wp:attachment":[{"href":"https:\/\/www.autonvaraosahaku.fi\/index.php?rest_route=%2Fwp%2Fv2%2Fmedia&parent=73595"}],"wp:term":[{"taxonomy":"pwb-brand","embeddable":true,"href":"https:\/\/www.autonvaraosahaku.fi\/index.php?rest_route=%2Fwp%2Fv2%2Fpwb-brand&post=73595"},{"taxonomy":"product_cat","embeddable":true,"href":"https:\/\/www.autonvaraosahaku.fi\/index.php?rest_route=%2Fwp%2Fv2%2Fproduct_cat&post=73595"},{"taxonomy":"product_tag","embeddable":true,"href":"https:\/\/www.autonvaraosahaku.fi\/index.php?rest_route=%2Fwp%2Fv2%2Fproduct_tag&post=73595"}],"curies":[{"name":"wp","href":"https:\/\/api.w.org\/{rel}","templated":true}]}}