{"id":73598,"date":"2021-02-21T19:28:26","date_gmt":"2021-02-21T19:28:26","guid":{"rendered":"https:\/\/www.autonvaraosahaku.fi\/?product=trw-gdb2056-jarrupalat"},"modified":"2021-02-21T19:28:32","modified_gmt":"2021-02-21T19:28:32","slug":"trw-gdb2056-jarrupalat","status":"publish","type":"product","link":"https:\/\/www.autonvaraosahaku.fi\/?product=trw-gdb2056-jarrupalat","title":{"rendered":"TRW GDB2056 Jarrupalat"},"content":{"rendered":"<p>Valmistaja rajaus: TRW; Pituus (mm): 146; Korkeus (mm): 71,6; Paksuus [mm]: 20,5; Kulumisenilmaisimen liitos: Kulumisenilmaisemelle; Lis\u00e4tarvike\/lis\u00e4tieto: Tarvikkeilla; Tarkistuskilpi: E9 90R-01107\/2231; M\u00e4\u00e4r\u00e4yksikk\u00f6: Akselisarja; Asennuspuoli: Vorderachse; MERCEDES-BENZ: C-CLASS W204,C-CLASS T-Model S204,E-CLASS W212,E-CLASS T-Model S212,C-CLASS Coupe C204,SLK R172; 0054201520, 0074201620, A0054201520, A0074201620; Jarrupalasarja,Jarrupala, Levyjarru<\/p>\n","protected":false},"excerpt":{"rendered":"<p>TRW Jarrupalat GDB2056 Jarrupalasarja,Jarrupala, Levyjarru MERCEDES-BENZ,C-CLASS W204,C-CLASS T-Model S204,E-CLASS W212,E-CLASS T-Model S212<\/p>\n","protected":false},"featured_media":0,"template":"","meta":{"site-sidebar-layout":"default","site-content-layout":"default","ast-global-header-display":"","ast-main-header-display":"","ast-hfb-above-header-display":"","ast-hfb-below-header-display":"","ast-hfb-mobile-header-display":"","site-post-title":"","ast-breadcrumbs-content":"","ast-featured-img":"","footer-sml-layout":"","theme-transparent-header-meta":"","adv-header-id-meta":"","stick-header-meta":"","header-above-stick-meta":"","header-main-stick-meta":"","header-below-stick-meta":""},"pwb-brand":[332],"product_cat":[100],"product_tag":[],"class_list":{"0":"post-73598","1":"product","2":"type-product","3":"status-publish","5":"pwb-brand-trw","6":"product_cat-jarrupalat","7":"desktop-align-left","8":"tablet-align-left","9":"mobile-align-left","11":"first","12":"instock","13":"product-type-external"},"brands":[{"id":332,"name":"TRW","slug":"trw"}],"_links":{"self":[{"href":"https:\/\/www.autonvaraosahaku.fi\/index.php?rest_route=\/wp\/v2\/product\/73598","targetHints":{"allow":["GET"]}}],"collection":[{"href":"https:\/\/www.autonvaraosahaku.fi\/index.php?rest_route=\/wp\/v2\/product"}],"about":[{"href":"https:\/\/www.autonvaraosahaku.fi\/index.php?rest_route=\/wp\/v2\/types\/product"}],"wp:attachment":[{"href":"https:\/\/www.autonvaraosahaku.fi\/index.php?rest_route=%2Fwp%2Fv2%2Fmedia&parent=73598"}],"wp:term":[{"taxonomy":"pwb-brand","embeddable":true,"href":"https:\/\/www.autonvaraosahaku.fi\/index.php?rest_route=%2Fwp%2Fv2%2Fpwb-brand&post=73598"},{"taxonomy":"product_cat","embeddable":true,"href":"https:\/\/www.autonvaraosahaku.fi\/index.php?rest_route=%2Fwp%2Fv2%2Fproduct_cat&post=73598"},{"taxonomy":"product_tag","embeddable":true,"href":"https:\/\/www.autonvaraosahaku.fi\/index.php?rest_route=%2Fwp%2Fv2%2Fproduct_tag&post=73598"}],"curies":[{"name":"wp","href":"https:\/\/api.w.org\/{rel}","templated":true}]}}