{"id":73644,"date":"2021-02-21T19:28:48","date_gmt":"2021-02-21T19:28:48","guid":{"rendered":"https:\/\/www.autonvaraosahaku.fi\/?product=ate-24-0218-5001-1-jarrurumpu"},"modified":"2021-02-21T19:28:49","modified_gmt":"2021-02-21T19:28:49","slug":"ate-24-0218-5001-1-jarrurumpu","status":"publish","type":"product","link":"https:\/\/www.autonvaraosahaku.fi\/?product=ate-24-0218-5001-1-jarrurumpu","title":{"rendered":"ATE 24.0218-5001.1 Jarrurumpu"},"content":{"rendered":"<p>Rumpul\u00e4pimitta: 185,0; Suurin mahdollinen rummun sis\u00e4mitta (mm): 186,8; J-rumpu sis\u00e4leveys [mm]: 37,0; Reikien m\u00e4\u00e4r\u00e4: 4; Reik\u00e4ympyr\u00e4-\u00d8 [mm]: 98,0; Reik\u00e4-\u00d8 [mm]: 13,6; J-rumpu ulkoleveys [mm]: 53,0; Jarrurummun ulkol\u00e4pim. [mm]: 219,0; L\u00e4pimitta sis\u00e4\u00e4notto [mm]: 59,0; MAPP-koodi saatavilla: ; Asennuspuoli: Hinterachse; FIAT: CINQUECENTO 170,PANDA 141A_,126,UNO 146A\/E,127,FIORINO Kasten 146,128 Coupe,128,PANDA Van 141_,RITMO I 138A,FIORINO Pick up 146,FIORINO 147,REGATA 138,RITMO Cabriolet,127 Panorama,128 Familiare,FIORINO 127,UNO Kasten 146,FIORINO Pick up 147,REGATA Weekend 138,DUNA 146 B,ELBA 146_,DUNA Weekend 146 B; SEAT: MARBELLA 28,IBIZA I 021A,MARBELLA Kasten 028A,MALAGA 023A,RONDA 022A; LANCIA: DELTA I 831AB0,Y10 156,A 112,PRISMA 831AB0; AUTOBIANCHI: A 112,Y10; 4379680, 5974792, 7777842, SE022165201A<\/p>\n","protected":false},"excerpt":{"rendered":"<p>ATE Jarrurumpu 24.0218-5001.1  FIAT,SEAT,LANCIA,CINQUECENTO 170,PANDA 141A_,126,UNO 146A\/E,127,FIORINO Kasten 146,128 Coupe,128,PANDA Van 141_<\/p>\n","protected":false},"featured_media":0,"template":"","meta":{"site-sidebar-layout":"default","site-content-layout":"default","ast-global-header-display":"","ast-main-header-display":"","ast-hfb-above-header-display":"","ast-hfb-below-header-display":"","ast-hfb-mobile-header-display":"","site-post-title":"","ast-breadcrumbs-content":"","ast-featured-img":"","footer-sml-layout":"","theme-transparent-header-meta":"","adv-header-id-meta":"","stick-header-meta":"","header-above-stick-meta":"","header-main-stick-meta":"","header-below-stick-meta":""},"pwb-brand":[108],"product_cat":[304],"product_tag":[],"class_list":{"0":"post-73644","1":"product","2":"type-product","3":"status-publish","5":"pwb-brand-ate","6":"product_cat-jarrurumpu","7":"desktop-align-left","8":"tablet-align-left","9":"mobile-align-left","11":"first","12":"instock","13":"product-type-external"},"brands":[{"id":108,"name":"ATE","slug":"ate"}],"_links":{"self":[{"href":"https:\/\/www.autonvaraosahaku.fi\/index.php?rest_route=\/wp\/v2\/product\/73644","targetHints":{"allow":["GET"]}}],"collection":[{"href":"https:\/\/www.autonvaraosahaku.fi\/index.php?rest_route=\/wp\/v2\/product"}],"about":[{"href":"https:\/\/www.autonvaraosahaku.fi\/index.php?rest_route=\/wp\/v2\/types\/product"}],"wp:attachment":[{"href":"https:\/\/www.autonvaraosahaku.fi\/index.php?rest_route=%2Fwp%2Fv2%2Fmedia&parent=73644"}],"wp:term":[{"taxonomy":"pwb-brand","embeddable":true,"href":"https:\/\/www.autonvaraosahaku.fi\/index.php?rest_route=%2Fwp%2Fv2%2Fpwb-brand&post=73644"},{"taxonomy":"product_cat","embeddable":true,"href":"https:\/\/www.autonvaraosahaku.fi\/index.php?rest_route=%2Fwp%2Fv2%2Fproduct_cat&post=73644"},{"taxonomy":"product_tag","embeddable":true,"href":"https:\/\/www.autonvaraosahaku.fi\/index.php?rest_route=%2Fwp%2Fv2%2Fproduct_tag&post=73644"}],"curies":[{"name":"wp","href":"https:\/\/api.w.org\/{rel}","templated":true}]}}