{"id":7367,"date":"2021-02-21T13:59:59","date_gmt":"2021-02-21T13:59:59","guid":{"rendered":"https:\/\/www.autonvaraosahaku.fi\/?product=ate-24-5201-0164-3-jarruletku"},"modified":"2021-02-21T14:00:00","modified_gmt":"2021-02-21T14:00:00","slug":"ate-24-5201-0164-3-jarruletku","status":"publish","type":"product","link":"https:\/\/www.autonvaraosahaku.fi\/?product=ate-24-5201-0164-3-jarruletku","title":{"rendered":"ATE 24.5201-0164.3 Jarruletku"},"content":{"rendered":"<p>Pituus (mm): 164; Sis\u00e4kierre 1 [mm]: M10x1; Sis\u00e4kierre 2 [mm]: M10x1; MAPP-koodi saatavilla: ; Avainv\u00e4li 1 [mm]: 14; Alustanumeroon: 81-A0190513; VW: TRANSPORTER IV Bus 70XB, 70XC, 7DB, 7DW,GOLF II 19E, 1G1,PASSAT Variant 3A5, 35I,GOLF I Cabriolet 155,TRANSPORTER IV Kasten 70XA,PASSAT 3A2, 35I,CORRADO 53I,TRANSPORTER IV Pritsche\/Fahrgestell 70XD,SCIROCCO 53B,GOLF I 17,JETTA II 19E, 1G2, 165,PASSAT Variant 32B,PASSAT 32B,SCIROCCO 53,JETTA I 16,PASSAT Stufenheck 32B,PASSAT Variant 33,SANTANA 32B,GOLF II Van 19E, 1G1; AUDI: 80 81, 85, B2; SEAT: TOLEDO I 1L; 171611775, 175611775, 321611775A<\/p>\n","protected":false},"excerpt":{"rendered":"<p>ATE Jarruletku 24.5201-0164.3  VW,AUDI,SEAT,TRANSPORTER IV Bus 70XB, 70XC, 7DB, 7DW,GOLF II 19E, 1G1,PASSAT Variant 3A5, 35I,GOLF I Cabriolet 155<\/p>\n","protected":false},"featured_media":0,"template":"","meta":{"site-sidebar-layout":"default","site-content-layout":"default","ast-global-header-display":"","ast-main-header-display":"","ast-hfb-above-header-display":"","ast-hfb-below-header-display":"","ast-hfb-mobile-header-display":"","site-post-title":"","ast-breadcrumbs-content":"","ast-featured-img":"","footer-sml-layout":"","theme-transparent-header-meta":"","adv-header-id-meta":"","stick-header-meta":"","header-above-stick-meta":"","header-main-stick-meta":"","header-below-stick-meta":""},"pwb-brand":[108],"product_cat":[70],"product_tag":[],"class_list":{"0":"post-7367","1":"product","2":"type-product","3":"status-publish","5":"pwb-brand-ate","6":"product_cat-jarruletku","7":"desktop-align-left","8":"tablet-align-left","9":"mobile-align-left","11":"first","12":"instock","13":"product-type-external"},"brands":[{"id":108,"name":"ATE","slug":"ate"}],"_links":{"self":[{"href":"https:\/\/www.autonvaraosahaku.fi\/index.php?rest_route=\/wp\/v2\/product\/7367","targetHints":{"allow":["GET"]}}],"collection":[{"href":"https:\/\/www.autonvaraosahaku.fi\/index.php?rest_route=\/wp\/v2\/product"}],"about":[{"href":"https:\/\/www.autonvaraosahaku.fi\/index.php?rest_route=\/wp\/v2\/types\/product"}],"wp:attachment":[{"href":"https:\/\/www.autonvaraosahaku.fi\/index.php?rest_route=%2Fwp%2Fv2%2Fmedia&parent=7367"}],"wp:term":[{"taxonomy":"pwb-brand","embeddable":true,"href":"https:\/\/www.autonvaraosahaku.fi\/index.php?rest_route=%2Fwp%2Fv2%2Fpwb-brand&post=7367"},{"taxonomy":"product_cat","embeddable":true,"href":"https:\/\/www.autonvaraosahaku.fi\/index.php?rest_route=%2Fwp%2Fv2%2Fproduct_cat&post=7367"},{"taxonomy":"product_tag","embeddable":true,"href":"https:\/\/www.autonvaraosahaku.fi\/index.php?rest_route=%2Fwp%2Fv2%2Fproduct_tag&post=7367"}],"curies":[{"name":"wp","href":"https:\/\/api.w.org\/{rel}","templated":true}]}}