{"id":73670,"date":"2021-02-21T19:28:55","date_gmt":"2021-02-21T19:28:55","guid":{"rendered":"https:\/\/www.autonvaraosahaku.fi\/?product=elring-206-954-venttiilinvarren-kumit"},"modified":"2021-02-21T19:28:58","modified_gmt":"2021-02-21T19:28:58","slug":"elring-206-954-venttiilinvarren-kumit","status":"publish","type":"product","link":"https:\/\/www.autonvaraosahaku.fi\/?product=elring-206-954-venttiilinvarren-kumit","title":{"rendered":"ELRING 206.954 Venttiilinvarren kumit"},"content":{"rendered":"<p>Venttiilinvarren l\u00e4pimitta [mm]: 8, 8; Sis\u00e4l\u00e4pimitta [mm]: 12; Ulkol\u00e4pimitta [mm]: 15,5; Korkeus (mm): 9,5; Materiaali: ACM (polyakryyli-kautsu), ACM (polyakryyli-kautsu); Tarvittava kappalem\u00e4\u00e4r\u00e4: 4; FORD: SIERRA GBG, GB4,SIERRA Schr\u00e4gheck GBC, GBG,TRANSIT Kasten T_ _,FIESTA I GFBT,ESCORT IV GAF, AWF, ABFT,FIESTA II FBD,TRANSIT Bus V_ _,SCORPIO I GAE, GGE,TRANSIT Bus T_ _,TRANSIT Bus MK-4 E_ _,CAPRI III GECP,SIERRA Schr\u00e4gheck GBC,ESCORT II ATH,TRANSIT MK-4 Pritsche\/Fahrgestell E_ _,ESCORT III GAA,SCORPIO I Stufenheck GGE,ESCORT I AFH, ATH,TRANSIT Kasten V_ _,TRANSIT Pritsche\/Fahrgestell V_ _,TRANSIT MK-4 Kasten E_ _,SIERRA Kombi BNG,GRANADA GU,TRANSIT Pritsche\/Fahrgestell T_ _,CAPRI II GECP,SIERRA Kombi BNC,FIESTA Kasten FVD,ORION II AFF,GRANADA Kombi GNU,ESCORT IV Kombi AWF, AVF,ESCORT &#8217;86 Express AVF,GRANADA GGTL, GGFL,GRANADA Coupe GGCL,FIESTA Kasten WFVT,ESCORT III Kombi AWA,GRANADA Kombi GGNL,P 100 II,ESCORT &#8217;81 Express AVA,TAUNUS GBFK; 510658, 1474550, 1490525, 70HM6571A1B, 70HM6571A3B<\/p>\n","protected":false},"excerpt":{"rendered":"<p>ELRING Tiiviste, Venttiilivarsi 206.954  FORD,SIERRA GBG, GB4,SIERRA Schr\u00e4gheck GBC, GBG,TRANSIT Kasten T_ _,FIESTA I GFBT,ESCORT IV GAF, AWF, ABFT<\/p>\n","protected":false},"featured_media":0,"template":"","meta":{"site-sidebar-layout":"default","site-content-layout":"default","ast-global-header-display":"","ast-main-header-display":"","ast-hfb-above-header-display":"","ast-hfb-below-header-display":"","ast-hfb-mobile-header-display":"","site-post-title":"","ast-breadcrumbs-content":"","ast-featured-img":"","footer-sml-layout":"","theme-transparent-header-meta":"","adv-header-id-meta":"","stick-header-meta":"","header-above-stick-meta":"","header-main-stick-meta":"","header-below-stick-meta":""},"pwb-brand":[26],"product_cat":[170],"product_tag":[],"class_list":{"0":"post-73670","1":"product","2":"type-product","3":"status-publish","5":"pwb-brand-elring","6":"product_cat-venttiilinvarren-kumit","7":"desktop-align-left","8":"tablet-align-left","9":"mobile-align-left","11":"first","12":"instock","13":"product-type-external"},"brands":[{"id":26,"name":"ELRING","slug":"elring"}],"_links":{"self":[{"href":"https:\/\/www.autonvaraosahaku.fi\/index.php?rest_route=\/wp\/v2\/product\/73670","targetHints":{"allow":["GET"]}}],"collection":[{"href":"https:\/\/www.autonvaraosahaku.fi\/index.php?rest_route=\/wp\/v2\/product"}],"about":[{"href":"https:\/\/www.autonvaraosahaku.fi\/index.php?rest_route=\/wp\/v2\/types\/product"}],"wp:attachment":[{"href":"https:\/\/www.autonvaraosahaku.fi\/index.php?rest_route=%2Fwp%2Fv2%2Fmedia&parent=73670"}],"wp:term":[{"taxonomy":"pwb-brand","embeddable":true,"href":"https:\/\/www.autonvaraosahaku.fi\/index.php?rest_route=%2Fwp%2Fv2%2Fpwb-brand&post=73670"},{"taxonomy":"product_cat","embeddable":true,"href":"https:\/\/www.autonvaraosahaku.fi\/index.php?rest_route=%2Fwp%2Fv2%2Fproduct_cat&post=73670"},{"taxonomy":"product_tag","embeddable":true,"href":"https:\/\/www.autonvaraosahaku.fi\/index.php?rest_route=%2Fwp%2Fv2%2Fproduct_tag&post=73670"}],"curies":[{"name":"wp","href":"https:\/\/api.w.org\/{rel}","templated":true}]}}