{"id":73682,"date":"2021-02-21T19:29:02","date_gmt":"2021-02-21T19:29:02","guid":{"rendered":"https:\/\/www.autonvaraosahaku.fi\/?product=aks-dasis-058047n-jaahdyttimen-tuuletin"},"modified":"2021-02-21T19:29:03","modified_gmt":"2021-02-21T19:29:03","slug":"aks-dasis-058047n-jaahdyttimen-tuuletin","status":"publish","type":"product","link":"https:\/\/www.autonvaraosahaku.fi\/?product=aks-dasis-058047n-jaahdyttimen-tuuletin","title":{"rendered":"AKS DASIS 058047N J\u00e4\u00e4hdyttimen tuuletin"},"content":{"rendered":"<p>J\u00e4nnite (V): 12; Lis\u00e4tarvike\/lis\u00e4tieto: Ohjainlaitteella; Pakkauspituus [cm]: 62; Pakkausleveys [cm]: 55,5; Pakkauskorkeus [mm]: 15; Paino [g]: 4000; Uusi osa: ; Korvaava tuote\/korvaava tiedote 2: J\u00e4\u00e4hdytystuulettimen keh\u00e4ll\u00e4; L\u00e4mmityslaite \/ j\u00e4\u00e4hdytys: Tuuletin, yksinkertainen; Nimellisteho (W): 390; L\u00e4pimitta 1\/l\u00e4pimitta 2 [mm]: 420; Paino [kg]: 3,22; Valmistusvuoteen: 06\/2001; BMW: 3 E46,3 Touring E46,3 Compact E46,3 Coupe E46,3 Cabriolet E46; 1436260, 1437713, 1438577, 17111436260, 17111437713, 17111438577, 17117503761, 17117503762, 17117503763, 17117510085, 17117510086, 17117510617, 17117516813, 17117525508, 17117561757, 7503761, 7503762, 7503763, 7510085, 7510086, 7510617, 7516813, 7525508, 7561757; Tuuletin, Moottorin J\u00e4\u00e4hdytys<\/p>\n","protected":false},"excerpt":{"rendered":"<p>AKS DASIS J\u00e4\u00e4hdyttimen Tuuletin 058047N Tuuletin, Moottorin J\u00e4\u00e4hdytys BMW,3 E46,3 Touring E46,3 Compact E46,3 Coupe E46,3 Cabriolet E46<\/p>\n","protected":false},"featured_media":0,"template":"","meta":{"site-sidebar-layout":"default","site-content-layout":"default","ast-global-header-display":"","ast-main-header-display":"","ast-hfb-above-header-display":"","ast-hfb-below-header-display":"","ast-hfb-mobile-header-display":"","site-post-title":"","ast-breadcrumbs-content":"","ast-featured-img":"","footer-sml-layout":"","theme-transparent-header-meta":"","adv-header-id-meta":"","stick-header-meta":"","header-above-stick-meta":"","header-main-stick-meta":"","header-below-stick-meta":""},"pwb-brand":[461],"product_cat":[313],"product_tag":[],"class_list":{"0":"post-73682","1":"product","2":"type-product","3":"status-publish","5":"pwb-brand-aks-dasis","6":"product_cat-jaahdyttimen-tuuletin","7":"desktop-align-left","8":"tablet-align-left","9":"mobile-align-left","11":"first","12":"instock","13":"product-type-external"},"brands":[{"id":461,"name":"AKS DASIS","slug":"aks-dasis"}],"_links":{"self":[{"href":"https:\/\/www.autonvaraosahaku.fi\/index.php?rest_route=\/wp\/v2\/product\/73682","targetHints":{"allow":["GET"]}}],"collection":[{"href":"https:\/\/www.autonvaraosahaku.fi\/index.php?rest_route=\/wp\/v2\/product"}],"about":[{"href":"https:\/\/www.autonvaraosahaku.fi\/index.php?rest_route=\/wp\/v2\/types\/product"}],"wp:attachment":[{"href":"https:\/\/www.autonvaraosahaku.fi\/index.php?rest_route=%2Fwp%2Fv2%2Fmedia&parent=73682"}],"wp:term":[{"taxonomy":"pwb-brand","embeddable":true,"href":"https:\/\/www.autonvaraosahaku.fi\/index.php?rest_route=%2Fwp%2Fv2%2Fpwb-brand&post=73682"},{"taxonomy":"product_cat","embeddable":true,"href":"https:\/\/www.autonvaraosahaku.fi\/index.php?rest_route=%2Fwp%2Fv2%2Fproduct_cat&post=73682"},{"taxonomy":"product_tag","embeddable":true,"href":"https:\/\/www.autonvaraosahaku.fi\/index.php?rest_route=%2Fwp%2Fv2%2Fproduct_tag&post=73682"}],"curies":[{"name":"wp","href":"https:\/\/api.w.org\/{rel}","templated":true}]}}